{"id":6508,"date":"2026-02-17T09:53:23","date_gmt":"2026-02-17T08:53:23","guid":{"rendered":"https:\/\/denda.museodelnacionalismovasco.eus\/?post_type=product&#038;p=6508"},"modified":"2026-02-17T17:27:12","modified_gmt":"2026-02-17T16:27:12","slug":"ikurrina-de-tela-para-mastil","status":"publish","type":"product","link":"https:\/\/denda.museodelnacionalismovasco.eus\/eu\/producto\/ikurrina-de-tela-para-mastil\/","title":{"rendered":"Ikurri\u00f1a de tela para m\u00e1stil"},"content":{"rendered":"<p>Ikurri\u00f1a de tela para m\u00e1stil con dos anillas en el lateral izquierdo<\/p>\n","protected":false},"excerpt":{"rendered":"<p>Ikurri\u00f1a de tela para m\u00e1stil con dos anillas en el lateral izquierdo<\/p>\n","protected":false},"featured_media":6518,"template":"","meta":[],"product_brand":[],"product_cat":[74],"product_tag":[241,137,138,136,132,134,220,131,140,139],"class_list":{"0":"post-6508","1":"product","2":"type-product","3":"status-publish","4":"has-post-thumbnail","6":"product_cat-banderas","7":"product_tag-bandera","8":"product_tag-basquecountry","9":"product_tag-denda","10":"product_tag-euskadi","11":"product_tag-euskal-abertzaletasunaren-museoa","12":"product_tag-euzkadi","13":"product_tag-ikurrina","14":"product_tag-museo-del-nacionalismo-vasco","15":"product_tag-museum-of-basque-nationalism","16":"product_tag-tienda","18":"first","19":"onbackorder","20":"shipping-taxable","21":"product-type-grouped"},"yoast_head":"<!-- This site is optimized with the Yoast SEO plugin v24.7 - https:\/\/yoast.com\/wordpress\/plugins\/seo\/ -->\n<title>Ikurri\u00f1a de tela para m\u00e1stil - Euskal Abertzaletasunaren Museoa - Denda<\/title>\n<meta name=\"description\" content=\"Ikurri\u00f1a de tela para m\u00e1stil con dos anillas en el lateral izquierdo\" \/>\n<meta name=\"robots\" content=\"index, follow, max-snippet:-1, max-image-preview:large, max-video-preview:-1\" \/>\n<link rel=\"canonical\" href=\"https:\/\/denda.museodelnacionalismovasco.eus\/eu\/producto\/ikurrina-de-tela-para-mastil\/\" \/>\n<meta property=\"og:locale\" content=\"eu_ES\" \/>\n<meta property=\"og:type\" content=\"article\" \/>\n<meta property=\"og:title\" content=\"Ikurri\u00f1a de tela para m\u00e1stil - Euskal Abertzaletasunaren Museoa - Denda\" \/>\n<meta property=\"og:description\" content=\"Ikurri\u00f1a de tela para m\u00e1stil con dos anillas en el lateral izquierdo\" \/>\n<meta property=\"og:url\" content=\"https:\/\/denda.museodelnacionalismovasco.eus\/eu\/producto\/ikurrina-de-tela-para-mastil\/\" \/>\n<meta property=\"og:site_name\" content=\"Euskal Abertzaletasunaren Museoa - Denda\" \/>\n<meta property=\"article:modified_time\" content=\"2026-02-17T16:27:12+00:00\" \/>\n<meta property=\"og:image\" content=\"https:\/\/denda.museodelnacionalismovasco.eus\/wp-content\/uploads\/2026\/02\/web-ikurrina2.jpg\" \/>\n\t<meta property=\"og:image:width\" content=\"600\" \/>\n\t<meta property=\"og:image:height\" content=\"400\" \/>\n\t<meta property=\"og:image:type\" content=\"image\/jpeg\" \/>\n<meta name=\"twitter:card\" content=\"summary_large_image\" \/>\n<meta name=\"twitter:label1\" content=\"Est. reading time\" \/>\n\t<meta name=\"twitter:data1\" content=\"1 minute\" \/>\n<script type=\"application\/ld+json\" class=\"yoast-schema-graph\">{\"@context\":\"https:\/\/schema.org\",\"@graph\":[{\"@type\":\"WebPage\",\"@id\":\"https:\/\/denda.museodelnacionalismovasco.eus\/eu\/producto\/ikurrina-de-tela-para-mastil\/\",\"url\":\"https:\/\/denda.museodelnacionalismovasco.eus\/eu\/producto\/ikurrina-de-tela-para-mastil\/\",\"name\":\"Ikurri\u00f1a de tela para m\u00e1stil - Euskal Abertzaletasunaren Museoa - Denda\",\"isPartOf\":{\"@id\":\"https:\/\/denda.museodelnacionalismovasco.eus\/eu\/#website\"},\"primaryImageOfPage\":{\"@id\":\"https:\/\/denda.museodelnacionalismovasco.eus\/eu\/producto\/ikurrina-de-tela-para-mastil\/#primaryimage\"},\"image\":{\"@id\":\"https:\/\/denda.museodelnacionalismovasco.eus\/eu\/producto\/ikurrina-de-tela-para-mastil\/#primaryimage\"},\"thumbnailUrl\":\"https:\/\/denda.museodelnacionalismovasco.eus\/wp-content\/uploads\/2026\/02\/web-ikurrina2.jpg\",\"datePublished\":\"2026-02-17T08:53:23+00:00\",\"dateModified\":\"2026-02-17T16:27:12+00:00\",\"description\":\"Ikurri\u00f1a de tela para m\u00e1stil con dos anillas en el lateral izquierdo\",\"breadcrumb\":{\"@id\":\"https:\/\/denda.museodelnacionalismovasco.eus\/eu\/producto\/ikurrina-de-tela-para-mastil\/#breadcrumb\"},\"inLanguage\":\"eu-ES\",\"potentialAction\":[{\"@type\":\"ReadAction\",\"target\":[\"https:\/\/denda.museodelnacionalismovasco.eus\/eu\/producto\/ikurrina-de-tela-para-mastil\/\"]}]},{\"@type\":\"ImageObject\",\"inLanguage\":\"eu-ES\",\"@id\":\"https:\/\/denda.museodelnacionalismovasco.eus\/eu\/producto\/ikurrina-de-tela-para-mastil\/#primaryimage\",\"url\":\"https:\/\/denda.museodelnacionalismovasco.eus\/wp-content\/uploads\/2026\/02\/web-ikurrina2.jpg\",\"contentUrl\":\"https:\/\/denda.museodelnacionalismovasco.eus\/wp-content\/uploads\/2026\/02\/web-ikurrina2.jpg\",\"width\":600,\"height\":400,\"caption\":\"ikurri\u00f1a para mastil\"},{\"@type\":\"BreadcrumbList\",\"@id\":\"https:\/\/denda.museodelnacionalismovasco.eus\/eu\/producto\/ikurrina-de-tela-para-mastil\/#breadcrumb\",\"itemListElement\":[{\"@type\":\"ListItem\",\"position\":1,\"name\":\"Hasiera\",\"item\":\"https:\/\/denda.museodelnacionalismovasco.eus\/eu\/handmade-home\/\"},{\"@type\":\"ListItem\",\"position\":2,\"name\":\"Denda\",\"item\":\"https:\/\/denda.museodelnacionalismovasco.eus\/eu\/denda\/\"},{\"@type\":\"ListItem\",\"position\":3,\"name\":\"Ikurri\u00f1a de tela para m\u00e1stil\"}]},{\"@type\":\"WebSite\",\"@id\":\"https:\/\/denda.museodelnacionalismovasco.eus\/eu\/#website\",\"url\":\"https:\/\/denda.museodelnacionalismovasco.eus\/eu\/\",\"name\":\"Euskal Abertzaletasunaren Museoa - Denda\",\"description\":\"\",\"potentialAction\":[{\"@type\":\"SearchAction\",\"target\":{\"@type\":\"EntryPoint\",\"urlTemplate\":\"https:\/\/denda.museodelnacionalismovasco.eus\/eu\/?s={search_term_string}\"},\"query-input\":{\"@type\":\"PropertyValueSpecification\",\"valueRequired\":true,\"valueName\":\"search_term_string\"}}],\"inLanguage\":\"eu-ES\"}]}<\/script>\n<!-- \/ Yoast SEO plugin. -->","yoast_head_json":{"title":"Ikurri\u00f1a de tela para m\u00e1stil - Euskal Abertzaletasunaren Museoa - Denda","description":"Ikurri\u00f1a de tela para m\u00e1stil con dos anillas en el lateral izquierdo","robots":{"index":"index","follow":"follow","max-snippet":"max-snippet:-1","max-image-preview":"max-image-preview:large","max-video-preview":"max-video-preview:-1"},"canonical":"https:\/\/denda.museodelnacionalismovasco.eus\/eu\/producto\/ikurrina-de-tela-para-mastil\/","og_locale":"eu_ES","og_type":"article","og_title":"Ikurri\u00f1a de tela para m\u00e1stil - Euskal Abertzaletasunaren Museoa - Denda","og_description":"Ikurri\u00f1a de tela para m\u00e1stil con dos anillas en el lateral izquierdo","og_url":"https:\/\/denda.museodelnacionalismovasco.eus\/eu\/producto\/ikurrina-de-tela-para-mastil\/","og_site_name":"Euskal Abertzaletasunaren Museoa - Denda","article_modified_time":"2026-02-17T16:27:12+00:00","og_image":[{"width":600,"height":400,"url":"https:\/\/denda.museodelnacionalismovasco.eus\/wp-content\/uploads\/2026\/02\/web-ikurrina2.jpg","type":"image\/jpeg"}],"twitter_card":"summary_large_image","twitter_misc":{"Est. reading time":"1 minute"},"schema":{"@context":"https:\/\/schema.org","@graph":[{"@type":"WebPage","@id":"https:\/\/denda.museodelnacionalismovasco.eus\/eu\/producto\/ikurrina-de-tela-para-mastil\/","url":"https:\/\/denda.museodelnacionalismovasco.eus\/eu\/producto\/ikurrina-de-tela-para-mastil\/","name":"Ikurri\u00f1a de tela para m\u00e1stil - Euskal Abertzaletasunaren Museoa - Denda","isPartOf":{"@id":"https:\/\/denda.museodelnacionalismovasco.eus\/eu\/#website"},"primaryImageOfPage":{"@id":"https:\/\/denda.museodelnacionalismovasco.eus\/eu\/producto\/ikurrina-de-tela-para-mastil\/#primaryimage"},"image":{"@id":"https:\/\/denda.museodelnacionalismovasco.eus\/eu\/producto\/ikurrina-de-tela-para-mastil\/#primaryimage"},"thumbnailUrl":"https:\/\/denda.museodelnacionalismovasco.eus\/wp-content\/uploads\/2026\/02\/web-ikurrina2.jpg","datePublished":"2026-02-17T08:53:23+00:00","dateModified":"2026-02-17T16:27:12+00:00","description":"Ikurri\u00f1a de tela para m\u00e1stil con dos anillas en el lateral izquierdo","breadcrumb":{"@id":"https:\/\/denda.museodelnacionalismovasco.eus\/eu\/producto\/ikurrina-de-tela-para-mastil\/#breadcrumb"},"inLanguage":"eu-ES","potentialAction":[{"@type":"ReadAction","target":["https:\/\/denda.museodelnacionalismovasco.eus\/eu\/producto\/ikurrina-de-tela-para-mastil\/"]}]},{"@type":"ImageObject","inLanguage":"eu-ES","@id":"https:\/\/denda.museodelnacionalismovasco.eus\/eu\/producto\/ikurrina-de-tela-para-mastil\/#primaryimage","url":"https:\/\/denda.museodelnacionalismovasco.eus\/wp-content\/uploads\/2026\/02\/web-ikurrina2.jpg","contentUrl":"https:\/\/denda.museodelnacionalismovasco.eus\/wp-content\/uploads\/2026\/02\/web-ikurrina2.jpg","width":600,"height":400,"caption":"ikurri\u00f1a para mastil"},{"@type":"BreadcrumbList","@id":"https:\/\/denda.museodelnacionalismovasco.eus\/eu\/producto\/ikurrina-de-tela-para-mastil\/#breadcrumb","itemListElement":[{"@type":"ListItem","position":1,"name":"Hasiera","item":"https:\/\/denda.museodelnacionalismovasco.eus\/eu\/handmade-home\/"},{"@type":"ListItem","position":2,"name":"Denda","item":"https:\/\/denda.museodelnacionalismovasco.eus\/eu\/denda\/"},{"@type":"ListItem","position":3,"name":"Ikurri\u00f1a de tela para m\u00e1stil"}]},{"@type":"WebSite","@id":"https:\/\/denda.museodelnacionalismovasco.eus\/eu\/#website","url":"https:\/\/denda.museodelnacionalismovasco.eus\/eu\/","name":"Euskal Abertzaletasunaren Museoa - Denda","description":"","potentialAction":[{"@type":"SearchAction","target":{"@type":"EntryPoint","urlTemplate":"https:\/\/denda.museodelnacionalismovasco.eus\/eu\/?s={search_term_string}"},"query-input":{"@type":"PropertyValueSpecification","valueRequired":true,"valueName":"search_term_string"}}],"inLanguage":"eu-ES"}]}},"_links":{"self":[{"href":"https:\/\/denda.museodelnacionalismovasco.eus\/eu\/wp-json\/wp\/v2\/product\/6508","targetHints":{"allow":["GET"]}}],"collection":[{"href":"https:\/\/denda.museodelnacionalismovasco.eus\/eu\/wp-json\/wp\/v2\/product"}],"about":[{"href":"https:\/\/denda.museodelnacionalismovasco.eus\/eu\/wp-json\/wp\/v2\/types\/product"}],"wp:featuredmedia":[{"embeddable":true,"href":"https:\/\/denda.museodelnacionalismovasco.eus\/eu\/wp-json\/wp\/v2\/media\/6518"}],"wp:attachment":[{"href":"https:\/\/denda.museodelnacionalismovasco.eus\/eu\/wp-json\/wp\/v2\/media?parent=6508"}],"wp:term":[{"taxonomy":"product_brand","embeddable":true,"href":"https:\/\/denda.museodelnacionalismovasco.eus\/eu\/wp-json\/wp\/v2\/product_brand?post=6508"},{"taxonomy":"product_cat","embeddable":true,"href":"https:\/\/denda.museodelnacionalismovasco.eus\/eu\/wp-json\/wp\/v2\/product_cat?post=6508"},{"taxonomy":"product_tag","embeddable":true,"href":"https:\/\/denda.museodelnacionalismovasco.eus\/eu\/wp-json\/wp\/v2\/product_tag?post=6508"}],"curies":[{"name":"wp","href":"https:\/\/api.w.org\/{rel}","templated":true}]}}