{"id":5078,"date":"2023-07-26T12:29:14","date_gmt":"2023-07-26T11:29:14","guid":{"rendered":"https:\/\/denda.museodelnacionalismovasco.eus\/?post_type=product&#038;p=5078"},"modified":"2024-04-04T12:13:09","modified_gmt":"2024-04-04T11:13:09","slug":"revista-hermes-75","status":"publish","type":"product","link":"https:\/\/denda.museodelnacionalismovasco.eus\/eu\/producto\/revista-hermes-75\/","title":{"rendered":"Revista Hermes 75"},"content":{"rendered":"<p><strong>En noviembre se cumplen 120 a\u00f1os del fallecimiento del fundador de EAJ-PNV, Sabino de Arana y Goiri. Hermes ha aprovechado para reflexionar junto al presidente del EBB de EAJ-PNV, Andoni Ortuzar, sobre los or\u00edgenes del nacionalismo vasco y hacia d\u00f3nde encamina, hoy d\u00eda, sus pasos el Partido.<\/strong><\/p>\n<p>\u201cEuzkotarren aberria Euzkadi da\u201d (Euzkadi es la patria de los vascos): un pueblo, una naci\u00f3n, un idioma, un territorio, una cultura, una identidad&#8230; \u201dLa ikurri\u00f1a, el himno, el euskera como idioma vehicular de prestigio, la institucionalizaci\u00f3n del pa\u00eds, etc. es la parte que el PNV mantiene del legado de Sabino Arana\u201d, afirma el presidente del EBB de EAJ-PNV, Andoni Ortuzar, en la entrevista que ha concedido a la revista de pensamiento e historia Hermes con motivo de la conmemoraci\u00f3n del 120 aniversario del fallecimiento del fundador del nacionalismo vasco.<\/p>\n<p>De la mano del periodista Xabier Lapitz, Andoni Ortuzar realiza, en este n\u00famero especial (n\u00ba 75), un recorrido a la historia del PNV, desde sus or\u00edgenes hasta sus planteamientos actuales.<\/p>\n<p>Comienza Ortuzar explicando la capacidad de adaptaci\u00f3n a la sociedad cambiante \u00a0que el Partido Nacionalista Vasco ha tenido en las \u00faltimas d\u00e9cadas, en dos \u00e1mbitos, fundamentalmente: \u201cHace 40 a\u00f1os la vinculaci\u00f3n de religi\u00f3n m\u00e1s usos y costumbres hac\u00edan del PNV un partido de derechas o de orden; en cambio hoy, el PNV es un partido aconfesional y laico y un partido que desde las instituciones impulsa las pol\u00edticas m\u00e1s progresistas del Estado\u201d.<\/p>\n<p>El presidente del EBB destaca, asimismo, que el nivel de autogobierno conseguido \u201cnos puede hacer morir de \u00e9xito\u201d.<\/p>\n<p>\u201cCreo que el elevado nivel de autogobierno nos est\u00e1 llevando a una sociedad menos reivindicativa en lo nacional y m\u00e1s reivindicativa en los personal\u201d, afirma. En este sentido subraya Ortuzar que \u201ceso hace que al PNV m\u00e1s que como un partido de reivindicaci\u00f3n y de consecuci\u00f3n de mayores metas nacionales, se le vea como un administrador de lo conseguido&#8230; a su pesar\u201d.<\/p>\n<p>E insiste en que pese a que todav\u00eda queda camino por recorrer en cuanto a construcci\u00f3n nacional, liberaci\u00f3n social, etc. \u201ca nosotros la gente nos ve m\u00e1s como el administrador de ese autogobierno que como el posibilitador de mayores saltos\u201d.<\/p>\n<p>Cree el presidente del Euzkadi Buru Batzar de EAJ-PNV que la sociedad actual es completamente diferente a la de finales de los a\u00f1os 70-80. \u201cHoy tenemos una sociedad ni mejor ni peor: distinta. Una sociedad m\u00e1s individualista, menos colectivista, donde priman m\u00e1s los derechos individuales que los colectivos. Se examina a la pol\u00edtica y a los partidos m\u00e1s por c\u00f3mo se portan conmigo que c\u00f3mo se portan con nosotros\u201d, asegura.<\/p>\n<p>Y en este escenario aclara que \u201cnosotros somos un poco la \u2018rara avis\u2019 de la pol\u00edtica: seguimos siendo un Partido de ritos, un Partido de colectividad, un Partido en el que las siglas siempre son m\u00e1s importante que las personas por muy importante que sean las personas\u201d.<\/p>\n<p>En este sentido asegura que el mayor aprendizaje lo extrajo de la escisi\u00f3n: \u201cAprendimos que por muy importante que sea una persona, por mucho magnetismo que tenga, por muchos atributos que tenga, nunca puede suplantar a la colectividad y al Partido\u201d.<\/p>\n<p>Respecto a los resultados de las \u00faltimas elecciones asegura haber \u201ctomado nota\u201d y ser consciente de que \u00a0\u201ctenemos que cambiar algunas cosas\u201d. \u201cTal vez no hayamos sido emp\u00e1ticos con colectivos a los que hemos ayudado pero no nos han sentido cerca. Con esa gente tenemos que recuperar la ligaz\u00f3n, y no solo por inter\u00e9s pol\u00edtico y de voto, sino tambi\u00e9n porque es una parte medular de nuestra sociedad\u201d, afirma.<\/p>\n<p>Este n\u00famero especial de Hermes editado con motivo del 120 aniversario del fallecimiento Sabino de Arana y Goiri incluye art\u00edculos de expertos en la vida, obra y contexto hist\u00f3rico del primer l\u00edder del nacionalismo vasco entre los que se encuentran Jean-Claude Larronde, abogado em\u00e9rito del Colegio de Baiona; Joseba Agirreazkuenaga, catedr\u00e1tico de Historia Contempoor\u00e1nea de la UPV-EHU; el jurista Jos\u00e9 Ignacio Salazar Arechalde; \u00d3scar \u00c1lvarez Gila, profesor titular de Historia de Am\u00e9rica en la UPV-EHU; y Gotzon Lobera Revilla, acad\u00e9mico correspondiente de Euskaltzaindia, licenciado en Derecho y traductor jurado.<\/p>\n","protected":false},"excerpt":{"rendered":"<p>Sabino de Arana y Goiri<\/p>\n","protected":false},"featured_media":5080,"template":"","meta":[],"product_brand":[],"product_cat":[96],"product_tag":[137,138,136,132,134,122,131,140,139],"class_list":{"0":"post-5078","1":"product","2":"type-product","3":"status-publish","4":"has-post-thumbnail","6":"product_cat-publicaciones","7":"product_tag-basquecountry","8":"product_tag-denda","9":"product_tag-euskadi","10":"product_tag-euskal-abertzaletasunaren-museoa","11":"product_tag-euzkadi","12":"product_tag-hermes","13":"product_tag-museo-del-nacionalismo-vasco","14":"product_tag-museum-of-basque-nationalism","15":"product_tag-tienda","17":"first","18":"instock","19":"shipping-taxable","20":"purchasable","21":"product-type-simple"},"yoast_head":"<!-- This site is optimized with the Yoast SEO plugin v24.7 - https:\/\/yoast.com\/wordpress\/plugins\/seo\/ -->\n<title>Revista Hermes 75 - Euskal Abertzaletasunaren Museoa - Denda<\/title>\n<meta name=\"description\" content=\"Hermes, revista de pensamiento y opini\u00f3n, numero 75\" \/>\n<meta name=\"robots\" content=\"index, follow, max-snippet:-1, max-image-preview:large, max-video-preview:-1\" \/>\n<link rel=\"canonical\" href=\"https:\/\/denda.museodelnacionalismovasco.eus\/eu\/producto\/revista-hermes-75\/\" \/>\n<meta property=\"og:locale\" content=\"eu_ES\" \/>\n<meta property=\"og:type\" content=\"article\" \/>\n<meta property=\"og:title\" content=\"Revista Hermes 75 - Euskal Abertzaletasunaren Museoa - Denda\" \/>\n<meta property=\"og:description\" content=\"Hermes, revista de pensamiento y opini\u00f3n, numero 75\" \/>\n<meta property=\"og:url\" content=\"https:\/\/denda.museodelnacionalismovasco.eus\/eu\/producto\/revista-hermes-75\/\" \/>\n<meta property=\"og:site_name\" content=\"Euskal Abertzaletasunaren Museoa - Denda\" \/>\n<meta property=\"article:modified_time\" content=\"2024-04-04T11:13:09+00:00\" \/>\n<meta property=\"og:image\" content=\"https:\/\/denda.museodelnacionalismovasco.eus\/wp-content\/uploads\/2023\/07\/H75-PORTADA.jpg\" \/>\n\t<meta property=\"og:image:width\" content=\"595\" \/>\n\t<meta property=\"og:image:height\" content=\"842\" \/>\n\t<meta property=\"og:image:type\" content=\"image\/jpeg\" \/>\n<meta name=\"twitter:card\" content=\"summary_large_image\" \/>\n<meta name=\"twitter:label1\" content=\"Est. reading time\" \/>\n\t<meta name=\"twitter:data1\" content=\"2 minutes\" \/>\n<script type=\"application\/ld+json\" class=\"yoast-schema-graph\">{\"@context\":\"https:\/\/schema.org\",\"@graph\":[{\"@type\":\"WebPage\",\"@id\":\"https:\/\/denda.museodelnacionalismovasco.eus\/eu\/producto\/revista-hermes-75\/\",\"url\":\"https:\/\/denda.museodelnacionalismovasco.eus\/eu\/producto\/revista-hermes-75\/\",\"name\":\"Revista Hermes 75 - Euskal Abertzaletasunaren Museoa - Denda\",\"isPartOf\":{\"@id\":\"https:\/\/denda.museodelnacionalismovasco.eus\/eu\/#website\"},\"primaryImageOfPage\":{\"@id\":\"https:\/\/denda.museodelnacionalismovasco.eus\/eu\/producto\/revista-hermes-75\/#primaryimage\"},\"image\":{\"@id\":\"https:\/\/denda.museodelnacionalismovasco.eus\/eu\/producto\/revista-hermes-75\/#primaryimage\"},\"thumbnailUrl\":\"https:\/\/denda.museodelnacionalismovasco.eus\/wp-content\/uploads\/2023\/07\/H75-PORTADA.jpg\",\"datePublished\":\"2023-07-26T11:29:14+00:00\",\"dateModified\":\"2024-04-04T11:13:09+00:00\",\"description\":\"Hermes, revista de pensamiento y opini\u00f3n, numero 75\",\"breadcrumb\":{\"@id\":\"https:\/\/denda.museodelnacionalismovasco.eus\/eu\/producto\/revista-hermes-75\/#breadcrumb\"},\"inLanguage\":\"eu-ES\",\"potentialAction\":[{\"@type\":\"ReadAction\",\"target\":[\"https:\/\/denda.museodelnacionalismovasco.eus\/eu\/producto\/revista-hermes-75\/\"]}]},{\"@type\":\"ImageObject\",\"inLanguage\":\"eu-ES\",\"@id\":\"https:\/\/denda.museodelnacionalismovasco.eus\/eu\/producto\/revista-hermes-75\/#primaryimage\",\"url\":\"https:\/\/denda.museodelnacionalismovasco.eus\/wp-content\/uploads\/2023\/07\/H75-PORTADA.jpg\",\"contentUrl\":\"https:\/\/denda.museodelnacionalismovasco.eus\/wp-content\/uploads\/2023\/07\/H75-PORTADA.jpg\",\"width\":595,\"height\":842},{\"@type\":\"BreadcrumbList\",\"@id\":\"https:\/\/denda.museodelnacionalismovasco.eus\/eu\/producto\/revista-hermes-75\/#breadcrumb\",\"itemListElement\":[{\"@type\":\"ListItem\",\"position\":1,\"name\":\"Hasiera\",\"item\":\"https:\/\/denda.museodelnacionalismovasco.eus\/eu\/handmade-home\/\"},{\"@type\":\"ListItem\",\"position\":2,\"name\":\"Denda\",\"item\":\"https:\/\/denda.museodelnacionalismovasco.eus\/eu\/denda\/\"},{\"@type\":\"ListItem\",\"position\":3,\"name\":\"Revista Hermes 75\"}]},{\"@type\":\"WebSite\",\"@id\":\"https:\/\/denda.museodelnacionalismovasco.eus\/eu\/#website\",\"url\":\"https:\/\/denda.museodelnacionalismovasco.eus\/eu\/\",\"name\":\"Euskal Abertzaletasunaren Museoa - Denda\",\"description\":\"\",\"potentialAction\":[{\"@type\":\"SearchAction\",\"target\":{\"@type\":\"EntryPoint\",\"urlTemplate\":\"https:\/\/denda.museodelnacionalismovasco.eus\/eu\/?s={search_term_string}\"},\"query-input\":{\"@type\":\"PropertyValueSpecification\",\"valueRequired\":true,\"valueName\":\"search_term_string\"}}],\"inLanguage\":\"eu-ES\"}]}<\/script>\n<!-- \/ Yoast SEO plugin. -->","yoast_head_json":{"title":"Revista Hermes 75 - Euskal Abertzaletasunaren Museoa - Denda","description":"Hermes, revista de pensamiento y opini\u00f3n, numero 75","robots":{"index":"index","follow":"follow","max-snippet":"max-snippet:-1","max-image-preview":"max-image-preview:large","max-video-preview":"max-video-preview:-1"},"canonical":"https:\/\/denda.museodelnacionalismovasco.eus\/eu\/producto\/revista-hermes-75\/","og_locale":"eu_ES","og_type":"article","og_title":"Revista Hermes 75 - Euskal Abertzaletasunaren Museoa - Denda","og_description":"Hermes, revista de pensamiento y opini\u00f3n, numero 75","og_url":"https:\/\/denda.museodelnacionalismovasco.eus\/eu\/producto\/revista-hermes-75\/","og_site_name":"Euskal Abertzaletasunaren Museoa - Denda","article_modified_time":"2024-04-04T11:13:09+00:00","og_image":[{"width":595,"height":842,"url":"https:\/\/denda.museodelnacionalismovasco.eus\/wp-content\/uploads\/2023\/07\/H75-PORTADA.jpg","type":"image\/jpeg"}],"twitter_card":"summary_large_image","twitter_misc":{"Est. reading time":"2 minutes"},"schema":{"@context":"https:\/\/schema.org","@graph":[{"@type":"WebPage","@id":"https:\/\/denda.museodelnacionalismovasco.eus\/eu\/producto\/revista-hermes-75\/","url":"https:\/\/denda.museodelnacionalismovasco.eus\/eu\/producto\/revista-hermes-75\/","name":"Revista Hermes 75 - Euskal Abertzaletasunaren Museoa - Denda","isPartOf":{"@id":"https:\/\/denda.museodelnacionalismovasco.eus\/eu\/#website"},"primaryImageOfPage":{"@id":"https:\/\/denda.museodelnacionalismovasco.eus\/eu\/producto\/revista-hermes-75\/#primaryimage"},"image":{"@id":"https:\/\/denda.museodelnacionalismovasco.eus\/eu\/producto\/revista-hermes-75\/#primaryimage"},"thumbnailUrl":"https:\/\/denda.museodelnacionalismovasco.eus\/wp-content\/uploads\/2023\/07\/H75-PORTADA.jpg","datePublished":"2023-07-26T11:29:14+00:00","dateModified":"2024-04-04T11:13:09+00:00","description":"Hermes, revista de pensamiento y opini\u00f3n, numero 75","breadcrumb":{"@id":"https:\/\/denda.museodelnacionalismovasco.eus\/eu\/producto\/revista-hermes-75\/#breadcrumb"},"inLanguage":"eu-ES","potentialAction":[{"@type":"ReadAction","target":["https:\/\/denda.museodelnacionalismovasco.eus\/eu\/producto\/revista-hermes-75\/"]}]},{"@type":"ImageObject","inLanguage":"eu-ES","@id":"https:\/\/denda.museodelnacionalismovasco.eus\/eu\/producto\/revista-hermes-75\/#primaryimage","url":"https:\/\/denda.museodelnacionalismovasco.eus\/wp-content\/uploads\/2023\/07\/H75-PORTADA.jpg","contentUrl":"https:\/\/denda.museodelnacionalismovasco.eus\/wp-content\/uploads\/2023\/07\/H75-PORTADA.jpg","width":595,"height":842},{"@type":"BreadcrumbList","@id":"https:\/\/denda.museodelnacionalismovasco.eus\/eu\/producto\/revista-hermes-75\/#breadcrumb","itemListElement":[{"@type":"ListItem","position":1,"name":"Hasiera","item":"https:\/\/denda.museodelnacionalismovasco.eus\/eu\/handmade-home\/"},{"@type":"ListItem","position":2,"name":"Denda","item":"https:\/\/denda.museodelnacionalismovasco.eus\/eu\/denda\/"},{"@type":"ListItem","position":3,"name":"Revista Hermes 75"}]},{"@type":"WebSite","@id":"https:\/\/denda.museodelnacionalismovasco.eus\/eu\/#website","url":"https:\/\/denda.museodelnacionalismovasco.eus\/eu\/","name":"Euskal Abertzaletasunaren Museoa - Denda","description":"","potentialAction":[{"@type":"SearchAction","target":{"@type":"EntryPoint","urlTemplate":"https:\/\/denda.museodelnacionalismovasco.eus\/eu\/?s={search_term_string}"},"query-input":{"@type":"PropertyValueSpecification","valueRequired":true,"valueName":"search_term_string"}}],"inLanguage":"eu-ES"}]}},"_links":{"self":[{"href":"https:\/\/denda.museodelnacionalismovasco.eus\/eu\/wp-json\/wp\/v2\/product\/5078","targetHints":{"allow":["GET"]}}],"collection":[{"href":"https:\/\/denda.museodelnacionalismovasco.eus\/eu\/wp-json\/wp\/v2\/product"}],"about":[{"href":"https:\/\/denda.museodelnacionalismovasco.eus\/eu\/wp-json\/wp\/v2\/types\/product"}],"wp:featuredmedia":[{"embeddable":true,"href":"https:\/\/denda.museodelnacionalismovasco.eus\/eu\/wp-json\/wp\/v2\/media\/5080"}],"wp:attachment":[{"href":"https:\/\/denda.museodelnacionalismovasco.eus\/eu\/wp-json\/wp\/v2\/media?parent=5078"}],"wp:term":[{"taxonomy":"product_brand","embeddable":true,"href":"https:\/\/denda.museodelnacionalismovasco.eus\/eu\/wp-json\/wp\/v2\/product_brand?post=5078"},{"taxonomy":"product_cat","embeddable":true,"href":"https:\/\/denda.museodelnacionalismovasco.eus\/eu\/wp-json\/wp\/v2\/product_cat?post=5078"},{"taxonomy":"product_tag","embeddable":true,"href":"https:\/\/denda.museodelnacionalismovasco.eus\/eu\/wp-json\/wp\/v2\/product_tag?post=5078"}],"curies":[{"name":"wp","href":"https:\/\/api.w.org\/{rel}","templated":true}]}}