{"id":6502,"date":"2026-02-16T17:37:28","date_gmt":"2026-02-16T16:37:28","guid":{"rendered":"https:\/\/denda.museodelnacionalismovasco.eus\/?post_type=product&#038;p=6502"},"modified":"2026-02-17T10:33:54","modified_gmt":"2026-02-17T09:33:54","slug":"70-x-100-ikurrina-tela-para-mastil","status":"publish","type":"product","link":"https:\/\/denda.museodelnacionalismovasco.eus\/es\/producto\/70-x-100-ikurrina-tela-para-mastil\/","title":{"rendered":"70&#215;100 Ikurri\u00f1a tela para m\u00e1stil"},"content":{"rendered":"<p>Ikurri\u00f1a de tela para m\u00e1stil con dos anillas en el lateral izquierdo<\/p>\n<p>Medidas: 70cm x 100cm<\/p>\n","protected":false},"excerpt":{"rendered":"<p>Ikurri\u00f1a de tela para m\u00e1stil con dos anillas en el lateral izquierdo<\/p>\n<p>Medidas: 70cm x 100cm<\/p>\n","protected":false},"featured_media":6500,"template":"","meta":[],"product_brand":[],"product_cat":[74],"product_tag":[241,137,138,136,132,134,220,131,140,139],"class_list":{"0":"post-6502","1":"product","2":"type-product","3":"status-publish","4":"has-post-thumbnail","6":"product_cat-banderas","7":"product_tag-bandera","8":"product_tag-basquecountry","9":"product_tag-denda","10":"product_tag-euskadi","11":"product_tag-euskal-abertzaletasunaren-museoa","12":"product_tag-euzkadi","13":"product_tag-ikurrina","14":"product_tag-museo-del-nacionalismo-vasco","15":"product_tag-museum-of-basque-nationalism","16":"product_tag-tienda","18":"first","19":"onbackorder","20":"shipping-taxable","21":"purchasable","22":"product-type-simple"},"yoast_head":"<!-- This site is optimized with the Yoast SEO plugin v24.7 - https:\/\/yoast.com\/wordpress\/plugins\/seo\/ -->\n<title>70x100 Ikurri\u00f1a tela para m\u00e1stil - Museo del Nacionalismo Vasco - Tienda<\/title>\n<meta name=\"description\" content=\"Ikurri\u00f1a de tela para m\u00e1stil con dos anillas en el lateral izquierdo - Medidas: 70cm x 100cm\" \/>\n<meta name=\"robots\" content=\"index, follow, max-snippet:-1, max-image-preview:large, max-video-preview:-1\" \/>\n<link rel=\"canonical\" href=\"https:\/\/denda.museodelnacionalismovasco.eus\/es\/producto\/70-x-100-ikurrina-tela-para-mastil\/\" \/>\n<meta property=\"og:locale\" content=\"es_ES\" \/>\n<meta property=\"og:type\" content=\"article\" \/>\n<meta property=\"og:title\" content=\"70x100 Ikurri\u00f1a tela para m\u00e1stil - Museo del Nacionalismo Vasco - Tienda\" \/>\n<meta property=\"og:description\" content=\"Ikurri\u00f1a de tela para m\u00e1stil con dos anillas en el lateral izquierdo - Medidas: 70cm x 100cm\" \/>\n<meta property=\"og:url\" content=\"https:\/\/denda.museodelnacionalismovasco.eus\/es\/producto\/70-x-100-ikurrina-tela-para-mastil\/\" \/>\n<meta property=\"og:site_name\" content=\"Museo del Nacionalismo Vasco - Tienda\" \/>\n<meta property=\"article:modified_time\" content=\"2026-02-17T09:33:54+00:00\" \/>\n<meta property=\"og:image\" content=\"https:\/\/denda.museodelnacionalismovasco.eus\/wp-content\/uploads\/2026\/02\/ikurrina-1.jpg\" \/>\n\t<meta property=\"og:image:width\" content=\"600\" \/>\n\t<meta property=\"og:image:height\" content=\"600\" \/>\n\t<meta property=\"og:image:type\" content=\"image\/jpeg\" \/>\n<meta name=\"twitter:card\" content=\"summary_large_image\" \/>\n<meta name=\"twitter:label1\" content=\"Tiempo de lectura\" \/>\n\t<meta name=\"twitter:data1\" content=\"1 minuto\" \/>\n<script type=\"application\/ld+json\" class=\"yoast-schema-graph\">{\"@context\":\"https:\/\/schema.org\",\"@graph\":[{\"@type\":\"WebPage\",\"@id\":\"https:\/\/denda.museodelnacionalismovasco.eus\/es\/producto\/70-x-100-ikurrina-tela-para-mastil\/\",\"url\":\"https:\/\/denda.museodelnacionalismovasco.eus\/es\/producto\/70-x-100-ikurrina-tela-para-mastil\/\",\"name\":\"70x100 Ikurri\u00f1a tela para m\u00e1stil - Museo del Nacionalismo Vasco - Tienda\",\"isPartOf\":{\"@id\":\"https:\/\/denda.museodelnacionalismovasco.eus\/es\/#website\"},\"primaryImageOfPage\":{\"@id\":\"https:\/\/denda.museodelnacionalismovasco.eus\/es\/producto\/70-x-100-ikurrina-tela-para-mastil\/#primaryimage\"},\"image\":{\"@id\":\"https:\/\/denda.museodelnacionalismovasco.eus\/es\/producto\/70-x-100-ikurrina-tela-para-mastil\/#primaryimage\"},\"thumbnailUrl\":\"https:\/\/denda.museodelnacionalismovasco.eus\/wp-content\/uploads\/2026\/02\/ikurrina-1.jpg\",\"datePublished\":\"2026-02-16T16:37:28+00:00\",\"dateModified\":\"2026-02-17T09:33:54+00:00\",\"description\":\"Ikurri\u00f1a de tela para m\u00e1stil con dos anillas en el lateral izquierdo - Medidas: 70cm x 100cm\",\"breadcrumb\":{\"@id\":\"https:\/\/denda.museodelnacionalismovasco.eus\/es\/producto\/70-x-100-ikurrina-tela-para-mastil\/#breadcrumb\"},\"inLanguage\":\"es\",\"potentialAction\":[{\"@type\":\"ReadAction\",\"target\":[\"https:\/\/denda.museodelnacionalismovasco.eus\/es\/producto\/70-x-100-ikurrina-tela-para-mastil\/\"]}]},{\"@type\":\"ImageObject\",\"inLanguage\":\"es\",\"@id\":\"https:\/\/denda.museodelnacionalismovasco.eus\/es\/producto\/70-x-100-ikurrina-tela-para-mastil\/#primaryimage\",\"url\":\"https:\/\/denda.museodelnacionalismovasco.eus\/wp-content\/uploads\/2026\/02\/ikurrina-1.jpg\",\"contentUrl\":\"https:\/\/denda.museodelnacionalismovasco.eus\/wp-content\/uploads\/2026\/02\/ikurrina-1.jpg\",\"width\":600,\"height\":600,\"caption\":\"ikuri\u00f1a para mastil\"},{\"@type\":\"BreadcrumbList\",\"@id\":\"https:\/\/denda.museodelnacionalismovasco.eus\/es\/producto\/70-x-100-ikurrina-tela-para-mastil\/#breadcrumb\",\"itemListElement\":[{\"@type\":\"ListItem\",\"position\":1,\"name\":\"Portada\",\"item\":\"https:\/\/denda.museodelnacionalismovasco.eus\/es\/\"},{\"@type\":\"ListItem\",\"position\":2,\"name\":\"Shop\",\"item\":\"https:\/\/denda.museodelnacionalismovasco.eus\/es\/shop\/\"},{\"@type\":\"ListItem\",\"position\":3,\"name\":\"70&#215;100 Ikurri\u00f1a tela para m\u00e1stil\"}]},{\"@type\":\"WebSite\",\"@id\":\"https:\/\/denda.museodelnacionalismovasco.eus\/es\/#website\",\"url\":\"https:\/\/denda.museodelnacionalismovasco.eus\/es\/\",\"name\":\"Museo del Nacionalismo Vasco - Tienda\",\"description\":\"\",\"potentialAction\":[{\"@type\":\"SearchAction\",\"target\":{\"@type\":\"EntryPoint\",\"urlTemplate\":\"https:\/\/denda.museodelnacionalismovasco.eus\/es\/?s={search_term_string}\"},\"query-input\":{\"@type\":\"PropertyValueSpecification\",\"valueRequired\":true,\"valueName\":\"search_term_string\"}}],\"inLanguage\":\"es\"}]}<\/script>\n<!-- \/ Yoast SEO plugin. -->","yoast_head_json":{"title":"70x100 Ikurri\u00f1a tela para m\u00e1stil - Museo del Nacionalismo Vasco - Tienda","description":"Ikurri\u00f1a de tela para m\u00e1stil con dos anillas en el lateral izquierdo - Medidas: 70cm x 100cm","robots":{"index":"index","follow":"follow","max-snippet":"max-snippet:-1","max-image-preview":"max-image-preview:large","max-video-preview":"max-video-preview:-1"},"canonical":"https:\/\/denda.museodelnacionalismovasco.eus\/es\/producto\/70-x-100-ikurrina-tela-para-mastil\/","og_locale":"es_ES","og_type":"article","og_title":"70x100 Ikurri\u00f1a tela para m\u00e1stil - Museo del Nacionalismo Vasco - Tienda","og_description":"Ikurri\u00f1a de tela para m\u00e1stil con dos anillas en el lateral izquierdo - Medidas: 70cm x 100cm","og_url":"https:\/\/denda.museodelnacionalismovasco.eus\/es\/producto\/70-x-100-ikurrina-tela-para-mastil\/","og_site_name":"Museo del Nacionalismo Vasco - Tienda","article_modified_time":"2026-02-17T09:33:54+00:00","og_image":[{"width":600,"height":600,"url":"https:\/\/denda.museodelnacionalismovasco.eus\/wp-content\/uploads\/2026\/02\/ikurrina-1.jpg","type":"image\/jpeg"}],"twitter_card":"summary_large_image","twitter_misc":{"Tiempo de lectura":"1 minuto"},"schema":{"@context":"https:\/\/schema.org","@graph":[{"@type":"WebPage","@id":"https:\/\/denda.museodelnacionalismovasco.eus\/es\/producto\/70-x-100-ikurrina-tela-para-mastil\/","url":"https:\/\/denda.museodelnacionalismovasco.eus\/es\/producto\/70-x-100-ikurrina-tela-para-mastil\/","name":"70x100 Ikurri\u00f1a tela para m\u00e1stil - Museo del Nacionalismo Vasco - Tienda","isPartOf":{"@id":"https:\/\/denda.museodelnacionalismovasco.eus\/es\/#website"},"primaryImageOfPage":{"@id":"https:\/\/denda.museodelnacionalismovasco.eus\/es\/producto\/70-x-100-ikurrina-tela-para-mastil\/#primaryimage"},"image":{"@id":"https:\/\/denda.museodelnacionalismovasco.eus\/es\/producto\/70-x-100-ikurrina-tela-para-mastil\/#primaryimage"},"thumbnailUrl":"https:\/\/denda.museodelnacionalismovasco.eus\/wp-content\/uploads\/2026\/02\/ikurrina-1.jpg","datePublished":"2026-02-16T16:37:28+00:00","dateModified":"2026-02-17T09:33:54+00:00","description":"Ikurri\u00f1a de tela para m\u00e1stil con dos anillas en el lateral izquierdo - Medidas: 70cm x 100cm","breadcrumb":{"@id":"https:\/\/denda.museodelnacionalismovasco.eus\/es\/producto\/70-x-100-ikurrina-tela-para-mastil\/#breadcrumb"},"inLanguage":"es","potentialAction":[{"@type":"ReadAction","target":["https:\/\/denda.museodelnacionalismovasco.eus\/es\/producto\/70-x-100-ikurrina-tela-para-mastil\/"]}]},{"@type":"ImageObject","inLanguage":"es","@id":"https:\/\/denda.museodelnacionalismovasco.eus\/es\/producto\/70-x-100-ikurrina-tela-para-mastil\/#primaryimage","url":"https:\/\/denda.museodelnacionalismovasco.eus\/wp-content\/uploads\/2026\/02\/ikurrina-1.jpg","contentUrl":"https:\/\/denda.museodelnacionalismovasco.eus\/wp-content\/uploads\/2026\/02\/ikurrina-1.jpg","width":600,"height":600,"caption":"ikuri\u00f1a para mastil"},{"@type":"BreadcrumbList","@id":"https:\/\/denda.museodelnacionalismovasco.eus\/es\/producto\/70-x-100-ikurrina-tela-para-mastil\/#breadcrumb","itemListElement":[{"@type":"ListItem","position":1,"name":"Portada","item":"https:\/\/denda.museodelnacionalismovasco.eus\/es\/"},{"@type":"ListItem","position":2,"name":"Shop","item":"https:\/\/denda.museodelnacionalismovasco.eus\/es\/shop\/"},{"@type":"ListItem","position":3,"name":"70&#215;100 Ikurri\u00f1a tela para m\u00e1stil"}]},{"@type":"WebSite","@id":"https:\/\/denda.museodelnacionalismovasco.eus\/es\/#website","url":"https:\/\/denda.museodelnacionalismovasco.eus\/es\/","name":"Museo del Nacionalismo Vasco - Tienda","description":"","potentialAction":[{"@type":"SearchAction","target":{"@type":"EntryPoint","urlTemplate":"https:\/\/denda.museodelnacionalismovasco.eus\/es\/?s={search_term_string}"},"query-input":{"@type":"PropertyValueSpecification","valueRequired":true,"valueName":"search_term_string"}}],"inLanguage":"es"}]}},"_links":{"self":[{"href":"https:\/\/denda.museodelnacionalismovasco.eus\/es\/wp-json\/wp\/v2\/product\/6502","targetHints":{"allow":["GET"]}}],"collection":[{"href":"https:\/\/denda.museodelnacionalismovasco.eus\/es\/wp-json\/wp\/v2\/product"}],"about":[{"href":"https:\/\/denda.museodelnacionalismovasco.eus\/es\/wp-json\/wp\/v2\/types\/product"}],"wp:featuredmedia":[{"embeddable":true,"href":"https:\/\/denda.museodelnacionalismovasco.eus\/es\/wp-json\/wp\/v2\/media\/6500"}],"wp:attachment":[{"href":"https:\/\/denda.museodelnacionalismovasco.eus\/es\/wp-json\/wp\/v2\/media?parent=6502"}],"wp:term":[{"taxonomy":"product_brand","embeddable":true,"href":"https:\/\/denda.museodelnacionalismovasco.eus\/es\/wp-json\/wp\/v2\/product_brand?post=6502"},{"taxonomy":"product_cat","embeddable":true,"href":"https:\/\/denda.museodelnacionalismovasco.eus\/es\/wp-json\/wp\/v2\/product_cat?post=6502"},{"taxonomy":"product_tag","embeddable":true,"href":"https:\/\/denda.museodelnacionalismovasco.eus\/es\/wp-json\/wp\/v2\/product_tag?post=6502"}],"curies":[{"name":"wp","href":"https:\/\/api.w.org\/{rel}","templated":true}]}}