{"id":6444,"date":"2026-01-26T17:24:33","date_gmt":"2026-01-26T16:24:33","guid":{"rendered":"https:\/\/denda.museodelnacionalismovasco.eus\/?post_type=product&#038;p=6444"},"modified":"2026-01-27T10:33:59","modified_gmt":"2026-01-27T09:33:59","slug":"libro-de-cocina-de-emakumes","status":"publish","type":"product","link":"https:\/\/denda.museodelnacionalismovasco.eus\/es\/producto\/libro-de-cocina-de-emakumes\/","title":{"rendered":"Libro de cocina de Emakumes"},"content":{"rendered":"<h3 data-path-to-node=\"9\">\ud83d\udcd6 <b data-path-to-node=\"9\" data-index-in-node=\"3\">Cocina e Historia: La transmisi\u00f3n de las Emakumes<\/b><\/h3>\n<p data-path-to-node=\"10\">La cocina vasca no es solo un conjunto de recetas; es un tesoro que refleja la identidad y el d\u00eda a d\u00eda de un pueblo.<\/p>\n<p data-path-to-node=\"10\">En 1932, las mujeres de <b data-path-to-node=\"10\" data-index-in-node=\"142\">Emakume Abertzale Batza (EAB)<\/b> recopilaron sus apuntes culinarios con un objetivo claro: mejorar la calidad de vida en los hogares vascos y fomentar la labor social.<\/p>\n<p data-path-to-node=\"11\">La Guerra trunc\u00f3 muchos sue\u00f1os, incluida la publicaci\u00f3n de este recetario. Sin embargo, en 2002, el <b data-path-to-node=\"11\" data-index-in-node=\"100\">Museo del Nacionalismo Vasco<\/b> rescat\u00f3 estos apuntes para rendir homenaje a ese trabajo inmenso y callado.<\/p>\n<p data-path-to-node=\"12\">\u2728 <b data-path-to-node=\"12\" data-index-in-node=\"2\">\u00bfQu\u00e9 encontrar\u00e1s en este libro?<\/b><\/p>\n<ul data-path-to-node=\"13\">\n<li>\n<p data-path-to-node=\"13,0,0\">M\u00e1s de 200 recetas t\u00edpicas con los sabores de siempre.<\/p>\n<\/li>\n<li>\n<p data-path-to-node=\"13,1,0\">Secretos de los fogones de nuestras amamas: el uso de la manteca, el pan de pistola y t\u00e9cnicas tradicionales.<\/p>\n<\/li>\n<li>\n<p data-path-to-node=\"13,2,0\">Un recorrido por la historia del compromiso pol\u00edtico y social de las mujeres de EAB.<\/p>\n<\/li>\n<\/ul>\n<p data-path-to-node=\"14\">\u00a1Degusta nuestras ra\u00edces por solo 8\u20ac! Disponible en nuestra tienda del Museo.<\/p>\n","protected":false},"excerpt":{"rendered":"<p data-path-to-node=\"12\">\u2728 <b data-path-to-node=\"12\" data-index-in-node=\"2\">\u00bfQu\u00e9 encontrar\u00e1s en este libro?<\/b><\/p>\n<ul data-path-to-node=\"13\">\n<li>\n<p data-path-to-node=\"13,0,0\">M\u00e1s de 200 recetas t\u00edpicas con los sabores de siempre.<\/p>\n<\/li>\n<li>\n<p data-path-to-node=\"13,1,0\">Secretos de los fogones de nuestras amamas: el uso de la manteca, el pan de pistola y t\u00e9cnicas tradicionales.<\/p>\n<\/li>\n<li>\n<p data-path-to-node=\"13,2,0\">Un recorrido por la historia del compromiso pol\u00edtico y social de las mujeres de EAB.<\/p>\n<\/li>\n<\/ul>\n","protected":false},"featured_media":6446,"template":"","meta":[],"product_brand":[],"product_cat":[96],"product_tag":[137,138,136,132,134,131,140,139],"class_list":{"0":"post-6444","1":"product","2":"type-product","3":"status-publish","4":"has-post-thumbnail","6":"product_cat-publicaciones","7":"product_tag-basquecountry","8":"product_tag-denda","9":"product_tag-euskadi","10":"product_tag-euskal-abertzaletasunaren-museoa","11":"product_tag-euzkadi","12":"product_tag-museo-del-nacionalismo-vasco","13":"product_tag-museum-of-basque-nationalism","14":"product_tag-tienda","16":"first","17":"instock","18":"shipping-taxable","19":"purchasable","20":"product-type-simple"},"yoast_head":"<!-- This site is optimized with the Yoast SEO plugin v24.7 - https:\/\/yoast.com\/wordpress\/plugins\/seo\/ -->\n<title>Libro de cocina de Emakumes - Museo del Nacionalismo Vasco - Tienda<\/title>\n<meta name=\"description\" content=\"Su autor, Jon Andoni \u201cJonan\u201d Zinkunegi Arzelus, hijo de Amale, ha utilizado los textos Nere oroimenak y Nere ekintzak, escritos por la propia Amale, a los que ha a\u00f1adido aportaciones para completar la obra.\" \/>\n<meta name=\"robots\" content=\"index, follow, max-snippet:-1, max-image-preview:large, max-video-preview:-1\" \/>\n<link rel=\"canonical\" href=\"https:\/\/denda.museodelnacionalismovasco.eus\/es\/producto\/libro-de-cocina-de-emakumes\/\" \/>\n<meta property=\"og:locale\" content=\"es_ES\" \/>\n<meta property=\"og:type\" content=\"article\" \/>\n<meta property=\"og:title\" content=\"Libro de cocina de Emakumes - Museo del Nacionalismo Vasco - Tienda\" \/>\n<meta property=\"og:description\" content=\"Su autor, Jon Andoni \u201cJonan\u201d Zinkunegi Arzelus, hijo de Amale, ha utilizado los textos Nere oroimenak y Nere ekintzak, escritos por la propia Amale, a los que ha a\u00f1adido aportaciones para completar la obra.\" \/>\n<meta property=\"og:url\" content=\"https:\/\/denda.museodelnacionalismovasco.eus\/es\/producto\/libro-de-cocina-de-emakumes\/\" \/>\n<meta property=\"og:site_name\" content=\"Museo del Nacionalismo Vasco - Tienda\" \/>\n<meta property=\"article:modified_time\" content=\"2026-01-27T09:33:59+00:00\" \/>\n<meta property=\"og:image\" content=\"https:\/\/denda.museodelnacionalismovasco.eus\/wp-content\/uploads\/2026\/01\/web-libro-cocina-de-emakumes.jpg\" \/>\n\t<meta property=\"og:image:width\" content=\"500\" \/>\n\t<meta property=\"og:image:height\" content=\"583\" \/>\n\t<meta property=\"og:image:type\" content=\"image\/jpeg\" \/>\n<meta name=\"twitter:card\" content=\"summary_large_image\" \/>\n<meta name=\"twitter:label1\" content=\"Tiempo de lectura\" \/>\n\t<meta name=\"twitter:data1\" content=\"1 minuto\" \/>\n<script type=\"application\/ld+json\" class=\"yoast-schema-graph\">{\"@context\":\"https:\/\/schema.org\",\"@graph\":[{\"@type\":\"WebPage\",\"@id\":\"https:\/\/denda.museodelnacionalismovasco.eus\/es\/producto\/libro-de-cocina-de-emakumes\/\",\"url\":\"https:\/\/denda.museodelnacionalismovasco.eus\/es\/producto\/libro-de-cocina-de-emakumes\/\",\"name\":\"Libro de cocina de Emakumes - Museo del Nacionalismo Vasco - Tienda\",\"isPartOf\":{\"@id\":\"https:\/\/denda.museodelnacionalismovasco.eus\/es\/#website\"},\"primaryImageOfPage\":{\"@id\":\"https:\/\/denda.museodelnacionalismovasco.eus\/es\/producto\/libro-de-cocina-de-emakumes\/#primaryimage\"},\"image\":{\"@id\":\"https:\/\/denda.museodelnacionalismovasco.eus\/es\/producto\/libro-de-cocina-de-emakumes\/#primaryimage\"},\"thumbnailUrl\":\"https:\/\/denda.museodelnacionalismovasco.eus\/wp-content\/uploads\/2026\/01\/web-libro-cocina-de-emakumes.jpg\",\"datePublished\":\"2026-01-26T16:24:33+00:00\",\"dateModified\":\"2026-01-27T09:33:59+00:00\",\"description\":\"Su autor, Jon Andoni \u201cJonan\u201d Zinkunegi Arzelus, hijo de Amale, ha utilizado los textos Nere oroimenak y Nere ekintzak, escritos por la propia Amale, a los que ha a\u00f1adido aportaciones para completar la obra.\",\"breadcrumb\":{\"@id\":\"https:\/\/denda.museodelnacionalismovasco.eus\/es\/producto\/libro-de-cocina-de-emakumes\/#breadcrumb\"},\"inLanguage\":\"es\",\"potentialAction\":[{\"@type\":\"ReadAction\",\"target\":[\"https:\/\/denda.museodelnacionalismovasco.eus\/es\/producto\/libro-de-cocina-de-emakumes\/\"]}]},{\"@type\":\"ImageObject\",\"inLanguage\":\"es\",\"@id\":\"https:\/\/denda.museodelnacionalismovasco.eus\/es\/producto\/libro-de-cocina-de-emakumes\/#primaryimage\",\"url\":\"https:\/\/denda.museodelnacionalismovasco.eus\/wp-content\/uploads\/2026\/01\/web-libro-cocina-de-emakumes.jpg\",\"contentUrl\":\"https:\/\/denda.museodelnacionalismovasco.eus\/wp-content\/uploads\/2026\/01\/web-libro-cocina-de-emakumes.jpg\",\"width\":500,\"height\":583,\"caption\":\"libro cocina de emakumes\"},{\"@type\":\"BreadcrumbList\",\"@id\":\"https:\/\/denda.museodelnacionalismovasco.eus\/es\/producto\/libro-de-cocina-de-emakumes\/#breadcrumb\",\"itemListElement\":[{\"@type\":\"ListItem\",\"position\":1,\"name\":\"Portada\",\"item\":\"https:\/\/denda.museodelnacionalismovasco.eus\/es\/\"},{\"@type\":\"ListItem\",\"position\":2,\"name\":\"Shop\",\"item\":\"https:\/\/denda.museodelnacionalismovasco.eus\/es\/shop\/\"},{\"@type\":\"ListItem\",\"position\":3,\"name\":\"Libro de cocina de Emakumes\"}]},{\"@type\":\"WebSite\",\"@id\":\"https:\/\/denda.museodelnacionalismovasco.eus\/es\/#website\",\"url\":\"https:\/\/denda.museodelnacionalismovasco.eus\/es\/\",\"name\":\"Museo del Nacionalismo Vasco - Tienda\",\"description\":\"\",\"potentialAction\":[{\"@type\":\"SearchAction\",\"target\":{\"@type\":\"EntryPoint\",\"urlTemplate\":\"https:\/\/denda.museodelnacionalismovasco.eus\/es\/?s={search_term_string}\"},\"query-input\":{\"@type\":\"PropertyValueSpecification\",\"valueRequired\":true,\"valueName\":\"search_term_string\"}}],\"inLanguage\":\"es\"}]}<\/script>\n<!-- \/ Yoast SEO plugin. -->","yoast_head_json":{"title":"Libro de cocina de Emakumes - Museo del Nacionalismo Vasco - Tienda","description":"Su autor, Jon Andoni \u201cJonan\u201d Zinkunegi Arzelus, hijo de Amale, ha utilizado los textos Nere oroimenak y Nere ekintzak, escritos por la propia Amale, a los que ha a\u00f1adido aportaciones para completar la obra.","robots":{"index":"index","follow":"follow","max-snippet":"max-snippet:-1","max-image-preview":"max-image-preview:large","max-video-preview":"max-video-preview:-1"},"canonical":"https:\/\/denda.museodelnacionalismovasco.eus\/es\/producto\/libro-de-cocina-de-emakumes\/","og_locale":"es_ES","og_type":"article","og_title":"Libro de cocina de Emakumes - Museo del Nacionalismo Vasco - Tienda","og_description":"Su autor, Jon Andoni \u201cJonan\u201d Zinkunegi Arzelus, hijo de Amale, ha utilizado los textos Nere oroimenak y Nere ekintzak, escritos por la propia Amale, a los que ha a\u00f1adido aportaciones para completar la obra.","og_url":"https:\/\/denda.museodelnacionalismovasco.eus\/es\/producto\/libro-de-cocina-de-emakumes\/","og_site_name":"Museo del Nacionalismo Vasco - Tienda","article_modified_time":"2026-01-27T09:33:59+00:00","og_image":[{"width":500,"height":583,"url":"https:\/\/denda.museodelnacionalismovasco.eus\/wp-content\/uploads\/2026\/01\/web-libro-cocina-de-emakumes.jpg","type":"image\/jpeg"}],"twitter_card":"summary_large_image","twitter_misc":{"Tiempo de lectura":"1 minuto"},"schema":{"@context":"https:\/\/schema.org","@graph":[{"@type":"WebPage","@id":"https:\/\/denda.museodelnacionalismovasco.eus\/es\/producto\/libro-de-cocina-de-emakumes\/","url":"https:\/\/denda.museodelnacionalismovasco.eus\/es\/producto\/libro-de-cocina-de-emakumes\/","name":"Libro de cocina de Emakumes - Museo del Nacionalismo Vasco - Tienda","isPartOf":{"@id":"https:\/\/denda.museodelnacionalismovasco.eus\/es\/#website"},"primaryImageOfPage":{"@id":"https:\/\/denda.museodelnacionalismovasco.eus\/es\/producto\/libro-de-cocina-de-emakumes\/#primaryimage"},"image":{"@id":"https:\/\/denda.museodelnacionalismovasco.eus\/es\/producto\/libro-de-cocina-de-emakumes\/#primaryimage"},"thumbnailUrl":"https:\/\/denda.museodelnacionalismovasco.eus\/wp-content\/uploads\/2026\/01\/web-libro-cocina-de-emakumes.jpg","datePublished":"2026-01-26T16:24:33+00:00","dateModified":"2026-01-27T09:33:59+00:00","description":"Su autor, Jon Andoni \u201cJonan\u201d Zinkunegi Arzelus, hijo de Amale, ha utilizado los textos Nere oroimenak y Nere ekintzak, escritos por la propia Amale, a los que ha a\u00f1adido aportaciones para completar la obra.","breadcrumb":{"@id":"https:\/\/denda.museodelnacionalismovasco.eus\/es\/producto\/libro-de-cocina-de-emakumes\/#breadcrumb"},"inLanguage":"es","potentialAction":[{"@type":"ReadAction","target":["https:\/\/denda.museodelnacionalismovasco.eus\/es\/producto\/libro-de-cocina-de-emakumes\/"]}]},{"@type":"ImageObject","inLanguage":"es","@id":"https:\/\/denda.museodelnacionalismovasco.eus\/es\/producto\/libro-de-cocina-de-emakumes\/#primaryimage","url":"https:\/\/denda.museodelnacionalismovasco.eus\/wp-content\/uploads\/2026\/01\/web-libro-cocina-de-emakumes.jpg","contentUrl":"https:\/\/denda.museodelnacionalismovasco.eus\/wp-content\/uploads\/2026\/01\/web-libro-cocina-de-emakumes.jpg","width":500,"height":583,"caption":"libro cocina de emakumes"},{"@type":"BreadcrumbList","@id":"https:\/\/denda.museodelnacionalismovasco.eus\/es\/producto\/libro-de-cocina-de-emakumes\/#breadcrumb","itemListElement":[{"@type":"ListItem","position":1,"name":"Portada","item":"https:\/\/denda.museodelnacionalismovasco.eus\/es\/"},{"@type":"ListItem","position":2,"name":"Shop","item":"https:\/\/denda.museodelnacionalismovasco.eus\/es\/shop\/"},{"@type":"ListItem","position":3,"name":"Libro de cocina de Emakumes"}]},{"@type":"WebSite","@id":"https:\/\/denda.museodelnacionalismovasco.eus\/es\/#website","url":"https:\/\/denda.museodelnacionalismovasco.eus\/es\/","name":"Museo del Nacionalismo Vasco - Tienda","description":"","potentialAction":[{"@type":"SearchAction","target":{"@type":"EntryPoint","urlTemplate":"https:\/\/denda.museodelnacionalismovasco.eus\/es\/?s={search_term_string}"},"query-input":{"@type":"PropertyValueSpecification","valueRequired":true,"valueName":"search_term_string"}}],"inLanguage":"es"}]}},"_links":{"self":[{"href":"https:\/\/denda.museodelnacionalismovasco.eus\/es\/wp-json\/wp\/v2\/product\/6444","targetHints":{"allow":["GET"]}}],"collection":[{"href":"https:\/\/denda.museodelnacionalismovasco.eus\/es\/wp-json\/wp\/v2\/product"}],"about":[{"href":"https:\/\/denda.museodelnacionalismovasco.eus\/es\/wp-json\/wp\/v2\/types\/product"}],"wp:featuredmedia":[{"embeddable":true,"href":"https:\/\/denda.museodelnacionalismovasco.eus\/es\/wp-json\/wp\/v2\/media\/6446"}],"wp:attachment":[{"href":"https:\/\/denda.museodelnacionalismovasco.eus\/es\/wp-json\/wp\/v2\/media?parent=6444"}],"wp:term":[{"taxonomy":"product_brand","embeddable":true,"href":"https:\/\/denda.museodelnacionalismovasco.eus\/es\/wp-json\/wp\/v2\/product_brand?post=6444"},{"taxonomy":"product_cat","embeddable":true,"href":"https:\/\/denda.museodelnacionalismovasco.eus\/es\/wp-json\/wp\/v2\/product_cat?post=6444"},{"taxonomy":"product_tag","embeddable":true,"href":"https:\/\/denda.museodelnacionalismovasco.eus\/es\/wp-json\/wp\/v2\/product_tag?post=6444"}],"curies":[{"name":"wp","href":"https:\/\/api.w.org\/{rel}","templated":true}]}}