{"id":6328,"date":"2025-12-19T11:58:30","date_gmt":"2025-12-19T10:58:30","guid":{"rendered":"https:\/\/denda.museodelnacionalismovasco.eus\/?post_type=product&#038;p=6328"},"modified":"2025-12-19T12:14:38","modified_gmt":"2025-12-19T11:14:38","slug":"lote-libro-amale-panuelo-y-abrebotellas-eab-copia","status":"publish","type":"product","link":"https:\/\/denda.museodelnacionalismovasco.eus\/es\/producto\/lote-libro-amale-panuelo-y-abrebotellas-eab-copia\/","title":{"rendered":"Lote Libro Amale, pa\u00f1uelo y abrebotellas EAB"},"content":{"rendered":"<p>Lote compuesto por<\/p>\n<p class=\"title-heading-left\">Libro Amale Arzelus Arrieta. Mis memorias<\/p>\n<p class=\"title-heading-left\">Su autor, Jon Andoni \u201cJonan\u201d Zinkunegi Arzelus, hijo de Amale, ha utilizado los textos Nere oroimenak y Nere ekintzak, escritos por la propia Amale, a los que ha a\u00f1adido aportaciones para completar la obra.<\/p>\n<p>Pa\u00f1uelo de algod\u00f3n,\u00a0 con el dibujo de la imagen de la abandera de EAB (Emakume Abertzale Batza), que se realiz\u00f3 con motivo del centenario de la creaci\u00f3n de dicha asociaci\u00f3n en 2022.<\/p>\n<p>Abrebotellas con la imagen de la abanderada de Emakume Abertzale Batza.<\/p>\n","protected":false},"excerpt":{"rendered":"<p>Lote compuesto por<\/p>\n<p class=\"title-heading-left\">Libro Amale Arzelus Arrieta. Mis memorias<\/p>\n<p class=\"title-heading-left\">Su autor, Jon Andoni \u201cJonan\u201d Zinkunegi Arzelus, hijo de Amale, ha utilizado los textos Nere oroimenak y Nere ekintzak, escritos por la propia Amale, a los que ha a\u00f1adido aportaciones para completar la obra.<\/p>\n<p>Pa\u00f1uelo de algod\u00f3n,\u00a0 con el dibujo de la imagen de la abandera de EAB (Emakume Abertzale Batza), que se realiz\u00f3 con motivo del centenario de la creaci\u00f3n de dicha asociaci\u00f3n en 2022.<\/p>\n<p>Abrebotellas con la imagen de la abanderada de Emakume Abertzale Batza.<\/p>\n","protected":false},"featured_media":6320,"template":"","meta":[],"product_brand":[],"product_cat":[217],"product_tag":[137,138,196,169,136,132,229,131,140,230,228,139,168],"class_list":{"0":"post-6328","1":"product","2":"type-product","3":"status-publish","4":"has-post-thumbnail","6":"product_cat-lotes","7":"product_tag-basquecountry","8":"product_tag-denda","9":"product_tag-eab","10":"product_tag-emakume-abertzale-batza","11":"product_tag-euskadi","12":"product_tag-euskal-abertzaletasunaren-museoa","13":"product_tag-lote","14":"product_tag-museo-del-nacionalismo-vasco","15":"product_tag-museum-of-basque-nationalism","16":"product_tag-oferta","17":"product_tag-pack","18":"product_tag-tienda","19":"product_tag-tote-bag","21":"first","22":"instock","23":"sale","24":"shipping-taxable","25":"purchasable","26":"product-type-simple"},"yoast_head":"<!-- This site is optimized with the Yoast SEO plugin v24.7 - https:\/\/yoast.com\/wordpress\/plugins\/seo\/ -->\n<title>Lote Libro Amale, pa\u00f1uelo y abrebotellas EAB - Museo del Nacionalismo Vasco - Tienda<\/title>\n<meta name=\"description\" content=\"Lote compuesto por - Libro Amale Arzelus Arrieta. Mis memorias - Su autor, Jon Andoni \u201cJonan\u201d Zinkunegi Arzelus, hijo de Amale, ha utilizado los textos Nere oroimenak y Nere ekintzak, escritos por la propia Amale, a los que ha a\u00f1adido aportaciones para completar la obra. - Pa\u00f1uelo de algod\u00f3n,\u00a0 con el dibujo de la imagen de la abandera de EAB (Emakume Abertzale Batza), que se realiz\u00f3 con motivo del centenario de la creaci\u00f3n de dicha asociaci\u00f3n en 2022. - Abrebotellas con la imagen de la abanderada de Emakume Abertzale Batza.\" \/>\n<meta name=\"robots\" content=\"index, follow, max-snippet:-1, max-image-preview:large, max-video-preview:-1\" \/>\n<link rel=\"canonical\" href=\"https:\/\/denda.museodelnacionalismovasco.eus\/es\/producto\/lote-libro-amale-panuelo-y-abrebotellas-eab-copia\/\" \/>\n<meta property=\"og:locale\" content=\"es_ES\" \/>\n<meta property=\"og:type\" content=\"article\" \/>\n<meta property=\"og:title\" content=\"Lote Libro Amale, pa\u00f1uelo y abrebotellas EAB - Museo del Nacionalismo Vasco - Tienda\" \/>\n<meta property=\"og:description\" content=\"Lote compuesto por - Libro Amale Arzelus Arrieta. Mis memorias - Su autor, Jon Andoni \u201cJonan\u201d Zinkunegi Arzelus, hijo de Amale, ha utilizado los textos Nere oroimenak y Nere ekintzak, escritos por la propia Amale, a los que ha a\u00f1adido aportaciones para completar la obra. - Pa\u00f1uelo de algod\u00f3n,\u00a0 con el dibujo de la imagen de la abandera de EAB (Emakume Abertzale Batza), que se realiz\u00f3 con motivo del centenario de la creaci\u00f3n de dicha asociaci\u00f3n en 2022. - Abrebotellas con la imagen de la abanderada de Emakume Abertzale Batza.\" \/>\n<meta property=\"og:url\" content=\"https:\/\/denda.museodelnacionalismovasco.eus\/es\/producto\/lote-libro-amale-panuelo-y-abrebotellas-eab-copia\/\" \/>\n<meta property=\"og:site_name\" content=\"Museo del Nacionalismo Vasco - Tienda\" \/>\n<meta property=\"article:modified_time\" content=\"2025-12-19T11:14:38+00:00\" \/>\n<meta property=\"og:image\" content=\"https:\/\/denda.museodelnacionalismovasco.eus\/wp-content\/uploads\/2025\/12\/libro-amale-zapia-abrebotella-1.jpg\" \/>\n\t<meta property=\"og:image:width\" content=\"535\" \/>\n\t<meta property=\"og:image:height\" content=\"357\" \/>\n\t<meta property=\"og:image:type\" content=\"image\/jpeg\" \/>\n<meta name=\"twitter:card\" content=\"summary_large_image\" \/>\n<meta name=\"twitter:label1\" content=\"Tiempo de lectura\" \/>\n\t<meta name=\"twitter:data1\" content=\"1 minuto\" \/>\n<script type=\"application\/ld+json\" class=\"yoast-schema-graph\">{\"@context\":\"https:\/\/schema.org\",\"@graph\":[{\"@type\":\"WebPage\",\"@id\":\"https:\/\/denda.museodelnacionalismovasco.eus\/es\/producto\/lote-libro-amale-panuelo-y-abrebotellas-eab-copia\/\",\"url\":\"https:\/\/denda.museodelnacionalismovasco.eus\/es\/producto\/lote-libro-amale-panuelo-y-abrebotellas-eab-copia\/\",\"name\":\"Lote Libro Amale, pa\u00f1uelo y abrebotellas EAB - Museo del Nacionalismo Vasco - Tienda\",\"isPartOf\":{\"@id\":\"https:\/\/denda.museodelnacionalismovasco.eus\/es\/#website\"},\"primaryImageOfPage\":{\"@id\":\"https:\/\/denda.museodelnacionalismovasco.eus\/es\/producto\/lote-libro-amale-panuelo-y-abrebotellas-eab-copia\/#primaryimage\"},\"image\":{\"@id\":\"https:\/\/denda.museodelnacionalismovasco.eus\/es\/producto\/lote-libro-amale-panuelo-y-abrebotellas-eab-copia\/#primaryimage\"},\"thumbnailUrl\":\"https:\/\/denda.museodelnacionalismovasco.eus\/wp-content\/uploads\/2025\/12\/libro-amale-zapia-abrebotella-1.jpg\",\"datePublished\":\"2025-12-19T10:58:30+00:00\",\"dateModified\":\"2025-12-19T11:14:38+00:00\",\"description\":\"Lote compuesto por - Libro Amale Arzelus Arrieta. Mis memorias - Su autor, Jon Andoni \u201cJonan\u201d Zinkunegi Arzelus, hijo de Amale, ha utilizado los textos Nere oroimenak y Nere ekintzak, escritos por la propia Amale, a los que ha a\u00f1adido aportaciones para completar la obra. - Pa\u00f1uelo de algod\u00f3n,\u00a0 con el dibujo de la imagen de la abandera de EAB (Emakume Abertzale Batza), que se realiz\u00f3 con motivo del centenario de la creaci\u00f3n de dicha asociaci\u00f3n en 2022. - Abrebotellas con la imagen de la abanderada de Emakume Abertzale Batza.\",\"breadcrumb\":{\"@id\":\"https:\/\/denda.museodelnacionalismovasco.eus\/es\/producto\/lote-libro-amale-panuelo-y-abrebotellas-eab-copia\/#breadcrumb\"},\"inLanguage\":\"es\",\"potentialAction\":[{\"@type\":\"ReadAction\",\"target\":[\"https:\/\/denda.museodelnacionalismovasco.eus\/es\/producto\/lote-libro-amale-panuelo-y-abrebotellas-eab-copia\/\"]}]},{\"@type\":\"ImageObject\",\"inLanguage\":\"es\",\"@id\":\"https:\/\/denda.museodelnacionalismovasco.eus\/es\/producto\/lote-libro-amale-panuelo-y-abrebotellas-eab-copia\/#primaryimage\",\"url\":\"https:\/\/denda.museodelnacionalismovasco.eus\/wp-content\/uploads\/2025\/12\/libro-amale-zapia-abrebotella-1.jpg\",\"contentUrl\":\"https:\/\/denda.museodelnacionalismovasco.eus\/wp-content\/uploads\/2025\/12\/libro-amale-zapia-abrebotella-1.jpg\",\"width\":535,\"height\":357,\"caption\":\"libro amale zapia abrebotella\"},{\"@type\":\"BreadcrumbList\",\"@id\":\"https:\/\/denda.museodelnacionalismovasco.eus\/es\/producto\/lote-libro-amale-panuelo-y-abrebotellas-eab-copia\/#breadcrumb\",\"itemListElement\":[{\"@type\":\"ListItem\",\"position\":1,\"name\":\"Portada\",\"item\":\"https:\/\/denda.museodelnacionalismovasco.eus\/es\/\"},{\"@type\":\"ListItem\",\"position\":2,\"name\":\"Shop\",\"item\":\"https:\/\/denda.museodelnacionalismovasco.eus\/es\/shop\/\"},{\"@type\":\"ListItem\",\"position\":3,\"name\":\"Lote Libro Amale, pa\u00f1uelo y abrebotellas EAB\"}]},{\"@type\":\"WebSite\",\"@id\":\"https:\/\/denda.museodelnacionalismovasco.eus\/es\/#website\",\"url\":\"https:\/\/denda.museodelnacionalismovasco.eus\/es\/\",\"name\":\"Museo del Nacionalismo Vasco - Tienda\",\"description\":\"\",\"potentialAction\":[{\"@type\":\"SearchAction\",\"target\":{\"@type\":\"EntryPoint\",\"urlTemplate\":\"https:\/\/denda.museodelnacionalismovasco.eus\/es\/?s={search_term_string}\"},\"query-input\":{\"@type\":\"PropertyValueSpecification\",\"valueRequired\":true,\"valueName\":\"search_term_string\"}}],\"inLanguage\":\"es\"}]}<\/script>\n<!-- \/ Yoast SEO plugin. -->","yoast_head_json":{"title":"Lote Libro Amale, pa\u00f1uelo y abrebotellas EAB - Museo del Nacionalismo Vasco - Tienda","description":"Lote compuesto por - Libro Amale Arzelus Arrieta. Mis memorias - Su autor, Jon Andoni \u201cJonan\u201d Zinkunegi Arzelus, hijo de Amale, ha utilizado los textos Nere oroimenak y Nere ekintzak, escritos por la propia Amale, a los que ha a\u00f1adido aportaciones para completar la obra. - Pa\u00f1uelo de algod\u00f3n,\u00a0 con el dibujo de la imagen de la abandera de EAB (Emakume Abertzale Batza), que se realiz\u00f3 con motivo del centenario de la creaci\u00f3n de dicha asociaci\u00f3n en 2022. - Abrebotellas con la imagen de la abanderada de Emakume Abertzale Batza.","robots":{"index":"index","follow":"follow","max-snippet":"max-snippet:-1","max-image-preview":"max-image-preview:large","max-video-preview":"max-video-preview:-1"},"canonical":"https:\/\/denda.museodelnacionalismovasco.eus\/es\/producto\/lote-libro-amale-panuelo-y-abrebotellas-eab-copia\/","og_locale":"es_ES","og_type":"article","og_title":"Lote Libro Amale, pa\u00f1uelo y abrebotellas EAB - Museo del Nacionalismo Vasco - Tienda","og_description":"Lote compuesto por - Libro Amale Arzelus Arrieta. Mis memorias - Su autor, Jon Andoni \u201cJonan\u201d Zinkunegi Arzelus, hijo de Amale, ha utilizado los textos Nere oroimenak y Nere ekintzak, escritos por la propia Amale, a los que ha a\u00f1adido aportaciones para completar la obra. - Pa\u00f1uelo de algod\u00f3n,\u00a0 con el dibujo de la imagen de la abandera de EAB (Emakume Abertzale Batza), que se realiz\u00f3 con motivo del centenario de la creaci\u00f3n de dicha asociaci\u00f3n en 2022. - Abrebotellas con la imagen de la abanderada de Emakume Abertzale Batza.","og_url":"https:\/\/denda.museodelnacionalismovasco.eus\/es\/producto\/lote-libro-amale-panuelo-y-abrebotellas-eab-copia\/","og_site_name":"Museo del Nacionalismo Vasco - Tienda","article_modified_time":"2025-12-19T11:14:38+00:00","og_image":[{"width":535,"height":357,"url":"https:\/\/denda.museodelnacionalismovasco.eus\/wp-content\/uploads\/2025\/12\/libro-amale-zapia-abrebotella-1.jpg","type":"image\/jpeg"}],"twitter_card":"summary_large_image","twitter_misc":{"Tiempo de lectura":"1 minuto"},"schema":{"@context":"https:\/\/schema.org","@graph":[{"@type":"WebPage","@id":"https:\/\/denda.museodelnacionalismovasco.eus\/es\/producto\/lote-libro-amale-panuelo-y-abrebotellas-eab-copia\/","url":"https:\/\/denda.museodelnacionalismovasco.eus\/es\/producto\/lote-libro-amale-panuelo-y-abrebotellas-eab-copia\/","name":"Lote Libro Amale, pa\u00f1uelo y abrebotellas EAB - Museo del Nacionalismo Vasco - Tienda","isPartOf":{"@id":"https:\/\/denda.museodelnacionalismovasco.eus\/es\/#website"},"primaryImageOfPage":{"@id":"https:\/\/denda.museodelnacionalismovasco.eus\/es\/producto\/lote-libro-amale-panuelo-y-abrebotellas-eab-copia\/#primaryimage"},"image":{"@id":"https:\/\/denda.museodelnacionalismovasco.eus\/es\/producto\/lote-libro-amale-panuelo-y-abrebotellas-eab-copia\/#primaryimage"},"thumbnailUrl":"https:\/\/denda.museodelnacionalismovasco.eus\/wp-content\/uploads\/2025\/12\/libro-amale-zapia-abrebotella-1.jpg","datePublished":"2025-12-19T10:58:30+00:00","dateModified":"2025-12-19T11:14:38+00:00","description":"Lote compuesto por - Libro Amale Arzelus Arrieta. Mis memorias - Su autor, Jon Andoni \u201cJonan\u201d Zinkunegi Arzelus, hijo de Amale, ha utilizado los textos Nere oroimenak y Nere ekintzak, escritos por la propia Amale, a los que ha a\u00f1adido aportaciones para completar la obra. - Pa\u00f1uelo de algod\u00f3n,\u00a0 con el dibujo de la imagen de la abandera de EAB (Emakume Abertzale Batza), que se realiz\u00f3 con motivo del centenario de la creaci\u00f3n de dicha asociaci\u00f3n en 2022. - Abrebotellas con la imagen de la abanderada de Emakume Abertzale Batza.","breadcrumb":{"@id":"https:\/\/denda.museodelnacionalismovasco.eus\/es\/producto\/lote-libro-amale-panuelo-y-abrebotellas-eab-copia\/#breadcrumb"},"inLanguage":"es","potentialAction":[{"@type":"ReadAction","target":["https:\/\/denda.museodelnacionalismovasco.eus\/es\/producto\/lote-libro-amale-panuelo-y-abrebotellas-eab-copia\/"]}]},{"@type":"ImageObject","inLanguage":"es","@id":"https:\/\/denda.museodelnacionalismovasco.eus\/es\/producto\/lote-libro-amale-panuelo-y-abrebotellas-eab-copia\/#primaryimage","url":"https:\/\/denda.museodelnacionalismovasco.eus\/wp-content\/uploads\/2025\/12\/libro-amale-zapia-abrebotella-1.jpg","contentUrl":"https:\/\/denda.museodelnacionalismovasco.eus\/wp-content\/uploads\/2025\/12\/libro-amale-zapia-abrebotella-1.jpg","width":535,"height":357,"caption":"libro amale zapia abrebotella"},{"@type":"BreadcrumbList","@id":"https:\/\/denda.museodelnacionalismovasco.eus\/es\/producto\/lote-libro-amale-panuelo-y-abrebotellas-eab-copia\/#breadcrumb","itemListElement":[{"@type":"ListItem","position":1,"name":"Portada","item":"https:\/\/denda.museodelnacionalismovasco.eus\/es\/"},{"@type":"ListItem","position":2,"name":"Shop","item":"https:\/\/denda.museodelnacionalismovasco.eus\/es\/shop\/"},{"@type":"ListItem","position":3,"name":"Lote Libro Amale, pa\u00f1uelo y abrebotellas EAB"}]},{"@type":"WebSite","@id":"https:\/\/denda.museodelnacionalismovasco.eus\/es\/#website","url":"https:\/\/denda.museodelnacionalismovasco.eus\/es\/","name":"Museo del Nacionalismo Vasco - Tienda","description":"","potentialAction":[{"@type":"SearchAction","target":{"@type":"EntryPoint","urlTemplate":"https:\/\/denda.museodelnacionalismovasco.eus\/es\/?s={search_term_string}"},"query-input":{"@type":"PropertyValueSpecification","valueRequired":true,"valueName":"search_term_string"}}],"inLanguage":"es"}]}},"_links":{"self":[{"href":"https:\/\/denda.museodelnacionalismovasco.eus\/es\/wp-json\/wp\/v2\/product\/6328","targetHints":{"allow":["GET"]}}],"collection":[{"href":"https:\/\/denda.museodelnacionalismovasco.eus\/es\/wp-json\/wp\/v2\/product"}],"about":[{"href":"https:\/\/denda.museodelnacionalismovasco.eus\/es\/wp-json\/wp\/v2\/types\/product"}],"wp:featuredmedia":[{"embeddable":true,"href":"https:\/\/denda.museodelnacionalismovasco.eus\/es\/wp-json\/wp\/v2\/media\/6320"}],"wp:attachment":[{"href":"https:\/\/denda.museodelnacionalismovasco.eus\/es\/wp-json\/wp\/v2\/media?parent=6328"}],"wp:term":[{"taxonomy":"product_brand","embeddable":true,"href":"https:\/\/denda.museodelnacionalismovasco.eus\/es\/wp-json\/wp\/v2\/product_brand?post=6328"},{"taxonomy":"product_cat","embeddable":true,"href":"https:\/\/denda.museodelnacionalismovasco.eus\/es\/wp-json\/wp\/v2\/product_cat?post=6328"},{"taxonomy":"product_tag","embeddable":true,"href":"https:\/\/denda.museodelnacionalismovasco.eus\/es\/wp-json\/wp\/v2\/product_tag?post=6328"}],"curies":[{"name":"wp","href":"https:\/\/api.w.org\/{rel}","templated":true}]}}