{"id":5803,"date":"2025-06-16T11:02:35","date_gmt":"2025-06-16T10:02:35","guid":{"rendered":"https:\/\/denda.museodelnacionalismovasco.eus\/?post_type=product&#038;p=5803"},"modified":"2025-06-18T13:28:18","modified_gmt":"2025-06-18T12:28:18","slug":"pulsera-lauburu-kolore-azul","status":"publish","type":"product","link":"https:\/\/denda.museodelnacionalismovasco.eus\/es\/producto\/pulsera-lauburu-kolore-azul\/","title":{"rendered":"Pulsera Lauburu kolore azul"},"content":{"rendered":"<p>Pulsera de cord\u00f3n ajustable con Lauburu de colores.<\/p>\n<p>Este\u00a0amuleto\u00a0de cuatro hojas es un s\u00edmbolo mitol\u00f3gico ancestral muy\u00a0caracter\u00edstico\u00a0en la cultura y costumbres del\u00a0Pa\u00eds Vasco. El\u00a0Lauburu\u00a0(\u201ccuatro cabezas\u201d) representa un\u00a0sol en movimiento, del cual estaba extendida la creencia de que dicho\u00a0sol\u00a0ten\u00eda poder contra la influencia del mal. Las cabezas de la vertical representan a la expresi\u00f3n femenina (emocional y perceptiva) o los elementos del\u00a0fuego\u00a0y del\u00a0agua. Por su parte, las cabezas horizontales simbolizan la energ\u00eda masculina (mental y f\u00edsica) o los elementos\u00a0aire\u00a0y\u00a0Tierra.<\/p>\n<ul>\n<li>Composici\u00f3n:\u00a0 Acero inoxidable quir\u00fargico \u00a0316 L hipoalerg\u00e9nico (no magn\u00e9tico), esmalte de colores.\u00a0Cord\u00f3n macram\u00e9.<\/li>\n<li>Tama\u00f1o:\u00a0\u00a0El Lauburu\u00a0tiene 15 \u2013 20 mm.<\/li>\n<li>Soporte:\u00a0\u00a0Cord\u00f3n textil ajustable con acabados de acero inoxidable.<\/li>\n<li>Presentaci\u00f3n:\u00a01x Descripci\u00f3n\u00a0\u201cBasque Live\u201d, 1x Bolsita de organza, 1x Pulsera\u00a0Lauburu.<\/li>\n<li>Peso con embalaje:\u00a0Aprox. 30 gramos.<\/li>\n<\/ul>\n","protected":false},"excerpt":{"rendered":"<p>Pulsera de cord\u00f3n ajustable con Lauburu de colores.<\/p>\n<p>El\u00a0Lauburu\u00a0de 15 \u2013 20mm de di\u00e1metro est\u00e1 elaborado de\u00a0acero quir\u00fargico inoxidable de la mejor calidad\u00a0. El cord\u00f3n textil trenzado es\u00a0ajustable, disponible en varios colores: negro, azul,\u00a0 rosa y verde.<\/p>\n","protected":false},"featured_media":5806,"template":"","meta":[],"product_brand":[],"product_cat":[145,146],"product_tag":[137,138,136,132,134,172,131,140,184,139],"class_list":{"0":"post-5803","1":"product","2":"type-product","3":"status-publish","4":"has-post-thumbnail","6":"product_cat-joyeria","7":"product_cat-pulsera","8":"product_tag-basquecountry","9":"product_tag-denda","10":"product_tag-euskadi","11":"product_tag-euskal-abertzaletasunaren-museoa","12":"product_tag-euzkadi","13":"product_tag-lauburu","14":"product_tag-museo-del-nacionalismo-vasco","15":"product_tag-museum-of-basque-nationalism","16":"product_tag-pulsera","17":"product_tag-tienda","19":"first","20":"instock","21":"shipping-taxable","22":"purchasable","23":"product-type-variable"},"yoast_head":"<!-- This site is optimized with the Yoast SEO plugin v24.7 - https:\/\/yoast.com\/wordpress\/plugins\/seo\/ -->\n<title>Pulsera Lauburu kolore azul - Museo del Nacionalismo Vasco - Tienda<\/title>\n<meta name=\"description\" content=\"\u00a0Pulsera de cord\u00f3n ajustable con Lauburu de colores. Este\u00a0amuleto\u00a0de cuatro hojas es un s\u00edmbolo mitol\u00f3gico ancestral muy\u00a0caracter\u00edstico\u00a0en la cultura y costumbres del\u00a0Pa\u00eds Vasco. El\u00a0Lauburu\u00a0(\u201ccuatro cabezas\u201d) representa un\u00a0sol en movimiento, del cual estaba extendida la creencia de que dicho\u00a0sol\u00a0ten\u00eda poder contra la influencia del mal. Las cabezas de la vertical representan a la expresi\u00f3n femenina (emocional y perceptiva) o los elementos del\u00a0fuego\u00a0y del\u00a0agua. Por su parte, las cabezas horizontales simbolizan la energ\u00eda masculina (mental y f\u00edsica) o los elementos\u00a0aire\u00a0y\u00a0Tierra. Composici\u00f3n:\u00a0 Acero inoxidable quir\u00fargico \u00a0316 L hipoalerg\u00e9nico (no magn\u00e9tico), esmalte de colores.\u00a0Cord\u00f3n macram\u00e9. Tama\u00f1o:\u00a0\u00a0El Lauburu\u00a0tiene 15 \u2013 20 mm. Soporte:\u00a0\u00a0Cord\u00f3n textil ajustable con acabados de acero inoxidable. Presentaci\u00f3n:\u00a01x Descripci\u00f3n\u00a0\u201cBasque Live\u201d, 1x Bolsita de organza, 1x Pulsera\u00a0Lauburu. Peso con embalaje:\u00a0Aprox. 30 gramos.\" \/>\n<meta name=\"robots\" content=\"index, follow, max-snippet:-1, max-image-preview:large, max-video-preview:-1\" \/>\n<link rel=\"canonical\" href=\"https:\/\/denda.museodelnacionalismovasco.eus\/es\/producto\/pulsera-lauburu-kolore-azul\/\" \/>\n<meta property=\"og:locale\" content=\"es_ES\" \/>\n<meta property=\"og:type\" content=\"article\" \/>\n<meta property=\"og:title\" content=\"Pulsera Lauburu kolore azul - Museo del Nacionalismo Vasco - Tienda\" \/>\n<meta property=\"og:description\" content=\"\u00a0Pulsera de cord\u00f3n ajustable con Lauburu de colores. Este\u00a0amuleto\u00a0de cuatro hojas es un s\u00edmbolo mitol\u00f3gico ancestral muy\u00a0caracter\u00edstico\u00a0en la cultura y costumbres del\u00a0Pa\u00eds Vasco. El\u00a0Lauburu\u00a0(\u201ccuatro cabezas\u201d) representa un\u00a0sol en movimiento, del cual estaba extendida la creencia de que dicho\u00a0sol\u00a0ten\u00eda poder contra la influencia del mal. Las cabezas de la vertical representan a la expresi\u00f3n femenina (emocional y perceptiva) o los elementos del\u00a0fuego\u00a0y del\u00a0agua. Por su parte, las cabezas horizontales simbolizan la energ\u00eda masculina (mental y f\u00edsica) o los elementos\u00a0aire\u00a0y\u00a0Tierra. Composici\u00f3n:\u00a0 Acero inoxidable quir\u00fargico \u00a0316 L hipoalerg\u00e9nico (no magn\u00e9tico), esmalte de colores.\u00a0Cord\u00f3n macram\u00e9. Tama\u00f1o:\u00a0\u00a0El Lauburu\u00a0tiene 15 \u2013 20 mm. Soporte:\u00a0\u00a0Cord\u00f3n textil ajustable con acabados de acero inoxidable. Presentaci\u00f3n:\u00a01x Descripci\u00f3n\u00a0\u201cBasque Live\u201d, 1x Bolsita de organza, 1x Pulsera\u00a0Lauburu. Peso con embalaje:\u00a0Aprox. 30 gramos.\" \/>\n<meta property=\"og:url\" content=\"https:\/\/denda.museodelnacionalismovasco.eus\/es\/producto\/pulsera-lauburu-kolore-azul\/\" \/>\n<meta property=\"og:site_name\" content=\"Museo del Nacionalismo Vasco - Tienda\" \/>\n<meta property=\"article:modified_time\" content=\"2025-06-18T12:28:18+00:00\" \/>\n<meta property=\"og:image\" content=\"https:\/\/denda.museodelnacionalismovasco.eus\/wp-content\/uploads\/2025\/06\/Pulsera-Lauburu-kolore-azul.jpg\" \/>\n\t<meta property=\"og:image:width\" content=\"1080\" \/>\n\t<meta property=\"og:image:height\" content=\"1074\" \/>\n\t<meta property=\"og:image:type\" content=\"image\/jpeg\" \/>\n<meta name=\"twitter:card\" content=\"summary_large_image\" \/>\n<meta name=\"twitter:label1\" content=\"Tiempo de lectura\" \/>\n\t<meta name=\"twitter:data1\" content=\"1 minuto\" \/>\n<script type=\"application\/ld+json\" class=\"yoast-schema-graph\">{\"@context\":\"https:\/\/schema.org\",\"@graph\":[{\"@type\":\"WebPage\",\"@id\":\"https:\/\/denda.museodelnacionalismovasco.eus\/es\/producto\/pulsera-lauburu-kolore-azul\/\",\"url\":\"https:\/\/denda.museodelnacionalismovasco.eus\/es\/producto\/pulsera-lauburu-kolore-azul\/\",\"name\":\"Pulsera Lauburu kolore azul - Museo del Nacionalismo Vasco - Tienda\",\"isPartOf\":{\"@id\":\"https:\/\/denda.museodelnacionalismovasco.eus\/es\/#website\"},\"primaryImageOfPage\":{\"@id\":\"https:\/\/denda.museodelnacionalismovasco.eus\/es\/producto\/pulsera-lauburu-kolore-azul\/#primaryimage\"},\"image\":{\"@id\":\"https:\/\/denda.museodelnacionalismovasco.eus\/es\/producto\/pulsera-lauburu-kolore-azul\/#primaryimage\"},\"thumbnailUrl\":\"https:\/\/denda.museodelnacionalismovasco.eus\/wp-content\/uploads\/2025\/06\/Pulsera-Lauburu-kolore-azul.jpg\",\"datePublished\":\"2025-06-16T10:02:35+00:00\",\"dateModified\":\"2025-06-18T12:28:18+00:00\",\"description\":\"\u00a0Pulsera de cord\u00f3n ajustable con Lauburu de colores. Este\u00a0amuleto\u00a0de cuatro hojas es un s\u00edmbolo mitol\u00f3gico ancestral muy\u00a0caracter\u00edstico\u00a0en la cultura y costumbres del\u00a0Pa\u00eds Vasco. El\u00a0Lauburu\u00a0(\u201ccuatro cabezas\u201d) representa un\u00a0sol en movimiento, del cual estaba extendida la creencia de que dicho\u00a0sol\u00a0ten\u00eda poder contra la influencia del mal. Las cabezas de la vertical representan a la expresi\u00f3n femenina (emocional y perceptiva) o los elementos del\u00a0fuego\u00a0y del\u00a0agua. Por su parte, las cabezas horizontales simbolizan la energ\u00eda masculina (mental y f\u00edsica) o los elementos\u00a0aire\u00a0y\u00a0Tierra. Composici\u00f3n:\u00a0 Acero inoxidable quir\u00fargico \u00a0316 L hipoalerg\u00e9nico (no magn\u00e9tico), esmalte de colores.\u00a0Cord\u00f3n macram\u00e9. Tama\u00f1o:\u00a0\u00a0El Lauburu\u00a0tiene 15 \u2013 20 mm. Soporte:\u00a0\u00a0Cord\u00f3n textil ajustable con acabados de acero inoxidable. Presentaci\u00f3n:\u00a01x Descripci\u00f3n\u00a0\u201cBasque Live\u201d, 1x Bolsita de organza, 1x Pulsera\u00a0Lauburu. Peso con embalaje:\u00a0Aprox. 30 gramos.\",\"breadcrumb\":{\"@id\":\"https:\/\/denda.museodelnacionalismovasco.eus\/es\/producto\/pulsera-lauburu-kolore-azul\/#breadcrumb\"},\"inLanguage\":\"es\",\"potentialAction\":[{\"@type\":\"ReadAction\",\"target\":[\"https:\/\/denda.museodelnacionalismovasco.eus\/es\/producto\/pulsera-lauburu-kolore-azul\/\"]}]},{\"@type\":\"ImageObject\",\"inLanguage\":\"es\",\"@id\":\"https:\/\/denda.museodelnacionalismovasco.eus\/es\/producto\/pulsera-lauburu-kolore-azul\/#primaryimage\",\"url\":\"https:\/\/denda.museodelnacionalismovasco.eus\/wp-content\/uploads\/2025\/06\/Pulsera-Lauburu-kolore-azul.jpg\",\"contentUrl\":\"https:\/\/denda.museodelnacionalismovasco.eus\/wp-content\/uploads\/2025\/06\/Pulsera-Lauburu-kolore-azul.jpg\",\"width\":1080,\"height\":1074,\"caption\":\"Pulsera Lauburu kolore azul - urdina eskumuturrekoa\"},{\"@type\":\"BreadcrumbList\",\"@id\":\"https:\/\/denda.museodelnacionalismovasco.eus\/es\/producto\/pulsera-lauburu-kolore-azul\/#breadcrumb\",\"itemListElement\":[{\"@type\":\"ListItem\",\"position\":1,\"name\":\"Portada\",\"item\":\"https:\/\/denda.museodelnacionalismovasco.eus\/es\/\"},{\"@type\":\"ListItem\",\"position\":2,\"name\":\"Shop\",\"item\":\"https:\/\/denda.museodelnacionalismovasco.eus\/es\/shop\/\"},{\"@type\":\"ListItem\",\"position\":3,\"name\":\"Pulsera Lauburu kolore azul\"}]},{\"@type\":\"WebSite\",\"@id\":\"https:\/\/denda.museodelnacionalismovasco.eus\/es\/#website\",\"url\":\"https:\/\/denda.museodelnacionalismovasco.eus\/es\/\",\"name\":\"Museo del Nacionalismo Vasco - Tienda\",\"description\":\"\",\"potentialAction\":[{\"@type\":\"SearchAction\",\"target\":{\"@type\":\"EntryPoint\",\"urlTemplate\":\"https:\/\/denda.museodelnacionalismovasco.eus\/es\/?s={search_term_string}\"},\"query-input\":{\"@type\":\"PropertyValueSpecification\",\"valueRequired\":true,\"valueName\":\"search_term_string\"}}],\"inLanguage\":\"es\"}]}<\/script>\n<!-- \/ Yoast SEO plugin. -->","yoast_head_json":{"title":"Pulsera Lauburu kolore azul - Museo del Nacionalismo Vasco - Tienda","description":"\u00a0Pulsera de cord\u00f3n ajustable con Lauburu de colores. Este\u00a0amuleto\u00a0de cuatro hojas es un s\u00edmbolo mitol\u00f3gico ancestral muy\u00a0caracter\u00edstico\u00a0en la cultura y costumbres del\u00a0Pa\u00eds Vasco. El\u00a0Lauburu\u00a0(\u201ccuatro cabezas\u201d) representa un\u00a0sol en movimiento, del cual estaba extendida la creencia de que dicho\u00a0sol\u00a0ten\u00eda poder contra la influencia del mal. Las cabezas de la vertical representan a la expresi\u00f3n femenina (emocional y perceptiva) o los elementos del\u00a0fuego\u00a0y del\u00a0agua. Por su parte, las cabezas horizontales simbolizan la energ\u00eda masculina (mental y f\u00edsica) o los elementos\u00a0aire\u00a0y\u00a0Tierra. Composici\u00f3n:\u00a0 Acero inoxidable quir\u00fargico \u00a0316 L hipoalerg\u00e9nico (no magn\u00e9tico), esmalte de colores.\u00a0Cord\u00f3n macram\u00e9. Tama\u00f1o:\u00a0\u00a0El Lauburu\u00a0tiene 15 \u2013 20 mm. Soporte:\u00a0\u00a0Cord\u00f3n textil ajustable con acabados de acero inoxidable. Presentaci\u00f3n:\u00a01x Descripci\u00f3n\u00a0\u201cBasque Live\u201d, 1x Bolsita de organza, 1x Pulsera\u00a0Lauburu. Peso con embalaje:\u00a0Aprox. 30 gramos.","robots":{"index":"index","follow":"follow","max-snippet":"max-snippet:-1","max-image-preview":"max-image-preview:large","max-video-preview":"max-video-preview:-1"},"canonical":"https:\/\/denda.museodelnacionalismovasco.eus\/es\/producto\/pulsera-lauburu-kolore-azul\/","og_locale":"es_ES","og_type":"article","og_title":"Pulsera Lauburu kolore azul - Museo del Nacionalismo Vasco - Tienda","og_description":"\u00a0Pulsera de cord\u00f3n ajustable con Lauburu de colores. Este\u00a0amuleto\u00a0de cuatro hojas es un s\u00edmbolo mitol\u00f3gico ancestral muy\u00a0caracter\u00edstico\u00a0en la cultura y costumbres del\u00a0Pa\u00eds Vasco. El\u00a0Lauburu\u00a0(\u201ccuatro cabezas\u201d) representa un\u00a0sol en movimiento, del cual estaba extendida la creencia de que dicho\u00a0sol\u00a0ten\u00eda poder contra la influencia del mal. Las cabezas de la vertical representan a la expresi\u00f3n femenina (emocional y perceptiva) o los elementos del\u00a0fuego\u00a0y del\u00a0agua. Por su parte, las cabezas horizontales simbolizan la energ\u00eda masculina (mental y f\u00edsica) o los elementos\u00a0aire\u00a0y\u00a0Tierra. Composici\u00f3n:\u00a0 Acero inoxidable quir\u00fargico \u00a0316 L hipoalerg\u00e9nico (no magn\u00e9tico), esmalte de colores.\u00a0Cord\u00f3n macram\u00e9. Tama\u00f1o:\u00a0\u00a0El Lauburu\u00a0tiene 15 \u2013 20 mm. Soporte:\u00a0\u00a0Cord\u00f3n textil ajustable con acabados de acero inoxidable. Presentaci\u00f3n:\u00a01x Descripci\u00f3n\u00a0\u201cBasque Live\u201d, 1x Bolsita de organza, 1x Pulsera\u00a0Lauburu. Peso con embalaje:\u00a0Aprox. 30 gramos.","og_url":"https:\/\/denda.museodelnacionalismovasco.eus\/es\/producto\/pulsera-lauburu-kolore-azul\/","og_site_name":"Museo del Nacionalismo Vasco - Tienda","article_modified_time":"2025-06-18T12:28:18+00:00","og_image":[{"width":1080,"height":1074,"url":"https:\/\/denda.museodelnacionalismovasco.eus\/wp-content\/uploads\/2025\/06\/Pulsera-Lauburu-kolore-azul.jpg","type":"image\/jpeg"}],"twitter_card":"summary_large_image","twitter_misc":{"Tiempo de lectura":"1 minuto"},"schema":{"@context":"https:\/\/schema.org","@graph":[{"@type":"WebPage","@id":"https:\/\/denda.museodelnacionalismovasco.eus\/es\/producto\/pulsera-lauburu-kolore-azul\/","url":"https:\/\/denda.museodelnacionalismovasco.eus\/es\/producto\/pulsera-lauburu-kolore-azul\/","name":"Pulsera Lauburu kolore azul - Museo del Nacionalismo Vasco - Tienda","isPartOf":{"@id":"https:\/\/denda.museodelnacionalismovasco.eus\/es\/#website"},"primaryImageOfPage":{"@id":"https:\/\/denda.museodelnacionalismovasco.eus\/es\/producto\/pulsera-lauburu-kolore-azul\/#primaryimage"},"image":{"@id":"https:\/\/denda.museodelnacionalismovasco.eus\/es\/producto\/pulsera-lauburu-kolore-azul\/#primaryimage"},"thumbnailUrl":"https:\/\/denda.museodelnacionalismovasco.eus\/wp-content\/uploads\/2025\/06\/Pulsera-Lauburu-kolore-azul.jpg","datePublished":"2025-06-16T10:02:35+00:00","dateModified":"2025-06-18T12:28:18+00:00","description":"\u00a0Pulsera de cord\u00f3n ajustable con Lauburu de colores. Este\u00a0amuleto\u00a0de cuatro hojas es un s\u00edmbolo mitol\u00f3gico ancestral muy\u00a0caracter\u00edstico\u00a0en la cultura y costumbres del\u00a0Pa\u00eds Vasco. El\u00a0Lauburu\u00a0(\u201ccuatro cabezas\u201d) representa un\u00a0sol en movimiento, del cual estaba extendida la creencia de que dicho\u00a0sol\u00a0ten\u00eda poder contra la influencia del mal. Las cabezas de la vertical representan a la expresi\u00f3n femenina (emocional y perceptiva) o los elementos del\u00a0fuego\u00a0y del\u00a0agua. Por su parte, las cabezas horizontales simbolizan la energ\u00eda masculina (mental y f\u00edsica) o los elementos\u00a0aire\u00a0y\u00a0Tierra. Composici\u00f3n:\u00a0 Acero inoxidable quir\u00fargico \u00a0316 L hipoalerg\u00e9nico (no magn\u00e9tico), esmalte de colores.\u00a0Cord\u00f3n macram\u00e9. Tama\u00f1o:\u00a0\u00a0El Lauburu\u00a0tiene 15 \u2013 20 mm. Soporte:\u00a0\u00a0Cord\u00f3n textil ajustable con acabados de acero inoxidable. Presentaci\u00f3n:\u00a01x Descripci\u00f3n\u00a0\u201cBasque Live\u201d, 1x Bolsita de organza, 1x Pulsera\u00a0Lauburu. Peso con embalaje:\u00a0Aprox. 30 gramos.","breadcrumb":{"@id":"https:\/\/denda.museodelnacionalismovasco.eus\/es\/producto\/pulsera-lauburu-kolore-azul\/#breadcrumb"},"inLanguage":"es","potentialAction":[{"@type":"ReadAction","target":["https:\/\/denda.museodelnacionalismovasco.eus\/es\/producto\/pulsera-lauburu-kolore-azul\/"]}]},{"@type":"ImageObject","inLanguage":"es","@id":"https:\/\/denda.museodelnacionalismovasco.eus\/es\/producto\/pulsera-lauburu-kolore-azul\/#primaryimage","url":"https:\/\/denda.museodelnacionalismovasco.eus\/wp-content\/uploads\/2025\/06\/Pulsera-Lauburu-kolore-azul.jpg","contentUrl":"https:\/\/denda.museodelnacionalismovasco.eus\/wp-content\/uploads\/2025\/06\/Pulsera-Lauburu-kolore-azul.jpg","width":1080,"height":1074,"caption":"Pulsera Lauburu kolore azul - urdina eskumuturrekoa"},{"@type":"BreadcrumbList","@id":"https:\/\/denda.museodelnacionalismovasco.eus\/es\/producto\/pulsera-lauburu-kolore-azul\/#breadcrumb","itemListElement":[{"@type":"ListItem","position":1,"name":"Portada","item":"https:\/\/denda.museodelnacionalismovasco.eus\/es\/"},{"@type":"ListItem","position":2,"name":"Shop","item":"https:\/\/denda.museodelnacionalismovasco.eus\/es\/shop\/"},{"@type":"ListItem","position":3,"name":"Pulsera Lauburu kolore azul"}]},{"@type":"WebSite","@id":"https:\/\/denda.museodelnacionalismovasco.eus\/es\/#website","url":"https:\/\/denda.museodelnacionalismovasco.eus\/es\/","name":"Museo del Nacionalismo Vasco - Tienda","description":"","potentialAction":[{"@type":"SearchAction","target":{"@type":"EntryPoint","urlTemplate":"https:\/\/denda.museodelnacionalismovasco.eus\/es\/?s={search_term_string}"},"query-input":{"@type":"PropertyValueSpecification","valueRequired":true,"valueName":"search_term_string"}}],"inLanguage":"es"}]}},"_links":{"self":[{"href":"https:\/\/denda.museodelnacionalismovasco.eus\/es\/wp-json\/wp\/v2\/product\/5803","targetHints":{"allow":["GET"]}}],"collection":[{"href":"https:\/\/denda.museodelnacionalismovasco.eus\/es\/wp-json\/wp\/v2\/product"}],"about":[{"href":"https:\/\/denda.museodelnacionalismovasco.eus\/es\/wp-json\/wp\/v2\/types\/product"}],"wp:featuredmedia":[{"embeddable":true,"href":"https:\/\/denda.museodelnacionalismovasco.eus\/es\/wp-json\/wp\/v2\/media\/5806"}],"wp:attachment":[{"href":"https:\/\/denda.museodelnacionalismovasco.eus\/es\/wp-json\/wp\/v2\/media?parent=5803"}],"wp:term":[{"taxonomy":"product_brand","embeddable":true,"href":"https:\/\/denda.museodelnacionalismovasco.eus\/es\/wp-json\/wp\/v2\/product_brand?post=5803"},{"taxonomy":"product_cat","embeddable":true,"href":"https:\/\/denda.museodelnacionalismovasco.eus\/es\/wp-json\/wp\/v2\/product_cat?post=5803"},{"taxonomy":"product_tag","embeddable":true,"href":"https:\/\/denda.museodelnacionalismovasco.eus\/es\/wp-json\/wp\/v2\/product_tag?post=5803"}],"curies":[{"name":"wp","href":"https:\/\/api.w.org\/{rel}","templated":true}]}}