{"id":5538,"date":"2024-06-28T19:20:45","date_gmt":"2024-06-28T18:20:45","guid":{"rendered":"https:\/\/denda.museodelnacionalismovasco.eus\/?post_type=product&#038;p=5538"},"modified":"2025-06-18T16:36:35","modified_gmt":"2025-06-18T15:36:35","slug":"pulsera-de-lauburu-con-correa-milanesa","status":"publish","type":"product","link":"https:\/\/denda.museodelnacionalismovasco.eus\/es\/producto\/pulsera-de-lauburu-con-correa-milanesa\/","title":{"rendered":"Pulsera de Lauburu con correa milanesa"},"content":{"rendered":"<div id=\"tab-description\" class=\"woocommerce-Tabs-panel woocommerce-Tabs-panel--description panel entry-content wc-tab\" role=\"tabpanel\" aria-labelledby=\"tab-title-description\">\n<div class=\"post-content\">\n<div>\n<p>Elegante pulsera con Abalorios en forma de<strong> Lauburu.<\/strong><\/p>\n<p>El <strong>Lauburu<\/strong> de cuatro hojas es otro s\u00edmbolo mitol\u00f3gico ancestral muy caracter\u00edstico en la cultura y costumbres de Euskadi. Representa un <strong>sol en movimiento<\/strong>, del cual estaba extendida la creencia de que dicho <strong>sol<\/strong> ten\u00eda poder contra la influencia del mal. Las cabezas de la vertical representan a la expresi\u00f3n femenina (emocional y perceptiva) o los elementos del <strong>fuego<\/strong> y del <strong>agua<\/strong>. Por su parte, las cabezas horizontales simbolizan la energ\u00eda masculina (mental y f\u00edsica) o los elementos <strong>aire<\/strong> y\u00a0<strong>Tierra<\/strong>.<\/p>\n<\/div>\n<div>\n<ul>\n<li><strong>Composici\u00f3n:<\/strong>\u00a0 Pulsera milanesa de acero inoxidable de 1cm de ancho, Lauburu 15 mm de acero quir\u00fargico con una circonita.<\/li>\n<li><strong>Tama\u00f1o:<\/strong>\u00a0 21 cm de largo, 1cm de ancho.<\/li>\n<li><strong>Soporte:<\/strong>\u00a0 Correa de acero con acabados de acero inoxidable 1 x 21 cm.<\/li>\n<li><strong>Presentaci\u00f3n:\u00a0<\/strong>1x Descripci\u00f3n<strong>, <\/strong>1x Pulsera <strong>Milanesa.<\/strong><\/li>\n<li><strong>Peso con embalaje:<\/strong>\u00a0Aprox. 30 gramos.<\/li>\n<\/ul>\n<\/div>\n<\/div>\n<\/div>\n","protected":false},"excerpt":{"rendered":"<p>Elegante pulsera con Abalorios en forma de<strong> Lauburu.<\/strong><\/p>\n","protected":false},"featured_media":5539,"template":"","meta":[],"product_brand":[],"product_cat":[145,146],"product_tag":[185,182,137,138,136,132,172,186,131,140,184,139],"class_list":{"0":"post-5538","1":"product","2":"type-product","3":"status-publish","4":"has-post-thumbnail","6":"product_cat-joyeria","7":"product_cat-pulsera","8":"product_tag-abalorio","9":"product_tag-acero","10":"product_tag-basquecountry","11":"product_tag-denda","12":"product_tag-euskadi","13":"product_tag-euskal-abertzaletasunaren-museoa","14":"product_tag-lauburu","15":"product_tag-milanesa","16":"product_tag-museo-del-nacionalismo-vasco","17":"product_tag-museum-of-basque-nationalism","18":"product_tag-pulsera","19":"product_tag-tienda","21":"first","22":"instock","23":"shipping-taxable","24":"purchasable","25":"product-type-variable"},"yoast_head":"<!-- This site is optimized with the Yoast SEO plugin v24.7 - https:\/\/yoast.com\/wordpress\/plugins\/seo\/ -->\n<title>Pulsera de Lauburu con correa milanesa - Museo del Nacionalismo Vasco - Tienda<\/title>\n<meta name=\"description\" content=\"Pulsera de Lauburu con correa milanesa - Museo del Nacionalismo Vasco - Tienda\" \/>\n<meta name=\"robots\" content=\"index, follow, max-snippet:-1, max-image-preview:large, max-video-preview:-1\" \/>\n<link rel=\"canonical\" href=\"https:\/\/denda.museodelnacionalismovasco.eus\/es\/producto\/pulsera-de-lauburu-con-correa-milanesa\/\" \/>\n<meta property=\"og:locale\" content=\"es_ES\" \/>\n<meta property=\"og:type\" content=\"article\" \/>\n<meta property=\"og:title\" content=\"Pulsera de Lauburu con correa milanesa - Museo del Nacionalismo Vasco - Tienda\" \/>\n<meta property=\"og:description\" content=\"Pulsera de Lauburu con correa milanesa - Museo del Nacionalismo Vasco - Tienda\" \/>\n<meta property=\"og:url\" content=\"https:\/\/denda.museodelnacionalismovasco.eus\/es\/producto\/pulsera-de-lauburu-con-correa-milanesa\/\" \/>\n<meta property=\"og:site_name\" content=\"Museo del Nacionalismo Vasco - Tienda\" \/>\n<meta property=\"article:modified_time\" content=\"2025-06-18T15:36:35+00:00\" \/>\n<meta property=\"og:image\" content=\"https:\/\/denda.museodelnacionalismovasco.eus\/wp-content\/uploads\/2024\/06\/Pulsera-metal-lauburu.jpg\" \/>\n\t<meta property=\"og:image:width\" content=\"565\" \/>\n\t<meta property=\"og:image:height\" content=\"565\" \/>\n\t<meta property=\"og:image:type\" content=\"image\/jpeg\" \/>\n<meta name=\"twitter:card\" content=\"summary_large_image\" \/>\n<meta name=\"twitter:label1\" content=\"Tiempo de lectura\" \/>\n\t<meta name=\"twitter:data1\" content=\"1 minuto\" \/>\n<script type=\"application\/ld+json\" class=\"yoast-schema-graph\">{\"@context\":\"https:\/\/schema.org\",\"@graph\":[{\"@type\":\"WebPage\",\"@id\":\"https:\/\/denda.museodelnacionalismovasco.eus\/es\/producto\/pulsera-de-lauburu-con-correa-milanesa\/\",\"url\":\"https:\/\/denda.museodelnacionalismovasco.eus\/es\/producto\/pulsera-de-lauburu-con-correa-milanesa\/\",\"name\":\"Pulsera de Lauburu con correa milanesa - Museo del Nacionalismo Vasco - Tienda\",\"isPartOf\":{\"@id\":\"https:\/\/denda.museodelnacionalismovasco.eus\/es\/#website\"},\"primaryImageOfPage\":{\"@id\":\"https:\/\/denda.museodelnacionalismovasco.eus\/es\/producto\/pulsera-de-lauburu-con-correa-milanesa\/#primaryimage\"},\"image\":{\"@id\":\"https:\/\/denda.museodelnacionalismovasco.eus\/es\/producto\/pulsera-de-lauburu-con-correa-milanesa\/#primaryimage\"},\"thumbnailUrl\":\"https:\/\/denda.museodelnacionalismovasco.eus\/wp-content\/uploads\/2024\/06\/Pulsera-metal-lauburu.jpg\",\"datePublished\":\"2024-06-28T18:20:45+00:00\",\"dateModified\":\"2025-06-18T15:36:35+00:00\",\"description\":\"Pulsera de Lauburu con correa milanesa - Museo del Nacionalismo Vasco - Tienda\",\"breadcrumb\":{\"@id\":\"https:\/\/denda.museodelnacionalismovasco.eus\/es\/producto\/pulsera-de-lauburu-con-correa-milanesa\/#breadcrumb\"},\"inLanguage\":\"es\",\"potentialAction\":[{\"@type\":\"ReadAction\",\"target\":[\"https:\/\/denda.museodelnacionalismovasco.eus\/es\/producto\/pulsera-de-lauburu-con-correa-milanesa\/\"]}]},{\"@type\":\"ImageObject\",\"inLanguage\":\"es\",\"@id\":\"https:\/\/denda.museodelnacionalismovasco.eus\/es\/producto\/pulsera-de-lauburu-con-correa-milanesa\/#primaryimage\",\"url\":\"https:\/\/denda.museodelnacionalismovasco.eus\/wp-content\/uploads\/2024\/06\/Pulsera-metal-lauburu.jpg\",\"contentUrl\":\"https:\/\/denda.museodelnacionalismovasco.eus\/wp-content\/uploads\/2024\/06\/Pulsera-metal-lauburu.jpg\",\"width\":565,\"height\":565,\"caption\":\"Elegante pulsera con Abalorios en forma de Lauburu.\"},{\"@type\":\"BreadcrumbList\",\"@id\":\"https:\/\/denda.museodelnacionalismovasco.eus\/es\/producto\/pulsera-de-lauburu-con-correa-milanesa\/#breadcrumb\",\"itemListElement\":[{\"@type\":\"ListItem\",\"position\":1,\"name\":\"Portada\",\"item\":\"https:\/\/denda.museodelnacionalismovasco.eus\/es\/\"},{\"@type\":\"ListItem\",\"position\":2,\"name\":\"Shop\",\"item\":\"https:\/\/denda.museodelnacionalismovasco.eus\/es\/shop\/\"},{\"@type\":\"ListItem\",\"position\":3,\"name\":\"Pulsera de Lauburu con correa milanesa\"}]},{\"@type\":\"WebSite\",\"@id\":\"https:\/\/denda.museodelnacionalismovasco.eus\/es\/#website\",\"url\":\"https:\/\/denda.museodelnacionalismovasco.eus\/es\/\",\"name\":\"Museo del Nacionalismo Vasco - Tienda\",\"description\":\"\",\"potentialAction\":[{\"@type\":\"SearchAction\",\"target\":{\"@type\":\"EntryPoint\",\"urlTemplate\":\"https:\/\/denda.museodelnacionalismovasco.eus\/es\/?s={search_term_string}\"},\"query-input\":{\"@type\":\"PropertyValueSpecification\",\"valueRequired\":true,\"valueName\":\"search_term_string\"}}],\"inLanguage\":\"es\"}]}<\/script>\n<!-- \/ Yoast SEO plugin. -->","yoast_head_json":{"title":"Pulsera de Lauburu con correa milanesa - Museo del Nacionalismo Vasco - Tienda","description":"Pulsera de Lauburu con correa milanesa - Museo del Nacionalismo Vasco - Tienda","robots":{"index":"index","follow":"follow","max-snippet":"max-snippet:-1","max-image-preview":"max-image-preview:large","max-video-preview":"max-video-preview:-1"},"canonical":"https:\/\/denda.museodelnacionalismovasco.eus\/es\/producto\/pulsera-de-lauburu-con-correa-milanesa\/","og_locale":"es_ES","og_type":"article","og_title":"Pulsera de Lauburu con correa milanesa - Museo del Nacionalismo Vasco - Tienda","og_description":"Pulsera de Lauburu con correa milanesa - Museo del Nacionalismo Vasco - Tienda","og_url":"https:\/\/denda.museodelnacionalismovasco.eus\/es\/producto\/pulsera-de-lauburu-con-correa-milanesa\/","og_site_name":"Museo del Nacionalismo Vasco - Tienda","article_modified_time":"2025-06-18T15:36:35+00:00","og_image":[{"width":565,"height":565,"url":"https:\/\/denda.museodelnacionalismovasco.eus\/wp-content\/uploads\/2024\/06\/Pulsera-metal-lauburu.jpg","type":"image\/jpeg"}],"twitter_card":"summary_large_image","twitter_misc":{"Tiempo de lectura":"1 minuto"},"schema":{"@context":"https:\/\/schema.org","@graph":[{"@type":"WebPage","@id":"https:\/\/denda.museodelnacionalismovasco.eus\/es\/producto\/pulsera-de-lauburu-con-correa-milanesa\/","url":"https:\/\/denda.museodelnacionalismovasco.eus\/es\/producto\/pulsera-de-lauburu-con-correa-milanesa\/","name":"Pulsera de Lauburu con correa milanesa - Museo del Nacionalismo Vasco - Tienda","isPartOf":{"@id":"https:\/\/denda.museodelnacionalismovasco.eus\/es\/#website"},"primaryImageOfPage":{"@id":"https:\/\/denda.museodelnacionalismovasco.eus\/es\/producto\/pulsera-de-lauburu-con-correa-milanesa\/#primaryimage"},"image":{"@id":"https:\/\/denda.museodelnacionalismovasco.eus\/es\/producto\/pulsera-de-lauburu-con-correa-milanesa\/#primaryimage"},"thumbnailUrl":"https:\/\/denda.museodelnacionalismovasco.eus\/wp-content\/uploads\/2024\/06\/Pulsera-metal-lauburu.jpg","datePublished":"2024-06-28T18:20:45+00:00","dateModified":"2025-06-18T15:36:35+00:00","description":"Pulsera de Lauburu con correa milanesa - Museo del Nacionalismo Vasco - Tienda","breadcrumb":{"@id":"https:\/\/denda.museodelnacionalismovasco.eus\/es\/producto\/pulsera-de-lauburu-con-correa-milanesa\/#breadcrumb"},"inLanguage":"es","potentialAction":[{"@type":"ReadAction","target":["https:\/\/denda.museodelnacionalismovasco.eus\/es\/producto\/pulsera-de-lauburu-con-correa-milanesa\/"]}]},{"@type":"ImageObject","inLanguage":"es","@id":"https:\/\/denda.museodelnacionalismovasco.eus\/es\/producto\/pulsera-de-lauburu-con-correa-milanesa\/#primaryimage","url":"https:\/\/denda.museodelnacionalismovasco.eus\/wp-content\/uploads\/2024\/06\/Pulsera-metal-lauburu.jpg","contentUrl":"https:\/\/denda.museodelnacionalismovasco.eus\/wp-content\/uploads\/2024\/06\/Pulsera-metal-lauburu.jpg","width":565,"height":565,"caption":"Elegante pulsera con Abalorios en forma de Lauburu."},{"@type":"BreadcrumbList","@id":"https:\/\/denda.museodelnacionalismovasco.eus\/es\/producto\/pulsera-de-lauburu-con-correa-milanesa\/#breadcrumb","itemListElement":[{"@type":"ListItem","position":1,"name":"Portada","item":"https:\/\/denda.museodelnacionalismovasco.eus\/es\/"},{"@type":"ListItem","position":2,"name":"Shop","item":"https:\/\/denda.museodelnacionalismovasco.eus\/es\/shop\/"},{"@type":"ListItem","position":3,"name":"Pulsera de Lauburu con correa milanesa"}]},{"@type":"WebSite","@id":"https:\/\/denda.museodelnacionalismovasco.eus\/es\/#website","url":"https:\/\/denda.museodelnacionalismovasco.eus\/es\/","name":"Museo del Nacionalismo Vasco - Tienda","description":"","potentialAction":[{"@type":"SearchAction","target":{"@type":"EntryPoint","urlTemplate":"https:\/\/denda.museodelnacionalismovasco.eus\/es\/?s={search_term_string}"},"query-input":{"@type":"PropertyValueSpecification","valueRequired":true,"valueName":"search_term_string"}}],"inLanguage":"es"}]}},"_links":{"self":[{"href":"https:\/\/denda.museodelnacionalismovasco.eus\/es\/wp-json\/wp\/v2\/product\/5538","targetHints":{"allow":["GET"]}}],"collection":[{"href":"https:\/\/denda.museodelnacionalismovasco.eus\/es\/wp-json\/wp\/v2\/product"}],"about":[{"href":"https:\/\/denda.museodelnacionalismovasco.eus\/es\/wp-json\/wp\/v2\/types\/product"}],"wp:featuredmedia":[{"embeddable":true,"href":"https:\/\/denda.museodelnacionalismovasco.eus\/es\/wp-json\/wp\/v2\/media\/5539"}],"wp:attachment":[{"href":"https:\/\/denda.museodelnacionalismovasco.eus\/es\/wp-json\/wp\/v2\/media?parent=5538"}],"wp:term":[{"taxonomy":"product_brand","embeddable":true,"href":"https:\/\/denda.museodelnacionalismovasco.eus\/es\/wp-json\/wp\/v2\/product_brand?post=5538"},{"taxonomy":"product_cat","embeddable":true,"href":"https:\/\/denda.museodelnacionalismovasco.eus\/es\/wp-json\/wp\/v2\/product_cat?post=5538"},{"taxonomy":"product_tag","embeddable":true,"href":"https:\/\/denda.museodelnacionalismovasco.eus\/es\/wp-json\/wp\/v2\/product_tag?post=5538"}],"curies":[{"name":"wp","href":"https:\/\/api.w.org\/{rel}","templated":true}]}}