{"id":5483,"date":"2024-06-12T20:42:48","date_gmt":"2024-06-12T19:42:48","guid":{"rendered":"https:\/\/denda.museodelnacionalismovasco.eus\/?post_type=product&#038;p=5483"},"modified":"2025-06-16T10:51:49","modified_gmt":"2025-06-16T09:51:49","slug":"colgante-lauburu-de-colores","status":"publish","type":"product","link":"https:\/\/denda.museodelnacionalismovasco.eus\/es\/producto\/colgante-lauburu-de-colores\/","title":{"rendered":"Colgante Lauburu de colores &#8211; 30mm"},"content":{"rendered":"<p>Colgante en forma de Lauburu, el s\u00edmbolo mitol\u00f3gico vasco muy presente en la cultura y costumbres de Euskadi. El colgante\u00a0est\u00e1 elaborado de acero quir\u00fargico inoxidable de la mejor calidad y esmalte de colores.<\/p>\n<div id=\"tab-description\" class=\"woocommerce-Tabs-panel woocommerce-Tabs-panel--description panel entry-content wc-tab\" role=\"tabpanel\" aria-labelledby=\"tab-title-description\">\n<h2>Descripci\u00f3n<\/h2>\n<p>Precioso colgante en forma de Lauburu. Este amuleto de cuatro hojas es un s\u00edmbolo mitol\u00f3gico ancestral muy\u00a0caracter\u00edstico\u00a0en la cultura y costumbres del Pa\u00eds Vasco. El\u00a0<em>Lauburu<\/em>\u00a0(\u201ccuatro cabezas\u201d) representa un sol en movimiento, del cual estaba extendida la creencia de que dicho sol ten\u00eda poder contra la influencia del mal. Las cabezas de la vertical representan a la expresi\u00f3n femenina (emocional y perceptiva) o los elementos del fuego y del agua. Por su parte, las cabezas horizontales simbolizan la energ\u00eda masculina (mental y f\u00edsica) o los elementos aire y\u00a0tierra.<\/p>\n<ul>\n<li>Composici\u00f3n:\u00a0 Acero inoxidable quir\u00fargico \u00a0316 L hipoalerg\u00e9nico (no magn\u00e9tico), Esmalte de colores.<\/li>\n<li>Tama\u00f1o:\u00a0 Di\u00e1metro del colgante:\u00a0 L 30mm,<\/li>\n<li>Soporte: Cadena de aprox. 45cm de largo de acero inoxidable.<\/li>\n<li>Presentaci\u00f3n: 1x Cajita de cart\u00f3n \u00abBasque Live\u00bb, 1x Descripci\u00f3n, 1x Colgante Lauburu.<\/li>\n<li>Peso con embalaje: Aprox. 30 gramos.<\/li>\n<\/ul>\n<\/div>\n","protected":false},"excerpt":{"rendered":"<h2>Descripci\u00f3n<\/h2>\n<p>Directamente del taller artesanal <strong>Basque Live<\/strong>: joyas de acero <strong>quir\u00fargico<\/strong>, todos los dise\u00f1os exclusivos, \u00fanicos y originales de Euskal Herria!<\/p>\n<p>Precioso colgante en forma de <strong>Lauburu<\/strong>. Este <strong>amuleto<\/strong> de cuatro hojas es un s\u00edmbolo mitol\u00f3gico ancestral muy\u00a0caracter\u00edstico\u00a0en la cultura y costumbres del <strong>Pa\u00eds Vasco<\/strong>. El\u00a0<em><strong>Lauburu<\/strong><\/em>\u00a0(\u201ccuatro cabezas\u201d) representa un <strong>sol en movimiento<\/strong>, del cual estaba extendida la creencia de que dicho <strong>sol<\/strong> ten\u00eda poder contra la influencia del mal. Las cabezas de la vertical representan a la expresi\u00f3n femenina (emocional y perceptiva) o los elementos del <strong>fuego<\/strong> y del <strong>agua<\/strong>. Por su parte, las cabezas horizontales simbolizan la energ\u00eda masculina (mental y f\u00edsica) o los elementos <strong>aire<\/strong> y\u00a0<strong>tierra<\/strong>.<\/p>\n<ul>\n<li><strong>Composici\u00f3n:<\/strong>\u00a0 Acero inoxidable quir\u00fargico \u00a0316 L hipoalerg\u00e9nico (no magn\u00e9tico), Esmalte de colores.<\/li>\n<li><strong>Tama\u00f1o:<\/strong>\u00a0 Di\u00e1metros de los\u00a0<strong>colgantes<\/strong>:\u00a0 L 30mm, S 15mm<\/li>\n<li><strong>Soporte:<\/strong> Cadena de aprox. 45cm de largo de acero inoxidable.<\/li>\n<li><strong>Presentaci\u00f3n:<\/strong> 1x Cajita de cart\u00f3n <strong>\u00abBasque Live\u00bb<\/strong>, 1x Descripci\u00f3n, 1x Colgante <strong>Lauburu.<\/strong><\/li>\n<li><strong>Peso con embalaje:<\/strong> Aprox. 30 gramos.<\/li>\n<\/ul>\n","protected":false},"featured_media":5490,"template":"","meta":[],"product_brand":[],"product_cat":[170,145],"product_tag":[173,172,131,139],"class_list":{"0":"post-5483","1":"product","2":"type-product","3":"status-publish","4":"has-post-thumbnail","6":"product_cat-colgante","7":"product_cat-joyeria","8":"product_tag-colgante","9":"product_tag-lauburu","10":"product_tag-museo-del-nacionalismo-vasco","11":"product_tag-tienda","13":"first","14":"instock","15":"shipping-taxable","16":"purchasable","17":"product-type-variable"},"yoast_head":"<!-- This site is optimized with the Yoast SEO plugin v24.7 - https:\/\/yoast.com\/wordpress\/plugins\/seo\/ -->\n<title>Colgante Lauburu de colores - 30mm - Museo del Nacionalismo Vasco - Tienda<\/title>\n<meta name=\"description\" content=\"Colgante Lauburu de colores - 30mm - Museo del Nacionalismo Vasco - Tienda Incre\u00edble colgante en forma de Lauburu, el s\u00edmbolo mitol\u00f3gico vasco muy presente en la cultura y costumbres de Euskadi. El colgante\u00a0est\u00e1 elaborado de acero quir\u00fargico inoxidable de la mejor calidad y esmalte de colores.\" \/>\n<meta name=\"robots\" content=\"index, follow, max-snippet:-1, max-image-preview:large, max-video-preview:-1\" \/>\n<link rel=\"canonical\" href=\"https:\/\/denda.museodelnacionalismovasco.eus\/es\/producto\/colgante-lauburu-de-colores\/\" \/>\n<meta property=\"og:locale\" content=\"es_ES\" \/>\n<meta property=\"og:type\" content=\"article\" \/>\n<meta property=\"og:title\" content=\"Colgante Lauburu de colores - 30mm - Museo del Nacionalismo Vasco - Tienda\" \/>\n<meta property=\"og:description\" content=\"Colgante Lauburu de colores - 30mm - Museo del Nacionalismo Vasco - Tienda Incre\u00edble colgante en forma de Lauburu, el s\u00edmbolo mitol\u00f3gico vasco muy presente en la cultura y costumbres de Euskadi. El colgante\u00a0est\u00e1 elaborado de acero quir\u00fargico inoxidable de la mejor calidad y esmalte de colores.\" \/>\n<meta property=\"og:url\" content=\"https:\/\/denda.museodelnacionalismovasco.eus\/es\/producto\/colgante-lauburu-de-colores\/\" \/>\n<meta property=\"og:site_name\" content=\"Museo del Nacionalismo Vasco - Tienda\" \/>\n<meta property=\"article:modified_time\" content=\"2025-06-16T09:51:49+00:00\" \/>\n<meta property=\"og:image\" content=\"https:\/\/denda.museodelnacionalismovasco.eus\/wp-content\/uploads\/2024\/06\/lauburu-colores-colgante-4.jpg\" \/>\n\t<meta property=\"og:image:width\" content=\"565\" \/>\n\t<meta property=\"og:image:height\" content=\"565\" \/>\n\t<meta property=\"og:image:type\" content=\"image\/jpeg\" \/>\n<meta name=\"twitter:card\" content=\"summary_large_image\" \/>\n<meta name=\"twitter:label1\" content=\"Tiempo de lectura\" \/>\n\t<meta name=\"twitter:data1\" content=\"1 minuto\" \/>\n<script type=\"application\/ld+json\" class=\"yoast-schema-graph\">{\"@context\":\"https:\/\/schema.org\",\"@graph\":[{\"@type\":\"WebPage\",\"@id\":\"https:\/\/denda.museodelnacionalismovasco.eus\/es\/producto\/colgante-lauburu-de-colores\/\",\"url\":\"https:\/\/denda.museodelnacionalismovasco.eus\/es\/producto\/colgante-lauburu-de-colores\/\",\"name\":\"Colgante Lauburu de colores - 30mm - Museo del Nacionalismo Vasco - Tienda\",\"isPartOf\":{\"@id\":\"https:\/\/denda.museodelnacionalismovasco.eus\/es\/#website\"},\"primaryImageOfPage\":{\"@id\":\"https:\/\/denda.museodelnacionalismovasco.eus\/es\/producto\/colgante-lauburu-de-colores\/#primaryimage\"},\"image\":{\"@id\":\"https:\/\/denda.museodelnacionalismovasco.eus\/es\/producto\/colgante-lauburu-de-colores\/#primaryimage\"},\"thumbnailUrl\":\"https:\/\/denda.museodelnacionalismovasco.eus\/wp-content\/uploads\/2024\/06\/lauburu-colores-colgante-4.jpg\",\"datePublished\":\"2024-06-12T19:42:48+00:00\",\"dateModified\":\"2025-06-16T09:51:49+00:00\",\"description\":\"Colgante Lauburu de colores - 30mm - Museo del Nacionalismo Vasco - Tienda Incre\u00edble colgante en forma de Lauburu, el s\u00edmbolo mitol\u00f3gico vasco muy presente en la cultura y costumbres de Euskadi. El colgante\u00a0est\u00e1 elaborado de acero quir\u00fargico inoxidable de la mejor calidad y esmalte de colores.\",\"breadcrumb\":{\"@id\":\"https:\/\/denda.museodelnacionalismovasco.eus\/es\/producto\/colgante-lauburu-de-colores\/#breadcrumb\"},\"inLanguage\":\"es\",\"potentialAction\":[{\"@type\":\"ReadAction\",\"target\":[\"https:\/\/denda.museodelnacionalismovasco.eus\/es\/producto\/colgante-lauburu-de-colores\/\"]}]},{\"@type\":\"ImageObject\",\"inLanguage\":\"es\",\"@id\":\"https:\/\/denda.museodelnacionalismovasco.eus\/es\/producto\/colgante-lauburu-de-colores\/#primaryimage\",\"url\":\"https:\/\/denda.museodelnacionalismovasco.eus\/wp-content\/uploads\/2024\/06\/lauburu-colores-colgante-4.jpg\",\"contentUrl\":\"https:\/\/denda.museodelnacionalismovasco.eus\/wp-content\/uploads\/2024\/06\/lauburu-colores-colgante-4.jpg\",\"width\":565,\"height\":565,\"caption\":\"Colgante lauburu de colores - Koloretako lauburu zintzilikarioa\"},{\"@type\":\"BreadcrumbList\",\"@id\":\"https:\/\/denda.museodelnacionalismovasco.eus\/es\/producto\/colgante-lauburu-de-colores\/#breadcrumb\",\"itemListElement\":[{\"@type\":\"ListItem\",\"position\":1,\"name\":\"Portada\",\"item\":\"https:\/\/denda.museodelnacionalismovasco.eus\/es\/\"},{\"@type\":\"ListItem\",\"position\":2,\"name\":\"Shop\",\"item\":\"https:\/\/denda.museodelnacionalismovasco.eus\/es\/shop\/\"},{\"@type\":\"ListItem\",\"position\":3,\"name\":\"Colgante Lauburu de colores &#8211; 30mm\"}]},{\"@type\":\"WebSite\",\"@id\":\"https:\/\/denda.museodelnacionalismovasco.eus\/es\/#website\",\"url\":\"https:\/\/denda.museodelnacionalismovasco.eus\/es\/\",\"name\":\"Museo del Nacionalismo Vasco - Tienda\",\"description\":\"\",\"potentialAction\":[{\"@type\":\"SearchAction\",\"target\":{\"@type\":\"EntryPoint\",\"urlTemplate\":\"https:\/\/denda.museodelnacionalismovasco.eus\/es\/?s={search_term_string}\"},\"query-input\":{\"@type\":\"PropertyValueSpecification\",\"valueRequired\":true,\"valueName\":\"search_term_string\"}}],\"inLanguage\":\"es\"}]}<\/script>\n<!-- \/ Yoast SEO plugin. -->","yoast_head_json":{"title":"Colgante Lauburu de colores - 30mm - Museo del Nacionalismo Vasco - Tienda","description":"Colgante Lauburu de colores - 30mm - Museo del Nacionalismo Vasco - Tienda Incre\u00edble colgante en forma de Lauburu, el s\u00edmbolo mitol\u00f3gico vasco muy presente en la cultura y costumbres de Euskadi. El colgante\u00a0est\u00e1 elaborado de acero quir\u00fargico inoxidable de la mejor calidad y esmalte de colores.","robots":{"index":"index","follow":"follow","max-snippet":"max-snippet:-1","max-image-preview":"max-image-preview:large","max-video-preview":"max-video-preview:-1"},"canonical":"https:\/\/denda.museodelnacionalismovasco.eus\/es\/producto\/colgante-lauburu-de-colores\/","og_locale":"es_ES","og_type":"article","og_title":"Colgante Lauburu de colores - 30mm - Museo del Nacionalismo Vasco - Tienda","og_description":"Colgante Lauburu de colores - 30mm - Museo del Nacionalismo Vasco - Tienda Incre\u00edble colgante en forma de Lauburu, el s\u00edmbolo mitol\u00f3gico vasco muy presente en la cultura y costumbres de Euskadi. El colgante\u00a0est\u00e1 elaborado de acero quir\u00fargico inoxidable de la mejor calidad y esmalte de colores.","og_url":"https:\/\/denda.museodelnacionalismovasco.eus\/es\/producto\/colgante-lauburu-de-colores\/","og_site_name":"Museo del Nacionalismo Vasco - Tienda","article_modified_time":"2025-06-16T09:51:49+00:00","og_image":[{"width":565,"height":565,"url":"https:\/\/denda.museodelnacionalismovasco.eus\/wp-content\/uploads\/2024\/06\/lauburu-colores-colgante-4.jpg","type":"image\/jpeg"}],"twitter_card":"summary_large_image","twitter_misc":{"Tiempo de lectura":"1 minuto"},"schema":{"@context":"https:\/\/schema.org","@graph":[{"@type":"WebPage","@id":"https:\/\/denda.museodelnacionalismovasco.eus\/es\/producto\/colgante-lauburu-de-colores\/","url":"https:\/\/denda.museodelnacionalismovasco.eus\/es\/producto\/colgante-lauburu-de-colores\/","name":"Colgante Lauburu de colores - 30mm - Museo del Nacionalismo Vasco - Tienda","isPartOf":{"@id":"https:\/\/denda.museodelnacionalismovasco.eus\/es\/#website"},"primaryImageOfPage":{"@id":"https:\/\/denda.museodelnacionalismovasco.eus\/es\/producto\/colgante-lauburu-de-colores\/#primaryimage"},"image":{"@id":"https:\/\/denda.museodelnacionalismovasco.eus\/es\/producto\/colgante-lauburu-de-colores\/#primaryimage"},"thumbnailUrl":"https:\/\/denda.museodelnacionalismovasco.eus\/wp-content\/uploads\/2024\/06\/lauburu-colores-colgante-4.jpg","datePublished":"2024-06-12T19:42:48+00:00","dateModified":"2025-06-16T09:51:49+00:00","description":"Colgante Lauburu de colores - 30mm - Museo del Nacionalismo Vasco - Tienda Incre\u00edble colgante en forma de Lauburu, el s\u00edmbolo mitol\u00f3gico vasco muy presente en la cultura y costumbres de Euskadi. El colgante\u00a0est\u00e1 elaborado de acero quir\u00fargico inoxidable de la mejor calidad y esmalte de colores.","breadcrumb":{"@id":"https:\/\/denda.museodelnacionalismovasco.eus\/es\/producto\/colgante-lauburu-de-colores\/#breadcrumb"},"inLanguage":"es","potentialAction":[{"@type":"ReadAction","target":["https:\/\/denda.museodelnacionalismovasco.eus\/es\/producto\/colgante-lauburu-de-colores\/"]}]},{"@type":"ImageObject","inLanguage":"es","@id":"https:\/\/denda.museodelnacionalismovasco.eus\/es\/producto\/colgante-lauburu-de-colores\/#primaryimage","url":"https:\/\/denda.museodelnacionalismovasco.eus\/wp-content\/uploads\/2024\/06\/lauburu-colores-colgante-4.jpg","contentUrl":"https:\/\/denda.museodelnacionalismovasco.eus\/wp-content\/uploads\/2024\/06\/lauburu-colores-colgante-4.jpg","width":565,"height":565,"caption":"Colgante lauburu de colores - Koloretako lauburu zintzilikarioa"},{"@type":"BreadcrumbList","@id":"https:\/\/denda.museodelnacionalismovasco.eus\/es\/producto\/colgante-lauburu-de-colores\/#breadcrumb","itemListElement":[{"@type":"ListItem","position":1,"name":"Portada","item":"https:\/\/denda.museodelnacionalismovasco.eus\/es\/"},{"@type":"ListItem","position":2,"name":"Shop","item":"https:\/\/denda.museodelnacionalismovasco.eus\/es\/shop\/"},{"@type":"ListItem","position":3,"name":"Colgante Lauburu de colores &#8211; 30mm"}]},{"@type":"WebSite","@id":"https:\/\/denda.museodelnacionalismovasco.eus\/es\/#website","url":"https:\/\/denda.museodelnacionalismovasco.eus\/es\/","name":"Museo del Nacionalismo Vasco - Tienda","description":"","potentialAction":[{"@type":"SearchAction","target":{"@type":"EntryPoint","urlTemplate":"https:\/\/denda.museodelnacionalismovasco.eus\/es\/?s={search_term_string}"},"query-input":{"@type":"PropertyValueSpecification","valueRequired":true,"valueName":"search_term_string"}}],"inLanguage":"es"}]}},"_links":{"self":[{"href":"https:\/\/denda.museodelnacionalismovasco.eus\/es\/wp-json\/wp\/v2\/product\/5483","targetHints":{"allow":["GET"]}}],"collection":[{"href":"https:\/\/denda.museodelnacionalismovasco.eus\/es\/wp-json\/wp\/v2\/product"}],"about":[{"href":"https:\/\/denda.museodelnacionalismovasco.eus\/es\/wp-json\/wp\/v2\/types\/product"}],"wp:featuredmedia":[{"embeddable":true,"href":"https:\/\/denda.museodelnacionalismovasco.eus\/es\/wp-json\/wp\/v2\/media\/5490"}],"wp:attachment":[{"href":"https:\/\/denda.museodelnacionalismovasco.eus\/es\/wp-json\/wp\/v2\/media?parent=5483"}],"wp:term":[{"taxonomy":"product_brand","embeddable":true,"href":"https:\/\/denda.museodelnacionalismovasco.eus\/es\/wp-json\/wp\/v2\/product_brand?post=5483"},{"taxonomy":"product_cat","embeddable":true,"href":"https:\/\/denda.museodelnacionalismovasco.eus\/es\/wp-json\/wp\/v2\/product_cat?post=5483"},{"taxonomy":"product_tag","embeddable":true,"href":"https:\/\/denda.museodelnacionalismovasco.eus\/es\/wp-json\/wp\/v2\/product_tag?post=5483"}],"curies":[{"name":"wp","href":"https:\/\/api.w.org\/{rel}","templated":true}]}}