{"id":5214,"date":"2023-12-14T13:19:58","date_gmt":"2023-12-14T12:19:58","guid":{"rendered":"https:\/\/denda.museodelnacionalismovasco.eus\/?post_type=product&#038;p=5214"},"modified":"2024-04-04T12:13:04","modified_gmt":"2024-04-04T11:13:04","slug":"cuaderno-de-anillas-euzkadi","status":"publish","type":"product","link":"https:\/\/denda.museodelnacionalismovasco.eus\/es\/producto\/cuaderno-de-anillas-euzkadi\/","title":{"rendered":"Cuaderno de anillas Euzkadi"},"content":{"rendered":"<p>Cuaderno con la imagen del cuadro titulado \u00abEuzkadi\u00bb, que actualmente se puede ver en el Museo del Nacionalismo Vasco.<\/p>\n<p>\u00d3leo sobre lienzo en el que aparece representado el escudo de Euskadi sobre un \u00e1rbol como motivo central. El escudo est\u00e1 rodeado de escenas populares. Realizado posiblemente por Jos\u00e9 Arrue. Restaurado por la Diputaci\u00f3n Foral de Bizkaia.<\/p>\n","protected":false},"excerpt":{"rendered":"<p>Cuaderno con la imagen del cuadro titulado \u00abEuzkadi\u00bb, que actualmente se puede ver en el Museo del Nacionalismo Vasco.<\/p>\n","protected":false},"featured_media":5215,"template":"","meta":[],"product_brand":[],"product_cat":[130,67],"product_tag":[137,135,133,138,136,132,134,131,140,139],"class_list":{"0":"post-5214","1":"product","2":"type-product","3":"status-publish","4":"has-post-thumbnail","6":"product_cat-cuaderno-anillas","7":"product_cat-papeleria","8":"product_tag-basquecountry","9":"product_tag-cuaderno","10":"product_tag-cuaderno-de-anillas","11":"product_tag-denda","12":"product_tag-euskadi","13":"product_tag-euskal-abertzaletasunaren-museoa","14":"product_tag-euzkadi","15":"product_tag-museo-del-nacionalismo-vasco","16":"product_tag-museum-of-basque-nationalism","17":"product_tag-tienda","19":"first","20":"instock","21":"shipping-taxable","22":"purchasable","23":"product-type-variable"},"yoast_head":"<!-- This site is optimized with the Yoast SEO plugin v24.7 - https:\/\/yoast.com\/wordpress\/plugins\/seo\/ -->\n<title>Cuaderno de anillas Euzkadi - Museo del Nacionalismo Vasco - Tienda<\/title>\n<meta name=\"description\" content=\"Cuaderno con la imagen del cuadro titulado &quot;Euzkadi&quot;, que actualmente se puede ver en el Museo del Nacionalismo Vasco.\u00d3leo sobre lienzo en el que aparece representado el escudo de Euskadi sobre un \u00e1rbol como motivo central. El escudo est\u00e1 rodeado de escenas populares. Disponible en nuestra tienda online y en nuestras tiendas presenciales tanto en el Museo del Nacionalismo Vasco como en la Fundaci\u00f3n Sabino Arana. Precio normal 4\u20ac - Precio Amigo del Museo 2\u20ac\" \/>\n<meta name=\"robots\" content=\"index, follow, max-snippet:-1, max-image-preview:large, max-video-preview:-1\" \/>\n<link rel=\"canonical\" href=\"https:\/\/denda.museodelnacionalismovasco.eus\/es\/producto\/cuaderno-de-anillas-euzkadi\/\" \/>\n<meta property=\"og:locale\" content=\"es_ES\" \/>\n<meta property=\"og:type\" content=\"article\" \/>\n<meta property=\"og:title\" content=\"Cuaderno de anillas Euzkadi - Museo del Nacionalismo Vasco - Tienda\" \/>\n<meta property=\"og:description\" content=\"Cuaderno con la imagen del cuadro titulado &quot;Euzkadi&quot;, que actualmente se puede ver en el Museo del Nacionalismo Vasco.\u00d3leo sobre lienzo en el que aparece representado el escudo de Euskadi sobre un \u00e1rbol como motivo central. El escudo est\u00e1 rodeado de escenas populares. Disponible en nuestra tienda online y en nuestras tiendas presenciales tanto en el Museo del Nacionalismo Vasco como en la Fundaci\u00f3n Sabino Arana. Precio normal 4\u20ac - Precio Amigo del Museo 2\u20ac\" \/>\n<meta property=\"og:url\" content=\"https:\/\/denda.museodelnacionalismovasco.eus\/es\/producto\/cuaderno-de-anillas-euzkadi\/\" \/>\n<meta property=\"og:site_name\" content=\"Museo del Nacionalismo Vasco - Tienda\" \/>\n<meta property=\"article:modified_time\" content=\"2024-04-04T11:13:04+00:00\" \/>\n<meta property=\"og:image\" content=\"https:\/\/denda.museodelnacionalismovasco.eus\/wp-content\/uploads\/2023\/12\/cuaderno-002.jpg\" \/>\n\t<meta property=\"og:image:width\" content=\"1471\" \/>\n\t<meta property=\"og:image:height\" content=\"1472\" \/>\n\t<meta property=\"og:image:type\" content=\"image\/jpeg\" \/>\n<meta name=\"twitter:card\" content=\"summary_large_image\" \/>\n<script type=\"application\/ld+json\" class=\"yoast-schema-graph\">{\"@context\":\"https:\/\/schema.org\",\"@graph\":[{\"@type\":\"WebPage\",\"@id\":\"https:\/\/denda.museodelnacionalismovasco.eus\/es\/producto\/cuaderno-de-anillas-euzkadi\/\",\"url\":\"https:\/\/denda.museodelnacionalismovasco.eus\/es\/producto\/cuaderno-de-anillas-euzkadi\/\",\"name\":\"Cuaderno de anillas Euzkadi - Museo del Nacionalismo Vasco - Tienda\",\"isPartOf\":{\"@id\":\"https:\/\/denda.museodelnacionalismovasco.eus\/es\/#website\"},\"primaryImageOfPage\":{\"@id\":\"https:\/\/denda.museodelnacionalismovasco.eus\/es\/producto\/cuaderno-de-anillas-euzkadi\/#primaryimage\"},\"image\":{\"@id\":\"https:\/\/denda.museodelnacionalismovasco.eus\/es\/producto\/cuaderno-de-anillas-euzkadi\/#primaryimage\"},\"thumbnailUrl\":\"https:\/\/denda.museodelnacionalismovasco.eus\/wp-content\/uploads\/2023\/12\/cuaderno-002.jpg\",\"datePublished\":\"2023-12-14T12:19:58+00:00\",\"dateModified\":\"2024-04-04T11:13:04+00:00\",\"description\":\"Cuaderno con la imagen del cuadro titulado \\\"Euzkadi\\\", que actualmente se puede ver en el Museo del Nacionalismo Vasco.\u00d3leo sobre lienzo en el que aparece representado el escudo de Euskadi sobre un \u00e1rbol como motivo central. El escudo est\u00e1 rodeado de escenas populares. Disponible en nuestra tienda online y en nuestras tiendas presenciales tanto en el Museo del Nacionalismo Vasco como en la Fundaci\u00f3n Sabino Arana. Precio normal 4\u20ac - Precio Amigo del Museo 2\u20ac\",\"breadcrumb\":{\"@id\":\"https:\/\/denda.museodelnacionalismovasco.eus\/es\/producto\/cuaderno-de-anillas-euzkadi\/#breadcrumb\"},\"inLanguage\":\"es\",\"potentialAction\":[{\"@type\":\"ReadAction\",\"target\":[\"https:\/\/denda.museodelnacionalismovasco.eus\/es\/producto\/cuaderno-de-anillas-euzkadi\/\"]}]},{\"@type\":\"ImageObject\",\"inLanguage\":\"es\",\"@id\":\"https:\/\/denda.museodelnacionalismovasco.eus\/es\/producto\/cuaderno-de-anillas-euzkadi\/#primaryimage\",\"url\":\"https:\/\/denda.museodelnacionalismovasco.eus\/wp-content\/uploads\/2023\/12\/cuaderno-002.jpg\",\"contentUrl\":\"https:\/\/denda.museodelnacionalismovasco.eus\/wp-content\/uploads\/2023\/12\/cuaderno-002.jpg\",\"width\":1471,\"height\":1472,\"caption\":\"Cuaderno de anillas Euzkadi uztai-koadernoa\"},{\"@type\":\"BreadcrumbList\",\"@id\":\"https:\/\/denda.museodelnacionalismovasco.eus\/es\/producto\/cuaderno-de-anillas-euzkadi\/#breadcrumb\",\"itemListElement\":[{\"@type\":\"ListItem\",\"position\":1,\"name\":\"Portada\",\"item\":\"https:\/\/denda.museodelnacionalismovasco.eus\/es\/\"},{\"@type\":\"ListItem\",\"position\":2,\"name\":\"Shop\",\"item\":\"https:\/\/denda.museodelnacionalismovasco.eus\/es\/shop\/\"},{\"@type\":\"ListItem\",\"position\":3,\"name\":\"Cuaderno de anillas Euzkadi\"}]},{\"@type\":\"WebSite\",\"@id\":\"https:\/\/denda.museodelnacionalismovasco.eus\/es\/#website\",\"url\":\"https:\/\/denda.museodelnacionalismovasco.eus\/es\/\",\"name\":\"Museo del Nacionalismo Vasco - Tienda\",\"description\":\"\",\"potentialAction\":[{\"@type\":\"SearchAction\",\"target\":{\"@type\":\"EntryPoint\",\"urlTemplate\":\"https:\/\/denda.museodelnacionalismovasco.eus\/es\/?s={search_term_string}\"},\"query-input\":{\"@type\":\"PropertyValueSpecification\",\"valueRequired\":true,\"valueName\":\"search_term_string\"}}],\"inLanguage\":\"es\"}]}<\/script>\n<!-- \/ Yoast SEO plugin. -->","yoast_head_json":{"title":"Cuaderno de anillas Euzkadi - Museo del Nacionalismo Vasco - Tienda","description":"Cuaderno con la imagen del cuadro titulado \"Euzkadi\", que actualmente se puede ver en el Museo del Nacionalismo Vasco.\u00d3leo sobre lienzo en el que aparece representado el escudo de Euskadi sobre un \u00e1rbol como motivo central. El escudo est\u00e1 rodeado de escenas populares. Disponible en nuestra tienda online y en nuestras tiendas presenciales tanto en el Museo del Nacionalismo Vasco como en la Fundaci\u00f3n Sabino Arana. Precio normal 4\u20ac - Precio Amigo del Museo 2\u20ac","robots":{"index":"index","follow":"follow","max-snippet":"max-snippet:-1","max-image-preview":"max-image-preview:large","max-video-preview":"max-video-preview:-1"},"canonical":"https:\/\/denda.museodelnacionalismovasco.eus\/es\/producto\/cuaderno-de-anillas-euzkadi\/","og_locale":"es_ES","og_type":"article","og_title":"Cuaderno de anillas Euzkadi - Museo del Nacionalismo Vasco - Tienda","og_description":"Cuaderno con la imagen del cuadro titulado \"Euzkadi\", que actualmente se puede ver en el Museo del Nacionalismo Vasco.\u00d3leo sobre lienzo en el que aparece representado el escudo de Euskadi sobre un \u00e1rbol como motivo central. El escudo est\u00e1 rodeado de escenas populares. Disponible en nuestra tienda online y en nuestras tiendas presenciales tanto en el Museo del Nacionalismo Vasco como en la Fundaci\u00f3n Sabino Arana. Precio normal 4\u20ac - Precio Amigo del Museo 2\u20ac","og_url":"https:\/\/denda.museodelnacionalismovasco.eus\/es\/producto\/cuaderno-de-anillas-euzkadi\/","og_site_name":"Museo del Nacionalismo Vasco - Tienda","article_modified_time":"2024-04-04T11:13:04+00:00","og_image":[{"width":1471,"height":1472,"url":"https:\/\/denda.museodelnacionalismovasco.eus\/wp-content\/uploads\/2023\/12\/cuaderno-002.jpg","type":"image\/jpeg"}],"twitter_card":"summary_large_image","schema":{"@context":"https:\/\/schema.org","@graph":[{"@type":"WebPage","@id":"https:\/\/denda.museodelnacionalismovasco.eus\/es\/producto\/cuaderno-de-anillas-euzkadi\/","url":"https:\/\/denda.museodelnacionalismovasco.eus\/es\/producto\/cuaderno-de-anillas-euzkadi\/","name":"Cuaderno de anillas Euzkadi - Museo del Nacionalismo Vasco - Tienda","isPartOf":{"@id":"https:\/\/denda.museodelnacionalismovasco.eus\/es\/#website"},"primaryImageOfPage":{"@id":"https:\/\/denda.museodelnacionalismovasco.eus\/es\/producto\/cuaderno-de-anillas-euzkadi\/#primaryimage"},"image":{"@id":"https:\/\/denda.museodelnacionalismovasco.eus\/es\/producto\/cuaderno-de-anillas-euzkadi\/#primaryimage"},"thumbnailUrl":"https:\/\/denda.museodelnacionalismovasco.eus\/wp-content\/uploads\/2023\/12\/cuaderno-002.jpg","datePublished":"2023-12-14T12:19:58+00:00","dateModified":"2024-04-04T11:13:04+00:00","description":"Cuaderno con la imagen del cuadro titulado \"Euzkadi\", que actualmente se puede ver en el Museo del Nacionalismo Vasco.\u00d3leo sobre lienzo en el que aparece representado el escudo de Euskadi sobre un \u00e1rbol como motivo central. El escudo est\u00e1 rodeado de escenas populares. Disponible en nuestra tienda online y en nuestras tiendas presenciales tanto en el Museo del Nacionalismo Vasco como en la Fundaci\u00f3n Sabino Arana. Precio normal 4\u20ac - Precio Amigo del Museo 2\u20ac","breadcrumb":{"@id":"https:\/\/denda.museodelnacionalismovasco.eus\/es\/producto\/cuaderno-de-anillas-euzkadi\/#breadcrumb"},"inLanguage":"es","potentialAction":[{"@type":"ReadAction","target":["https:\/\/denda.museodelnacionalismovasco.eus\/es\/producto\/cuaderno-de-anillas-euzkadi\/"]}]},{"@type":"ImageObject","inLanguage":"es","@id":"https:\/\/denda.museodelnacionalismovasco.eus\/es\/producto\/cuaderno-de-anillas-euzkadi\/#primaryimage","url":"https:\/\/denda.museodelnacionalismovasco.eus\/wp-content\/uploads\/2023\/12\/cuaderno-002.jpg","contentUrl":"https:\/\/denda.museodelnacionalismovasco.eus\/wp-content\/uploads\/2023\/12\/cuaderno-002.jpg","width":1471,"height":1472,"caption":"Cuaderno de anillas Euzkadi uztai-koadernoa"},{"@type":"BreadcrumbList","@id":"https:\/\/denda.museodelnacionalismovasco.eus\/es\/producto\/cuaderno-de-anillas-euzkadi\/#breadcrumb","itemListElement":[{"@type":"ListItem","position":1,"name":"Portada","item":"https:\/\/denda.museodelnacionalismovasco.eus\/es\/"},{"@type":"ListItem","position":2,"name":"Shop","item":"https:\/\/denda.museodelnacionalismovasco.eus\/es\/shop\/"},{"@type":"ListItem","position":3,"name":"Cuaderno de anillas Euzkadi"}]},{"@type":"WebSite","@id":"https:\/\/denda.museodelnacionalismovasco.eus\/es\/#website","url":"https:\/\/denda.museodelnacionalismovasco.eus\/es\/","name":"Museo del Nacionalismo Vasco - Tienda","description":"","potentialAction":[{"@type":"SearchAction","target":{"@type":"EntryPoint","urlTemplate":"https:\/\/denda.museodelnacionalismovasco.eus\/es\/?s={search_term_string}"},"query-input":{"@type":"PropertyValueSpecification","valueRequired":true,"valueName":"search_term_string"}}],"inLanguage":"es"}]}},"_links":{"self":[{"href":"https:\/\/denda.museodelnacionalismovasco.eus\/es\/wp-json\/wp\/v2\/product\/5214","targetHints":{"allow":["GET"]}}],"collection":[{"href":"https:\/\/denda.museodelnacionalismovasco.eus\/es\/wp-json\/wp\/v2\/product"}],"about":[{"href":"https:\/\/denda.museodelnacionalismovasco.eus\/es\/wp-json\/wp\/v2\/types\/product"}],"wp:featuredmedia":[{"embeddable":true,"href":"https:\/\/denda.museodelnacionalismovasco.eus\/es\/wp-json\/wp\/v2\/media\/5215"}],"wp:attachment":[{"href":"https:\/\/denda.museodelnacionalismovasco.eus\/es\/wp-json\/wp\/v2\/media?parent=5214"}],"wp:term":[{"taxonomy":"product_brand","embeddable":true,"href":"https:\/\/denda.museodelnacionalismovasco.eus\/es\/wp-json\/wp\/v2\/product_brand?post=5214"},{"taxonomy":"product_cat","embeddable":true,"href":"https:\/\/denda.museodelnacionalismovasco.eus\/es\/wp-json\/wp\/v2\/product_cat?post=5214"},{"taxonomy":"product_tag","embeddable":true,"href":"https:\/\/denda.museodelnacionalismovasco.eus\/es\/wp-json\/wp\/v2\/product_tag?post=5214"}],"curies":[{"name":"wp","href":"https:\/\/api.w.org\/{rel}","templated":true}]}}