{"id":5045,"date":"2025-02-25T11:00:16","date_gmt":"2025-02-25T10:00:16","guid":{"rendered":"https:\/\/denda.museodelnacionalismovasco.eus\/?post_type=product&#038;p=5045"},"modified":"2025-10-31T13:23:03","modified_gmt":"2025-10-31T12:23:03","slug":"panuelo-eab","status":"publish","type":"product","link":"https:\/\/denda.museodelnacionalismovasco.eus\/es\/producto\/panuelo-eab\/","title":{"rendered":"Pa\u00f1uelo EAB"},"content":{"rendered":"<p>Pa\u00f1uelo de algod\u00f3n,\u00a0 con el dibujo de la imagen de la abandera de EAB (Emakume Abertzale Batza), que se realiz\u00f3 con motivo del centenario de la creaci\u00f3n de dicha asociaci\u00f3n en 2022.<\/p>\n","protected":false},"excerpt":{"rendered":"<p>Pa\u00f1uelo de algod\u00f3n,\u00a0 con el dibujo de la imagen de [&hellip;]<\/p>\n","protected":false},"featured_media":5048,"template":"","meta":[],"product_brand":[],"product_cat":[126,125],"product_tag":[137,138,196,136,132,134,131,140,139],"class_list":{"0":"post-5045","1":"product","2":"type-product","3":"status-publish","4":"has-post-thumbnail","6":"product_cat-panuelos","7":"product_cat-textil","8":"product_tag-basquecountry","9":"product_tag-denda","10":"product_tag-eab","11":"product_tag-euskadi","12":"product_tag-euskal-abertzaletasunaren-museoa","13":"product_tag-euzkadi","14":"product_tag-museo-del-nacionalismo-vasco","15":"product_tag-museum-of-basque-nationalism","16":"product_tag-tienda","18":"first","19":"instock","20":"featured","21":"shipping-taxable","22":"purchasable","23":"product-type-variable"},"yoast_head":"<!-- This site is optimized with the Yoast SEO plugin v24.7 - https:\/\/yoast.com\/wordpress\/plugins\/seo\/ -->\n<title>Pa\u00f1uelo EAB - Museo del Nacionalismo Vasco - Tienda<\/title>\n<meta name=\"description\" content=\"Pa\u00f1uelo de algod\u00f3n,\u00a0 con el dibujo de la imagen de la abandera de EAB (Emakume Abertzale Batza), que se realiz\u00f3 con motivo del centenario de la creaci\u00f3n de dicha asociaci\u00f3n en 2022.\" \/>\n<meta name=\"robots\" content=\"index, follow, max-snippet:-1, max-image-preview:large, max-video-preview:-1\" \/>\n<link rel=\"canonical\" href=\"https:\/\/denda.museodelnacionalismovasco.eus\/es\/producto\/panuelo-eab\/\" \/>\n<meta property=\"og:locale\" content=\"es_ES\" \/>\n<meta property=\"og:type\" content=\"article\" \/>\n<meta property=\"og:title\" content=\"Pa\u00f1uelo EAB - Museo del Nacionalismo Vasco - Tienda\" \/>\n<meta property=\"og:description\" content=\"Pa\u00f1uelo de algod\u00f3n,\u00a0 con el dibujo de la imagen de la abandera de EAB (Emakume Abertzale Batza), que se realiz\u00f3 con motivo del centenario de la creaci\u00f3n de dicha asociaci\u00f3n en 2022.\" \/>\n<meta property=\"og:url\" content=\"https:\/\/denda.museodelnacionalismovasco.eus\/es\/producto\/panuelo-eab\/\" \/>\n<meta property=\"og:site_name\" content=\"Museo del Nacionalismo Vasco - Tienda\" \/>\n<meta property=\"article:modified_time\" content=\"2025-10-31T12:23:03+00:00\" \/>\n<meta property=\"og:image\" content=\"https:\/\/denda.museodelnacionalismovasco.eus\/wp-content\/uploads\/2023\/03\/AJ_0004-scaled.jpg\" \/>\n\t<meta property=\"og:image:width\" content=\"2560\" \/>\n\t<meta property=\"og:image:height\" content=\"1707\" \/>\n\t<meta property=\"og:image:type\" content=\"image\/jpeg\" \/>\n<meta name=\"twitter:card\" content=\"summary_large_image\" \/>\n<meta name=\"twitter:label1\" content=\"Tiempo de lectura\" \/>\n\t<meta name=\"twitter:data1\" content=\"1 minuto\" \/>\n<script type=\"application\/ld+json\" class=\"yoast-schema-graph\">{\"@context\":\"https:\/\/schema.org\",\"@graph\":[{\"@type\":\"WebPage\",\"@id\":\"https:\/\/denda.museodelnacionalismovasco.eus\/es\/producto\/panuelo-eab\/\",\"url\":\"https:\/\/denda.museodelnacionalismovasco.eus\/es\/producto\/panuelo-eab\/\",\"name\":\"Pa\u00f1uelo EAB - Museo del Nacionalismo Vasco - Tienda\",\"isPartOf\":{\"@id\":\"https:\/\/denda.museodelnacionalismovasco.eus\/es\/#website\"},\"primaryImageOfPage\":{\"@id\":\"https:\/\/denda.museodelnacionalismovasco.eus\/es\/producto\/panuelo-eab\/#primaryimage\"},\"image\":{\"@id\":\"https:\/\/denda.museodelnacionalismovasco.eus\/es\/producto\/panuelo-eab\/#primaryimage\"},\"thumbnailUrl\":\"https:\/\/denda.museodelnacionalismovasco.eus\/wp-content\/uploads\/2023\/03\/AJ_0004-scaled.jpg\",\"datePublished\":\"2025-02-25T10:00:16+00:00\",\"dateModified\":\"2025-10-31T12:23:03+00:00\",\"description\":\"Pa\u00f1uelo de algod\u00f3n,\u00a0 con el dibujo de la imagen de la abandera de EAB (Emakume Abertzale Batza), que se realiz\u00f3 con motivo del centenario de la creaci\u00f3n de dicha asociaci\u00f3n en 2022.\",\"breadcrumb\":{\"@id\":\"https:\/\/denda.museodelnacionalismovasco.eus\/es\/producto\/panuelo-eab\/#breadcrumb\"},\"inLanguage\":\"es\",\"potentialAction\":[{\"@type\":\"ReadAction\",\"target\":[\"https:\/\/denda.museodelnacionalismovasco.eus\/es\/producto\/panuelo-eab\/\"]}]},{\"@type\":\"ImageObject\",\"inLanguage\":\"es\",\"@id\":\"https:\/\/denda.museodelnacionalismovasco.eus\/es\/producto\/panuelo-eab\/#primaryimage\",\"url\":\"https:\/\/denda.museodelnacionalismovasco.eus\/wp-content\/uploads\/2023\/03\/AJ_0004-scaled.jpg\",\"contentUrl\":\"https:\/\/denda.museodelnacionalismovasco.eus\/wp-content\/uploads\/2023\/03\/AJ_0004-scaled.jpg\",\"width\":2560,\"height\":1707},{\"@type\":\"BreadcrumbList\",\"@id\":\"https:\/\/denda.museodelnacionalismovasco.eus\/es\/producto\/panuelo-eab\/#breadcrumb\",\"itemListElement\":[{\"@type\":\"ListItem\",\"position\":1,\"name\":\"Portada\",\"item\":\"https:\/\/denda.museodelnacionalismovasco.eus\/es\/\"},{\"@type\":\"ListItem\",\"position\":2,\"name\":\"Shop\",\"item\":\"https:\/\/denda.museodelnacionalismovasco.eus\/es\/shop\/\"},{\"@type\":\"ListItem\",\"position\":3,\"name\":\"Pa\u00f1uelo EAB\"}]},{\"@type\":\"WebSite\",\"@id\":\"https:\/\/denda.museodelnacionalismovasco.eus\/es\/#website\",\"url\":\"https:\/\/denda.museodelnacionalismovasco.eus\/es\/\",\"name\":\"Museo del Nacionalismo Vasco - Tienda\",\"description\":\"\",\"potentialAction\":[{\"@type\":\"SearchAction\",\"target\":{\"@type\":\"EntryPoint\",\"urlTemplate\":\"https:\/\/denda.museodelnacionalismovasco.eus\/es\/?s={search_term_string}\"},\"query-input\":{\"@type\":\"PropertyValueSpecification\",\"valueRequired\":true,\"valueName\":\"search_term_string\"}}],\"inLanguage\":\"es\"}]}<\/script>\n<!-- \/ Yoast SEO plugin. -->","yoast_head_json":{"title":"Pa\u00f1uelo EAB - Museo del Nacionalismo Vasco - Tienda","description":"Pa\u00f1uelo de algod\u00f3n,\u00a0 con el dibujo de la imagen de la abandera de EAB (Emakume Abertzale Batza), que se realiz\u00f3 con motivo del centenario de la creaci\u00f3n de dicha asociaci\u00f3n en 2022.","robots":{"index":"index","follow":"follow","max-snippet":"max-snippet:-1","max-image-preview":"max-image-preview:large","max-video-preview":"max-video-preview:-1"},"canonical":"https:\/\/denda.museodelnacionalismovasco.eus\/es\/producto\/panuelo-eab\/","og_locale":"es_ES","og_type":"article","og_title":"Pa\u00f1uelo EAB - Museo del Nacionalismo Vasco - Tienda","og_description":"Pa\u00f1uelo de algod\u00f3n,\u00a0 con el dibujo de la imagen de la abandera de EAB (Emakume Abertzale Batza), que se realiz\u00f3 con motivo del centenario de la creaci\u00f3n de dicha asociaci\u00f3n en 2022.","og_url":"https:\/\/denda.museodelnacionalismovasco.eus\/es\/producto\/panuelo-eab\/","og_site_name":"Museo del Nacionalismo Vasco - Tienda","article_modified_time":"2025-10-31T12:23:03+00:00","og_image":[{"width":2560,"height":1707,"url":"https:\/\/denda.museodelnacionalismovasco.eus\/wp-content\/uploads\/2023\/03\/AJ_0004-scaled.jpg","type":"image\/jpeg"}],"twitter_card":"summary_large_image","twitter_misc":{"Tiempo de lectura":"1 minuto"},"schema":{"@context":"https:\/\/schema.org","@graph":[{"@type":"WebPage","@id":"https:\/\/denda.museodelnacionalismovasco.eus\/es\/producto\/panuelo-eab\/","url":"https:\/\/denda.museodelnacionalismovasco.eus\/es\/producto\/panuelo-eab\/","name":"Pa\u00f1uelo EAB - Museo del Nacionalismo Vasco - Tienda","isPartOf":{"@id":"https:\/\/denda.museodelnacionalismovasco.eus\/es\/#website"},"primaryImageOfPage":{"@id":"https:\/\/denda.museodelnacionalismovasco.eus\/es\/producto\/panuelo-eab\/#primaryimage"},"image":{"@id":"https:\/\/denda.museodelnacionalismovasco.eus\/es\/producto\/panuelo-eab\/#primaryimage"},"thumbnailUrl":"https:\/\/denda.museodelnacionalismovasco.eus\/wp-content\/uploads\/2023\/03\/AJ_0004-scaled.jpg","datePublished":"2025-02-25T10:00:16+00:00","dateModified":"2025-10-31T12:23:03+00:00","description":"Pa\u00f1uelo de algod\u00f3n,\u00a0 con el dibujo de la imagen de la abandera de EAB (Emakume Abertzale Batza), que se realiz\u00f3 con motivo del centenario de la creaci\u00f3n de dicha asociaci\u00f3n en 2022.","breadcrumb":{"@id":"https:\/\/denda.museodelnacionalismovasco.eus\/es\/producto\/panuelo-eab\/#breadcrumb"},"inLanguage":"es","potentialAction":[{"@type":"ReadAction","target":["https:\/\/denda.museodelnacionalismovasco.eus\/es\/producto\/panuelo-eab\/"]}]},{"@type":"ImageObject","inLanguage":"es","@id":"https:\/\/denda.museodelnacionalismovasco.eus\/es\/producto\/panuelo-eab\/#primaryimage","url":"https:\/\/denda.museodelnacionalismovasco.eus\/wp-content\/uploads\/2023\/03\/AJ_0004-scaled.jpg","contentUrl":"https:\/\/denda.museodelnacionalismovasco.eus\/wp-content\/uploads\/2023\/03\/AJ_0004-scaled.jpg","width":2560,"height":1707},{"@type":"BreadcrumbList","@id":"https:\/\/denda.museodelnacionalismovasco.eus\/es\/producto\/panuelo-eab\/#breadcrumb","itemListElement":[{"@type":"ListItem","position":1,"name":"Portada","item":"https:\/\/denda.museodelnacionalismovasco.eus\/es\/"},{"@type":"ListItem","position":2,"name":"Shop","item":"https:\/\/denda.museodelnacionalismovasco.eus\/es\/shop\/"},{"@type":"ListItem","position":3,"name":"Pa\u00f1uelo EAB"}]},{"@type":"WebSite","@id":"https:\/\/denda.museodelnacionalismovasco.eus\/es\/#website","url":"https:\/\/denda.museodelnacionalismovasco.eus\/es\/","name":"Museo del Nacionalismo Vasco - Tienda","description":"","potentialAction":[{"@type":"SearchAction","target":{"@type":"EntryPoint","urlTemplate":"https:\/\/denda.museodelnacionalismovasco.eus\/es\/?s={search_term_string}"},"query-input":{"@type":"PropertyValueSpecification","valueRequired":true,"valueName":"search_term_string"}}],"inLanguage":"es"}]}},"_links":{"self":[{"href":"https:\/\/denda.museodelnacionalismovasco.eus\/es\/wp-json\/wp\/v2\/product\/5045","targetHints":{"allow":["GET"]}}],"collection":[{"href":"https:\/\/denda.museodelnacionalismovasco.eus\/es\/wp-json\/wp\/v2\/product"}],"about":[{"href":"https:\/\/denda.museodelnacionalismovasco.eus\/es\/wp-json\/wp\/v2\/types\/product"}],"wp:featuredmedia":[{"embeddable":true,"href":"https:\/\/denda.museodelnacionalismovasco.eus\/es\/wp-json\/wp\/v2\/media\/5048"}],"wp:attachment":[{"href":"https:\/\/denda.museodelnacionalismovasco.eus\/es\/wp-json\/wp\/v2\/media?parent=5045"}],"wp:term":[{"taxonomy":"product_brand","embeddable":true,"href":"https:\/\/denda.museodelnacionalismovasco.eus\/es\/wp-json\/wp\/v2\/product_brand?post=5045"},{"taxonomy":"product_cat","embeddable":true,"href":"https:\/\/denda.museodelnacionalismovasco.eus\/es\/wp-json\/wp\/v2\/product_cat?post=5045"},{"taxonomy":"product_tag","embeddable":true,"href":"https:\/\/denda.museodelnacionalismovasco.eus\/es\/wp-json\/wp\/v2\/product_tag?post=5045"}],"curies":[{"name":"wp","href":"https:\/\/api.w.org\/{rel}","templated":true}]}}