{"id":5032,"date":"2023-02-24T12:06:59","date_gmt":"2023-02-24T11:06:59","guid":{"rendered":"https:\/\/denda.museodelnacionalismovasco.eus\/?post_type=product&#038;p=5032"},"modified":"2024-04-04T12:13:10","modified_gmt":"2024-04-04T11:13:10","slug":"novedad-ebook-salvad-a-los-ninos-libro-electronico","status":"publish","type":"product","link":"https:\/\/denda.museodelnacionalismovasco.eus\/es\/producto\/novedad-ebook-salvad-a-los-ninos-libro-electronico\/","title":{"rendered":"Novedad eBook: \u00abSalvad a los ni\u00f1os\u00bb, libro electr\u00f3nico"},"content":{"rendered":"<p>\u00a1Salvad a los ni\u00f1os!<br \/>\nHistoria del exilio vasco en Gran Breta\u00f1a, 1937-1940<\/p>\n<p>Autor: Gregorio Arrien<\/p>\n<p>Argitalpena \/ Editor: Sabino Arana Fundazioa<\/p>\n<p>Argazkiak \/ Fotograf\u00edas: Sabino Arana Fundazioa; Gregorio Arrien<\/p>\n<p>ISBN: 978-84-88379-84-9<\/p>\n<p>Lege gordailua \/ Dep\u00f3sito Legal: BI-134-2014<\/p>\n<p>Azalaren diseinua \/ Dise\u00f1o portada: Logoritmo<\/p>\n<p>Disenua eta inprimaketa\/\u00a0\u00a0\u00a0 Flash Composition S.L.<br \/>\nMaquetaci\u00f3n e impresi\u00f3n\u00a0\u00a0\u00a0\u00a0 www.flashcomposition.com<\/p>\n<p>832 p\u00e1ginas<\/p>\n<p>&nbsp;<\/p>\n<p>&nbsp;<\/p>\n<p>\u201cNo nos pilla en sorpresa, pues ya nos ten\u00eda avisados y bien aleccionados con trabajos previos tales como \u201cLa generaci\u00f3n del exilio. G\u00e9nesis de las Escuelas vascas y las colonias escolares 1932-40\u201d o \u201cNi\u00f1os vascos evacuados en 1937. \u00c1lbum hist\u00f3rico\u201d.<\/p>\n<p>Ambos, a pesar de su precaria difusi\u00f3n, se constituyeron como obras referenciales para art\u00edculos, tesis e investigaciones que historiadores de la tem\u00e1tica de la ense\u00f1anza y del exilio de los ni\u00f1os\u2026 han venido realizando en los \u00faltimos a\u00f1os. [\u2026]<\/p>\n<p>Le a\u00f1ade ahora Gregorio Arrien esta magna obra que, por su envergadura y calidad, no desmerece el m\u00e1ximo rango acad\u00e9mico antes citado. Por el uso de fuentes originales, por el acopio de datos de diferentes or\u00edgenes y archivos, por la adecuada contextualizaci\u00f3n y por el h\u00e1bil trenzado del siempre complejo hilo hist\u00f3rico, pod\u00eda ser presentado el citado trabajo a la evaluaci\u00f3n de cualquier tribunal universitario al uso. Lo superar\u00eda holgadamente.<\/p>\n<p>Pero todo ello no es \u00f3bice, para que sea un consistente trabajo de popularizaci\u00f3n y de alta divulgaci\u00f3n de la problem\u00e1tica de los 4.000 ni\u00f1os-as que, en la primavera de 1937, debieron partir hacia unas singulares colonias, que camuflaban un exilio temporal de inciertas circunstancias y de dif\u00edciles principio y fin\u2026\u201d<\/p>\n<p>Josu Chueca<\/p>\n<p>&nbsp;<\/p>\n<p><strong>Datos biogr\u00e1ficos del autor:<\/strong><\/p>\n<p>Gragorio Arrien CP<\/p>\n<p>(Kortezubi, 1936-2019)<\/p>\n<p>Estudi\u00f3 Filosof\u00eda y Teolog\u00eda en la Congregaci\u00f3n Pasionista, orden en la que profes\u00f3 sus votos. M\u00e1s tarde, estudi\u00f3 Filosof\u00eda y Letras en la Universidad Complutense, doctor\u00e1ndose en la misma con una tesis sobre las escuelas de barriada de Bizkaia.<\/p>\n<p>Ha dedicado muchos a\u00f1os a la ense\u00f1anza en el Colegio San Gabriel y Lauaxeta Ikastola de Euba sin olvidar la investigaci\u00f3n hist\u00f3rica.<\/p>\n<p>La labor cient\u00edfica de G. Arrien se ha centrado principalmente en dos campos historiogr\u00e1ficos, el exilio vasco producto de la guerra de 1936 y la educaci\u00f3n, con la infancia como nexo com\u00fan.<\/p>\n<p>Arrien ha publicado \u201cLa generaci\u00f3n del exilio. G\u00e9nesis de las escuelas vascas y las colonias escolares, 1932-1940\u201d, \u201cEducaci\u00f3n y escuelas de barriada de Bizkaia. Escuela y autonom\u00eda, 1898- 1936\u201d, \u201cNi\u00f1os vascos evacuados a Gran Breta\u00f1a, 1937-1940\u201d, \u201cNi\u00f1os evacuados en 1937. \u00c1lbum hist\u00f3rico\u201d, \u201cLas ikastolas de Bizkaia, 1957-1972. Sus or\u00edgenes y organizaci\u00f3n\u201d, \u201cEl primer exilio de los vascos. Catalu\u00f1a 1936-1939\u201d \u201cMedio siglo de un centro educativo. Pasionistas de Euba, 1956-2006.<\/p>\n<p>Es tambi\u00e9n autor de art\u00edculos especializados sobre los temas se\u00f1alados publicados en revistas de prestigio, adem\u00e1s de numerosas obras centradas en la historia de los Pasionistas.<\/p>\n","protected":false},"excerpt":{"rendered":"<h3 class=\"x_x_title-heading-left x_x_ContentPasted0 x_ContentPasted1\">Gregorio Arrienen \u201c\u00a1Salvad a los ni\u00f1os! Historia del exilio vasco en Gran Breta\u00f1a, 1937-1940&#8243; liburu elektronikoa<\/h3>\n","protected":false},"featured_media":5033,"template":"","meta":[],"product_brand":[],"product_cat":[96],"product_tag":[137,138,136,132,134,131,140,139],"class_list":{"0":"post-5032","1":"product","2":"type-product","3":"status-publish","4":"has-post-thumbnail","6":"product_cat-publicaciones","7":"product_tag-basquecountry","8":"product_tag-denda","9":"product_tag-euskadi","10":"product_tag-euskal-abertzaletasunaren-museoa","11":"product_tag-euzkadi","12":"product_tag-museo-del-nacionalismo-vasco","13":"product_tag-museum-of-basque-nationalism","14":"product_tag-tienda","16":"first","17":"instock","18":"virtual","19":"purchasable","20":"product-type-simple"},"yoast_head":"<!-- This site is optimized with the Yoast SEO plugin v24.7 - https:\/\/yoast.com\/wordpress\/plugins\/seo\/ -->\n<title>Novedad eBook: &quot;Salvad a los ni\u00f1os&quot;, libro electr\u00f3nico - Museo del Nacionalismo Vasco - Tienda<\/title>\n<meta name=\"robots\" content=\"index, follow, max-snippet:-1, max-image-preview:large, max-video-preview:-1\" \/>\n<link rel=\"canonical\" href=\"https:\/\/denda.museodelnacionalismovasco.eus\/es\/producto\/novedad-ebook-salvad-a-los-ninos-libro-electronico\/\" \/>\n<meta property=\"og:locale\" content=\"es_ES\" \/>\n<meta property=\"og:type\" content=\"article\" \/>\n<meta property=\"og:title\" content=\"Novedad eBook: &quot;Salvad a los ni\u00f1os&quot;, libro electr\u00f3nico - Museo del Nacionalismo Vasco - Tienda\" \/>\n<meta property=\"og:description\" content=\"Gregorio Arrienen \u201c\u00a1Salvad a los ni\u00f1os! Historia del exilio vasco en Gran Breta\u00f1a, 1937-1940&quot; liburu elektronikoa\" \/>\n<meta property=\"og:url\" content=\"https:\/\/denda.museodelnacionalismovasco.eus\/es\/producto\/novedad-ebook-salvad-a-los-ninos-libro-electronico\/\" \/>\n<meta property=\"og:site_name\" content=\"Museo del Nacionalismo Vasco - Tienda\" \/>\n<meta property=\"article:modified_time\" content=\"2024-04-04T11:13:10+00:00\" \/>\n<meta property=\"og:image\" content=\"https:\/\/denda.museodelnacionalismovasco.eus\/wp-content\/uploads\/2023\/02\/Salvad-a-los-ninos-portada.jpg\" \/>\n\t<meta property=\"og:image:width\" content=\"506\" \/>\n\t<meta property=\"og:image:height\" content=\"680\" \/>\n\t<meta property=\"og:image:type\" content=\"image\/jpeg\" \/>\n<meta name=\"twitter:card\" content=\"summary_large_image\" \/>\n<meta name=\"twitter:label1\" content=\"Tiempo de lectura\" \/>\n\t<meta name=\"twitter:data1\" content=\"3 minutos\" \/>\n<script type=\"application\/ld+json\" class=\"yoast-schema-graph\">{\"@context\":\"https:\/\/schema.org\",\"@graph\":[{\"@type\":\"WebPage\",\"@id\":\"https:\/\/denda.museodelnacionalismovasco.eus\/es\/producto\/novedad-ebook-salvad-a-los-ninos-libro-electronico\/\",\"url\":\"https:\/\/denda.museodelnacionalismovasco.eus\/es\/producto\/novedad-ebook-salvad-a-los-ninos-libro-electronico\/\",\"name\":\"Novedad eBook: \\\"Salvad a los ni\u00f1os\\\", libro electr\u00f3nico - Museo del Nacionalismo Vasco - Tienda\",\"isPartOf\":{\"@id\":\"https:\/\/denda.museodelnacionalismovasco.eus\/es\/#website\"},\"primaryImageOfPage\":{\"@id\":\"https:\/\/denda.museodelnacionalismovasco.eus\/es\/producto\/novedad-ebook-salvad-a-los-ninos-libro-electronico\/#primaryimage\"},\"image\":{\"@id\":\"https:\/\/denda.museodelnacionalismovasco.eus\/es\/producto\/novedad-ebook-salvad-a-los-ninos-libro-electronico\/#primaryimage\"},\"thumbnailUrl\":\"https:\/\/denda.museodelnacionalismovasco.eus\/wp-content\/uploads\/2023\/02\/Salvad-a-los-ninos-portada.jpg\",\"datePublished\":\"2023-02-24T11:06:59+00:00\",\"dateModified\":\"2024-04-04T11:13:10+00:00\",\"breadcrumb\":{\"@id\":\"https:\/\/denda.museodelnacionalismovasco.eus\/es\/producto\/novedad-ebook-salvad-a-los-ninos-libro-electronico\/#breadcrumb\"},\"inLanguage\":\"es\",\"potentialAction\":[{\"@type\":\"ReadAction\",\"target\":[\"https:\/\/denda.museodelnacionalismovasco.eus\/es\/producto\/novedad-ebook-salvad-a-los-ninos-libro-electronico\/\"]}]},{\"@type\":\"ImageObject\",\"inLanguage\":\"es\",\"@id\":\"https:\/\/denda.museodelnacionalismovasco.eus\/es\/producto\/novedad-ebook-salvad-a-los-ninos-libro-electronico\/#primaryimage\",\"url\":\"https:\/\/denda.museodelnacionalismovasco.eus\/wp-content\/uploads\/2023\/02\/Salvad-a-los-ninos-portada.jpg\",\"contentUrl\":\"https:\/\/denda.museodelnacionalismovasco.eus\/wp-content\/uploads\/2023\/02\/Salvad-a-los-ninos-portada.jpg\",\"width\":506,\"height\":680},{\"@type\":\"BreadcrumbList\",\"@id\":\"https:\/\/denda.museodelnacionalismovasco.eus\/es\/producto\/novedad-ebook-salvad-a-los-ninos-libro-electronico\/#breadcrumb\",\"itemListElement\":[{\"@type\":\"ListItem\",\"position\":1,\"name\":\"Portada\",\"item\":\"https:\/\/denda.museodelnacionalismovasco.eus\/es\/\"},{\"@type\":\"ListItem\",\"position\":2,\"name\":\"Shop\",\"item\":\"https:\/\/denda.museodelnacionalismovasco.eus\/es\/shop\/\"},{\"@type\":\"ListItem\",\"position\":3,\"name\":\"Novedad eBook: \u00abSalvad a los ni\u00f1os\u00bb, libro electr\u00f3nico\"}]},{\"@type\":\"WebSite\",\"@id\":\"https:\/\/denda.museodelnacionalismovasco.eus\/es\/#website\",\"url\":\"https:\/\/denda.museodelnacionalismovasco.eus\/es\/\",\"name\":\"Museo del Nacionalismo Vasco - Tienda\",\"description\":\"\",\"potentialAction\":[{\"@type\":\"SearchAction\",\"target\":{\"@type\":\"EntryPoint\",\"urlTemplate\":\"https:\/\/denda.museodelnacionalismovasco.eus\/es\/?s={search_term_string}\"},\"query-input\":{\"@type\":\"PropertyValueSpecification\",\"valueRequired\":true,\"valueName\":\"search_term_string\"}}],\"inLanguage\":\"es\"}]}<\/script>\n<!-- \/ Yoast SEO plugin. -->","yoast_head_json":{"title":"Novedad eBook: \"Salvad a los ni\u00f1os\", libro electr\u00f3nico - Museo del Nacionalismo Vasco - Tienda","robots":{"index":"index","follow":"follow","max-snippet":"max-snippet:-1","max-image-preview":"max-image-preview:large","max-video-preview":"max-video-preview:-1"},"canonical":"https:\/\/denda.museodelnacionalismovasco.eus\/es\/producto\/novedad-ebook-salvad-a-los-ninos-libro-electronico\/","og_locale":"es_ES","og_type":"article","og_title":"Novedad eBook: \"Salvad a los ni\u00f1os\", libro electr\u00f3nico - Museo del Nacionalismo Vasco - Tienda","og_description":"Gregorio Arrienen \u201c\u00a1Salvad a los ni\u00f1os! Historia del exilio vasco en Gran Breta\u00f1a, 1937-1940\" liburu elektronikoa","og_url":"https:\/\/denda.museodelnacionalismovasco.eus\/es\/producto\/novedad-ebook-salvad-a-los-ninos-libro-electronico\/","og_site_name":"Museo del Nacionalismo Vasco - Tienda","article_modified_time":"2024-04-04T11:13:10+00:00","og_image":[{"width":506,"height":680,"url":"https:\/\/denda.museodelnacionalismovasco.eus\/wp-content\/uploads\/2023\/02\/Salvad-a-los-ninos-portada.jpg","type":"image\/jpeg"}],"twitter_card":"summary_large_image","twitter_misc":{"Tiempo de lectura":"3 minutos"},"schema":{"@context":"https:\/\/schema.org","@graph":[{"@type":"WebPage","@id":"https:\/\/denda.museodelnacionalismovasco.eus\/es\/producto\/novedad-ebook-salvad-a-los-ninos-libro-electronico\/","url":"https:\/\/denda.museodelnacionalismovasco.eus\/es\/producto\/novedad-ebook-salvad-a-los-ninos-libro-electronico\/","name":"Novedad eBook: \"Salvad a los ni\u00f1os\", libro electr\u00f3nico - Museo del Nacionalismo Vasco - Tienda","isPartOf":{"@id":"https:\/\/denda.museodelnacionalismovasco.eus\/es\/#website"},"primaryImageOfPage":{"@id":"https:\/\/denda.museodelnacionalismovasco.eus\/es\/producto\/novedad-ebook-salvad-a-los-ninos-libro-electronico\/#primaryimage"},"image":{"@id":"https:\/\/denda.museodelnacionalismovasco.eus\/es\/producto\/novedad-ebook-salvad-a-los-ninos-libro-electronico\/#primaryimage"},"thumbnailUrl":"https:\/\/denda.museodelnacionalismovasco.eus\/wp-content\/uploads\/2023\/02\/Salvad-a-los-ninos-portada.jpg","datePublished":"2023-02-24T11:06:59+00:00","dateModified":"2024-04-04T11:13:10+00:00","breadcrumb":{"@id":"https:\/\/denda.museodelnacionalismovasco.eus\/es\/producto\/novedad-ebook-salvad-a-los-ninos-libro-electronico\/#breadcrumb"},"inLanguage":"es","potentialAction":[{"@type":"ReadAction","target":["https:\/\/denda.museodelnacionalismovasco.eus\/es\/producto\/novedad-ebook-salvad-a-los-ninos-libro-electronico\/"]}]},{"@type":"ImageObject","inLanguage":"es","@id":"https:\/\/denda.museodelnacionalismovasco.eus\/es\/producto\/novedad-ebook-salvad-a-los-ninos-libro-electronico\/#primaryimage","url":"https:\/\/denda.museodelnacionalismovasco.eus\/wp-content\/uploads\/2023\/02\/Salvad-a-los-ninos-portada.jpg","contentUrl":"https:\/\/denda.museodelnacionalismovasco.eus\/wp-content\/uploads\/2023\/02\/Salvad-a-los-ninos-portada.jpg","width":506,"height":680},{"@type":"BreadcrumbList","@id":"https:\/\/denda.museodelnacionalismovasco.eus\/es\/producto\/novedad-ebook-salvad-a-los-ninos-libro-electronico\/#breadcrumb","itemListElement":[{"@type":"ListItem","position":1,"name":"Portada","item":"https:\/\/denda.museodelnacionalismovasco.eus\/es\/"},{"@type":"ListItem","position":2,"name":"Shop","item":"https:\/\/denda.museodelnacionalismovasco.eus\/es\/shop\/"},{"@type":"ListItem","position":3,"name":"Novedad eBook: \u00abSalvad a los ni\u00f1os\u00bb, libro electr\u00f3nico"}]},{"@type":"WebSite","@id":"https:\/\/denda.museodelnacionalismovasco.eus\/es\/#website","url":"https:\/\/denda.museodelnacionalismovasco.eus\/es\/","name":"Museo del Nacionalismo Vasco - Tienda","description":"","potentialAction":[{"@type":"SearchAction","target":{"@type":"EntryPoint","urlTemplate":"https:\/\/denda.museodelnacionalismovasco.eus\/es\/?s={search_term_string}"},"query-input":{"@type":"PropertyValueSpecification","valueRequired":true,"valueName":"search_term_string"}}],"inLanguage":"es"}]}},"_links":{"self":[{"href":"https:\/\/denda.museodelnacionalismovasco.eus\/es\/wp-json\/wp\/v2\/product\/5032","targetHints":{"allow":["GET"]}}],"collection":[{"href":"https:\/\/denda.museodelnacionalismovasco.eus\/es\/wp-json\/wp\/v2\/product"}],"about":[{"href":"https:\/\/denda.museodelnacionalismovasco.eus\/es\/wp-json\/wp\/v2\/types\/product"}],"wp:featuredmedia":[{"embeddable":true,"href":"https:\/\/denda.museodelnacionalismovasco.eus\/es\/wp-json\/wp\/v2\/media\/5033"}],"wp:attachment":[{"href":"https:\/\/denda.museodelnacionalismovasco.eus\/es\/wp-json\/wp\/v2\/media?parent=5032"}],"wp:term":[{"taxonomy":"product_brand","embeddable":true,"href":"https:\/\/denda.museodelnacionalismovasco.eus\/es\/wp-json\/wp\/v2\/product_brand?post=5032"},{"taxonomy":"product_cat","embeddable":true,"href":"https:\/\/denda.museodelnacionalismovasco.eus\/es\/wp-json\/wp\/v2\/product_cat?post=5032"},{"taxonomy":"product_tag","embeddable":true,"href":"https:\/\/denda.museodelnacionalismovasco.eus\/es\/wp-json\/wp\/v2\/product_tag?post=5032"}],"curies":[{"name":"wp","href":"https:\/\/api.w.org\/{rel}","templated":true}]}}