{"id":3270,"date":"2022-03-31T14:11:35","date_gmt":"2022-03-31T13:11:35","guid":{"rendered":"https:\/\/denda.sabinoarana.eus\/?post_type=product&#038;p=3270"},"modified":"2022-05-18T12:05:45","modified_gmt":"2022-05-18T11:05:45","slug":"luis-arana-goiri-1862-1951","status":"publish","type":"product","link":"https:\/\/denda.museodelnacionalismovasco.eus\/es\/producto\/luis-arana-goiri-1862-1951\/","title":{"rendered":"Luis Arana Goiri (1862-1951)"},"content":{"rendered":"<p>El libro, a primera vista, puede parecer una biograf\u00eda, pero es mucho m\u00e1s. En \u00e9l se detalla la historia del nacionalismo vasco desde sus or\u00edgenes hasta la Guerra Civil y se relatan todas las vicisitudes de este movimiento pol\u00edtico a cuyo nacimiento contribuy\u00f3 Luis Arana. Editado en 2010.<\/p>\n","protected":false},"excerpt":{"rendered":"<p>Luis Arana Goiri (1862-1951). Historia del Nacionalismo vasco<\/p>\n","protected":false},"featured_media":3271,"template":"","meta":[],"product_brand":[],"product_cat":[96],"product_tag":[],"class_list":{"0":"post-3270","1":"product","2":"type-product","3":"status-publish","4":"has-post-thumbnail","6":"product_cat-publicaciones","8":"first","9":"instock","10":"shipping-taxable","11":"purchasable","12":"product-type-simple"},"yoast_head":"<!-- This site is optimized with the Yoast SEO plugin v24.7 - https:\/\/yoast.com\/wordpress\/plugins\/seo\/ -->\n<title>Luis Arana Goiri (1862-1951) - Museo del Nacionalismo Vasco - Tienda<\/title>\n<meta name=\"robots\" content=\"index, follow, max-snippet:-1, max-image-preview:large, max-video-preview:-1\" \/>\n<link rel=\"canonical\" href=\"https:\/\/denda.museodelnacionalismovasco.eus\/es\/producto\/luis-arana-goiri-1862-1951\/\" \/>\n<meta property=\"og:locale\" content=\"es_ES\" \/>\n<meta property=\"og:type\" content=\"article\" \/>\n<meta property=\"og:title\" content=\"Luis Arana Goiri (1862-1951) - Museo del Nacionalismo Vasco - Tienda\" \/>\n<meta property=\"og:description\" content=\"Luis Arana Goiri (1862-1951). Historia del Nacionalismo vasco\" \/>\n<meta property=\"og:url\" content=\"https:\/\/denda.museodelnacionalismovasco.eus\/es\/producto\/luis-arana-goiri-1862-1951\/\" \/>\n<meta property=\"og:site_name\" content=\"Museo del Nacionalismo Vasco - Tienda\" \/>\n<meta property=\"article:modified_time\" content=\"2022-05-18T11:05:45+00:00\" \/>\n<meta property=\"og:image\" content=\"https:\/\/denda.museodelnacionalismovasco.eus\/wp-content\/uploads\/2022\/03\/jean-claude-larronde-luis-arana-goiri-1862-1951-historia-del-nacionalismo-vasco.jpg\" \/>\n\t<meta property=\"og:image:width\" content=\"565\" \/>\n\t<meta property=\"og:image:height\" content=\"565\" \/>\n\t<meta property=\"og:image:type\" content=\"image\/jpeg\" \/>\n<meta name=\"twitter:card\" content=\"summary_large_image\" \/>\n<script type=\"application\/ld+json\" class=\"yoast-schema-graph\">{\"@context\":\"https:\/\/schema.org\",\"@graph\":[{\"@type\":\"WebPage\",\"@id\":\"https:\/\/denda.museodelnacionalismovasco.eus\/es\/producto\/luis-arana-goiri-1862-1951\/\",\"url\":\"https:\/\/denda.museodelnacionalismovasco.eus\/es\/producto\/luis-arana-goiri-1862-1951\/\",\"name\":\"Luis Arana Goiri (1862-1951) - Museo del Nacionalismo Vasco - Tienda\",\"isPartOf\":{\"@id\":\"https:\/\/denda.museodelnacionalismovasco.eus\/es\/#website\"},\"primaryImageOfPage\":{\"@id\":\"https:\/\/denda.museodelnacionalismovasco.eus\/es\/producto\/luis-arana-goiri-1862-1951\/#primaryimage\"},\"image\":{\"@id\":\"https:\/\/denda.museodelnacionalismovasco.eus\/es\/producto\/luis-arana-goiri-1862-1951\/#primaryimage\"},\"thumbnailUrl\":\"https:\/\/denda.museodelnacionalismovasco.eus\/wp-content\/uploads\/2022\/03\/jean-claude-larronde-luis-arana-goiri-1862-1951-historia-del-nacionalismo-vasco.jpg\",\"datePublished\":\"2022-03-31T13:11:35+00:00\",\"dateModified\":\"2022-05-18T11:05:45+00:00\",\"breadcrumb\":{\"@id\":\"https:\/\/denda.museodelnacionalismovasco.eus\/es\/producto\/luis-arana-goiri-1862-1951\/#breadcrumb\"},\"inLanguage\":\"es\",\"potentialAction\":[{\"@type\":\"ReadAction\",\"target\":[\"https:\/\/denda.museodelnacionalismovasco.eus\/es\/producto\/luis-arana-goiri-1862-1951\/\"]}]},{\"@type\":\"ImageObject\",\"inLanguage\":\"es\",\"@id\":\"https:\/\/denda.museodelnacionalismovasco.eus\/es\/producto\/luis-arana-goiri-1862-1951\/#primaryimage\",\"url\":\"https:\/\/denda.museodelnacionalismovasco.eus\/wp-content\/uploads\/2022\/03\/jean-claude-larronde-luis-arana-goiri-1862-1951-historia-del-nacionalismo-vasco.jpg\",\"contentUrl\":\"https:\/\/denda.museodelnacionalismovasco.eus\/wp-content\/uploads\/2022\/03\/jean-claude-larronde-luis-arana-goiri-1862-1951-historia-del-nacionalismo-vasco.jpg\",\"width\":565,\"height\":565,\"caption\":\"Imagen de la portada del libro Luis Arana Goiri (1862-1951). Historia del Nacionalismo vasco\"},{\"@type\":\"BreadcrumbList\",\"@id\":\"https:\/\/denda.museodelnacionalismovasco.eus\/es\/producto\/luis-arana-goiri-1862-1951\/#breadcrumb\",\"itemListElement\":[{\"@type\":\"ListItem\",\"position\":1,\"name\":\"Portada\",\"item\":\"https:\/\/denda.museodelnacionalismovasco.eus\/es\/\"},{\"@type\":\"ListItem\",\"position\":2,\"name\":\"Shop\",\"item\":\"https:\/\/denda.museodelnacionalismovasco.eus\/es\/shop\/\"},{\"@type\":\"ListItem\",\"position\":3,\"name\":\"Luis Arana Goiri (1862-1951)\"}]},{\"@type\":\"WebSite\",\"@id\":\"https:\/\/denda.museodelnacionalismovasco.eus\/es\/#website\",\"url\":\"https:\/\/denda.museodelnacionalismovasco.eus\/es\/\",\"name\":\"Museo del Nacionalismo Vasco - Tienda\",\"description\":\"\",\"potentialAction\":[{\"@type\":\"SearchAction\",\"target\":{\"@type\":\"EntryPoint\",\"urlTemplate\":\"https:\/\/denda.museodelnacionalismovasco.eus\/es\/?s={search_term_string}\"},\"query-input\":{\"@type\":\"PropertyValueSpecification\",\"valueRequired\":true,\"valueName\":\"search_term_string\"}}],\"inLanguage\":\"es\"}]}<\/script>\n<!-- \/ Yoast SEO plugin. -->","yoast_head_json":{"title":"Luis Arana Goiri (1862-1951) - Museo del Nacionalismo Vasco - Tienda","robots":{"index":"index","follow":"follow","max-snippet":"max-snippet:-1","max-image-preview":"max-image-preview:large","max-video-preview":"max-video-preview:-1"},"canonical":"https:\/\/denda.museodelnacionalismovasco.eus\/es\/producto\/luis-arana-goiri-1862-1951\/","og_locale":"es_ES","og_type":"article","og_title":"Luis Arana Goiri (1862-1951) - Museo del Nacionalismo Vasco - Tienda","og_description":"Luis Arana Goiri (1862-1951). Historia del Nacionalismo vasco","og_url":"https:\/\/denda.museodelnacionalismovasco.eus\/es\/producto\/luis-arana-goiri-1862-1951\/","og_site_name":"Museo del Nacionalismo Vasco - Tienda","article_modified_time":"2022-05-18T11:05:45+00:00","og_image":[{"width":565,"height":565,"url":"https:\/\/denda.museodelnacionalismovasco.eus\/wp-content\/uploads\/2022\/03\/jean-claude-larronde-luis-arana-goiri-1862-1951-historia-del-nacionalismo-vasco.jpg","type":"image\/jpeg"}],"twitter_card":"summary_large_image","schema":{"@context":"https:\/\/schema.org","@graph":[{"@type":"WebPage","@id":"https:\/\/denda.museodelnacionalismovasco.eus\/es\/producto\/luis-arana-goiri-1862-1951\/","url":"https:\/\/denda.museodelnacionalismovasco.eus\/es\/producto\/luis-arana-goiri-1862-1951\/","name":"Luis Arana Goiri (1862-1951) - Museo del Nacionalismo Vasco - Tienda","isPartOf":{"@id":"https:\/\/denda.museodelnacionalismovasco.eus\/es\/#website"},"primaryImageOfPage":{"@id":"https:\/\/denda.museodelnacionalismovasco.eus\/es\/producto\/luis-arana-goiri-1862-1951\/#primaryimage"},"image":{"@id":"https:\/\/denda.museodelnacionalismovasco.eus\/es\/producto\/luis-arana-goiri-1862-1951\/#primaryimage"},"thumbnailUrl":"https:\/\/denda.museodelnacionalismovasco.eus\/wp-content\/uploads\/2022\/03\/jean-claude-larronde-luis-arana-goiri-1862-1951-historia-del-nacionalismo-vasco.jpg","datePublished":"2022-03-31T13:11:35+00:00","dateModified":"2022-05-18T11:05:45+00:00","breadcrumb":{"@id":"https:\/\/denda.museodelnacionalismovasco.eus\/es\/producto\/luis-arana-goiri-1862-1951\/#breadcrumb"},"inLanguage":"es","potentialAction":[{"@type":"ReadAction","target":["https:\/\/denda.museodelnacionalismovasco.eus\/es\/producto\/luis-arana-goiri-1862-1951\/"]}]},{"@type":"ImageObject","inLanguage":"es","@id":"https:\/\/denda.museodelnacionalismovasco.eus\/es\/producto\/luis-arana-goiri-1862-1951\/#primaryimage","url":"https:\/\/denda.museodelnacionalismovasco.eus\/wp-content\/uploads\/2022\/03\/jean-claude-larronde-luis-arana-goiri-1862-1951-historia-del-nacionalismo-vasco.jpg","contentUrl":"https:\/\/denda.museodelnacionalismovasco.eus\/wp-content\/uploads\/2022\/03\/jean-claude-larronde-luis-arana-goiri-1862-1951-historia-del-nacionalismo-vasco.jpg","width":565,"height":565,"caption":"Imagen de la portada del libro Luis Arana Goiri (1862-1951). Historia del Nacionalismo vasco"},{"@type":"BreadcrumbList","@id":"https:\/\/denda.museodelnacionalismovasco.eus\/es\/producto\/luis-arana-goiri-1862-1951\/#breadcrumb","itemListElement":[{"@type":"ListItem","position":1,"name":"Portada","item":"https:\/\/denda.museodelnacionalismovasco.eus\/es\/"},{"@type":"ListItem","position":2,"name":"Shop","item":"https:\/\/denda.museodelnacionalismovasco.eus\/es\/shop\/"},{"@type":"ListItem","position":3,"name":"Luis Arana Goiri (1862-1951)"}]},{"@type":"WebSite","@id":"https:\/\/denda.museodelnacionalismovasco.eus\/es\/#website","url":"https:\/\/denda.museodelnacionalismovasco.eus\/es\/","name":"Museo del Nacionalismo Vasco - Tienda","description":"","potentialAction":[{"@type":"SearchAction","target":{"@type":"EntryPoint","urlTemplate":"https:\/\/denda.museodelnacionalismovasco.eus\/es\/?s={search_term_string}"},"query-input":{"@type":"PropertyValueSpecification","valueRequired":true,"valueName":"search_term_string"}}],"inLanguage":"es"}]}},"_links":{"self":[{"href":"https:\/\/denda.museodelnacionalismovasco.eus\/es\/wp-json\/wp\/v2\/product\/3270","targetHints":{"allow":["GET"]}}],"collection":[{"href":"https:\/\/denda.museodelnacionalismovasco.eus\/es\/wp-json\/wp\/v2\/product"}],"about":[{"href":"https:\/\/denda.museodelnacionalismovasco.eus\/es\/wp-json\/wp\/v2\/types\/product"}],"wp:featuredmedia":[{"embeddable":true,"href":"https:\/\/denda.museodelnacionalismovasco.eus\/es\/wp-json\/wp\/v2\/media\/3271"}],"wp:attachment":[{"href":"https:\/\/denda.museodelnacionalismovasco.eus\/es\/wp-json\/wp\/v2\/media?parent=3270"}],"wp:term":[{"taxonomy":"product_brand","embeddable":true,"href":"https:\/\/denda.museodelnacionalismovasco.eus\/es\/wp-json\/wp\/v2\/product_brand?post=3270"},{"taxonomy":"product_cat","embeddable":true,"href":"https:\/\/denda.museodelnacionalismovasco.eus\/es\/wp-json\/wp\/v2\/product_cat?post=3270"},{"taxonomy":"product_tag","embeddable":true,"href":"https:\/\/denda.museodelnacionalismovasco.eus\/es\/wp-json\/wp\/v2\/product_tag?post=3270"}],"curies":[{"name":"wp","href":"https:\/\/api.w.org\/{rel}","templated":true}]}}