{"id":3119,"date":"2022-03-24T23:43:56","date_gmt":"2022-03-24T22:43:56","guid":{"rendered":"https:\/\/denda.sabinoarana.eus.dev.merakiko.com\/producto\/ikurrina-con-escudo-pequena\/"},"modified":"2026-03-04T11:56:47","modified_gmt":"2026-03-04T10:56:47","slug":"ikurrina-con-escudo-pequena","status":"publish","type":"product","link":"https:\/\/denda.museodelnacionalismovasco.eus\/es\/producto\/ikurrina-con-escudo-pequena\/","title":{"rendered":"Ikurri\u00f1a de mesa con escudo de Euskadi"},"content":{"rendered":"<p>Ikurri\u00f1a de seda bordada a mano con el escudo de Euskadi con m\u00e1stil.<\/p>\n<p>Medidas:<\/p>\n<p>Ikurri\u00f1a: 29x21cm<\/p>\n<p>Mastil: 43,5<\/p>\n","protected":false},"excerpt":{"rendered":"<p>Ikurri\u00f1a de seda bordada a mano con el escudo de Euskadi con m\u00e1stil..<\/p>\n<p>Medidas:<\/p>\n<p>Ikurri\u00f1a: 29x21cm<\/p>\n<p>Mastil: 43,5<\/p>\n","protected":false},"featured_media":3402,"template":"","meta":[],"product_brand":[],"product_cat":[125,74],"product_tag":[241,137,138,136,132,134,220,131,140,139],"class_list":{"0":"post-3119","1":"product","2":"type-product","3":"status-publish","4":"has-post-thumbnail","6":"product_cat-textil","7":"product_cat-banderas","8":"product_tag-bandera","9":"product_tag-basquecountry","10":"product_tag-denda","11":"product_tag-euskadi","12":"product_tag-euskal-abertzaletasunaren-museoa","13":"product_tag-euzkadi","14":"product_tag-ikurrina","15":"product_tag-museo-del-nacionalismo-vasco","16":"product_tag-museum-of-basque-nationalism","17":"product_tag-tienda","19":"first","20":"instock","21":"shipping-taxable","22":"purchasable","23":"product-type-variable"},"yoast_head":"<!-- This site is optimized with the Yoast SEO plugin v24.7 - https:\/\/yoast.com\/wordpress\/plugins\/seo\/ -->\n<title>Ikurri\u00f1a de mesa con escudo de Euskadi - Museo del Nacionalismo Vasco - Tienda<\/title>\n<meta name=\"description\" content=\"Ikurri\u00f1a de seda bordada a mano con el escudo de Euskadi con m\u00e1stil.. - Medidas: - Ikurri\u00f1a: 29x21cm - Mastil: 43,5\" \/>\n<meta name=\"robots\" content=\"index, follow, max-snippet:-1, max-image-preview:large, max-video-preview:-1\" \/>\n<link rel=\"canonical\" href=\"https:\/\/denda.museodelnacionalismovasco.eus\/es\/producto\/ikurrina-con-escudo-pequena\/\" \/>\n<meta property=\"og:locale\" content=\"es_ES\" \/>\n<meta property=\"og:type\" content=\"article\" \/>\n<meta property=\"og:title\" content=\"Ikurri\u00f1a de mesa con escudo de Euskadi - Museo del Nacionalismo Vasco - Tienda\" \/>\n<meta property=\"og:description\" content=\"Ikurri\u00f1a de seda bordada a mano con el escudo de Euskadi con m\u00e1stil.. - Medidas: - Ikurri\u00f1a: 29x21cm - Mastil: 43,5\" \/>\n<meta property=\"og:url\" content=\"https:\/\/denda.museodelnacionalismovasco.eus\/es\/producto\/ikurrina-con-escudo-pequena\/\" \/>\n<meta property=\"og:site_name\" content=\"Museo del Nacionalismo Vasco - Tienda\" \/>\n<meta property=\"article:modified_time\" content=\"2026-03-04T10:56:47+00:00\" \/>\n<meta property=\"og:image\" content=\"https:\/\/denda.museodelnacionalismovasco.eus\/wp-content\/uploads\/2022\/03\/ikurrina-escudo-euskadi-4.jpg\" \/>\n\t<meta property=\"og:image:width\" content=\"565\" \/>\n\t<meta property=\"og:image:height\" content=\"565\" \/>\n\t<meta property=\"og:image:type\" content=\"image\/jpeg\" \/>\n<meta name=\"twitter:card\" content=\"summary_large_image\" \/>\n<meta name=\"twitter:label1\" content=\"Tiempo de lectura\" \/>\n\t<meta name=\"twitter:data1\" content=\"1 minuto\" \/>\n<script type=\"application\/ld+json\" class=\"yoast-schema-graph\">{\"@context\":\"https:\/\/schema.org\",\"@graph\":[{\"@type\":\"WebPage\",\"@id\":\"https:\/\/denda.museodelnacionalismovasco.eus\/es\/producto\/ikurrina-con-escudo-pequena\/\",\"url\":\"https:\/\/denda.museodelnacionalismovasco.eus\/es\/producto\/ikurrina-con-escudo-pequena\/\",\"name\":\"Ikurri\u00f1a de mesa con escudo de Euskadi - Museo del Nacionalismo Vasco - Tienda\",\"isPartOf\":{\"@id\":\"https:\/\/denda.museodelnacionalismovasco.eus\/es\/#website\"},\"primaryImageOfPage\":{\"@id\":\"https:\/\/denda.museodelnacionalismovasco.eus\/es\/producto\/ikurrina-con-escudo-pequena\/#primaryimage\"},\"image\":{\"@id\":\"https:\/\/denda.museodelnacionalismovasco.eus\/es\/producto\/ikurrina-con-escudo-pequena\/#primaryimage\"},\"thumbnailUrl\":\"https:\/\/denda.museodelnacionalismovasco.eus\/wp-content\/uploads\/2022\/03\/ikurrina-escudo-euskadi-4.jpg\",\"datePublished\":\"2022-03-24T22:43:56+00:00\",\"dateModified\":\"2026-03-04T10:56:47+00:00\",\"description\":\"Ikurri\u00f1a de seda bordada a mano con el escudo de Euskadi con m\u00e1stil.. - Medidas: - Ikurri\u00f1a: 29x21cm - Mastil: 43,5\",\"breadcrumb\":{\"@id\":\"https:\/\/denda.museodelnacionalismovasco.eus\/es\/producto\/ikurrina-con-escudo-pequena\/#breadcrumb\"},\"inLanguage\":\"es\",\"potentialAction\":[{\"@type\":\"ReadAction\",\"target\":[\"https:\/\/denda.museodelnacionalismovasco.eus\/es\/producto\/ikurrina-con-escudo-pequena\/\"]}]},{\"@type\":\"ImageObject\",\"inLanguage\":\"es\",\"@id\":\"https:\/\/denda.museodelnacionalismovasco.eus\/es\/producto\/ikurrina-con-escudo-pequena\/#primaryimage\",\"url\":\"https:\/\/denda.museodelnacionalismovasco.eus\/wp-content\/uploads\/2022\/03\/ikurrina-escudo-euskadi-4.jpg\",\"contentUrl\":\"https:\/\/denda.museodelnacionalismovasco.eus\/wp-content\/uploads\/2022\/03\/ikurrina-escudo-euskadi-4.jpg\",\"width\":565,\"height\":565},{\"@type\":\"BreadcrumbList\",\"@id\":\"https:\/\/denda.museodelnacionalismovasco.eus\/es\/producto\/ikurrina-con-escudo-pequena\/#breadcrumb\",\"itemListElement\":[{\"@type\":\"ListItem\",\"position\":1,\"name\":\"Portada\",\"item\":\"https:\/\/denda.museodelnacionalismovasco.eus\/es\/\"},{\"@type\":\"ListItem\",\"position\":2,\"name\":\"Shop\",\"item\":\"https:\/\/denda.museodelnacionalismovasco.eus\/es\/shop\/\"},{\"@type\":\"ListItem\",\"position\":3,\"name\":\"Ikurri\u00f1a de mesa con escudo de Euskadi\"}]},{\"@type\":\"WebSite\",\"@id\":\"https:\/\/denda.museodelnacionalismovasco.eus\/es\/#website\",\"url\":\"https:\/\/denda.museodelnacionalismovasco.eus\/es\/\",\"name\":\"Museo del Nacionalismo Vasco - Tienda\",\"description\":\"\",\"potentialAction\":[{\"@type\":\"SearchAction\",\"target\":{\"@type\":\"EntryPoint\",\"urlTemplate\":\"https:\/\/denda.museodelnacionalismovasco.eus\/es\/?s={search_term_string}\"},\"query-input\":{\"@type\":\"PropertyValueSpecification\",\"valueRequired\":true,\"valueName\":\"search_term_string\"}}],\"inLanguage\":\"es\"}]}<\/script>\n<!-- \/ Yoast SEO plugin. -->","yoast_head_json":{"title":"Ikurri\u00f1a de mesa con escudo de Euskadi - Museo del Nacionalismo Vasco - Tienda","description":"Ikurri\u00f1a de seda bordada a mano con el escudo de Euskadi con m\u00e1stil.. - Medidas: - Ikurri\u00f1a: 29x21cm - Mastil: 43,5","robots":{"index":"index","follow":"follow","max-snippet":"max-snippet:-1","max-image-preview":"max-image-preview:large","max-video-preview":"max-video-preview:-1"},"canonical":"https:\/\/denda.museodelnacionalismovasco.eus\/es\/producto\/ikurrina-con-escudo-pequena\/","og_locale":"es_ES","og_type":"article","og_title":"Ikurri\u00f1a de mesa con escudo de Euskadi - Museo del Nacionalismo Vasco - Tienda","og_description":"Ikurri\u00f1a de seda bordada a mano con el escudo de Euskadi con m\u00e1stil.. - Medidas: - Ikurri\u00f1a: 29x21cm - Mastil: 43,5","og_url":"https:\/\/denda.museodelnacionalismovasco.eus\/es\/producto\/ikurrina-con-escudo-pequena\/","og_site_name":"Museo del Nacionalismo Vasco - Tienda","article_modified_time":"2026-03-04T10:56:47+00:00","og_image":[{"width":565,"height":565,"url":"https:\/\/denda.museodelnacionalismovasco.eus\/wp-content\/uploads\/2022\/03\/ikurrina-escudo-euskadi-4.jpg","type":"image\/jpeg"}],"twitter_card":"summary_large_image","twitter_misc":{"Tiempo de lectura":"1 minuto"},"schema":{"@context":"https:\/\/schema.org","@graph":[{"@type":"WebPage","@id":"https:\/\/denda.museodelnacionalismovasco.eus\/es\/producto\/ikurrina-con-escudo-pequena\/","url":"https:\/\/denda.museodelnacionalismovasco.eus\/es\/producto\/ikurrina-con-escudo-pequena\/","name":"Ikurri\u00f1a de mesa con escudo de Euskadi - Museo del Nacionalismo Vasco - Tienda","isPartOf":{"@id":"https:\/\/denda.museodelnacionalismovasco.eus\/es\/#website"},"primaryImageOfPage":{"@id":"https:\/\/denda.museodelnacionalismovasco.eus\/es\/producto\/ikurrina-con-escudo-pequena\/#primaryimage"},"image":{"@id":"https:\/\/denda.museodelnacionalismovasco.eus\/es\/producto\/ikurrina-con-escudo-pequena\/#primaryimage"},"thumbnailUrl":"https:\/\/denda.museodelnacionalismovasco.eus\/wp-content\/uploads\/2022\/03\/ikurrina-escudo-euskadi-4.jpg","datePublished":"2022-03-24T22:43:56+00:00","dateModified":"2026-03-04T10:56:47+00:00","description":"Ikurri\u00f1a de seda bordada a mano con el escudo de Euskadi con m\u00e1stil.. - Medidas: - Ikurri\u00f1a: 29x21cm - Mastil: 43,5","breadcrumb":{"@id":"https:\/\/denda.museodelnacionalismovasco.eus\/es\/producto\/ikurrina-con-escudo-pequena\/#breadcrumb"},"inLanguage":"es","potentialAction":[{"@type":"ReadAction","target":["https:\/\/denda.museodelnacionalismovasco.eus\/es\/producto\/ikurrina-con-escudo-pequena\/"]}]},{"@type":"ImageObject","inLanguage":"es","@id":"https:\/\/denda.museodelnacionalismovasco.eus\/es\/producto\/ikurrina-con-escudo-pequena\/#primaryimage","url":"https:\/\/denda.museodelnacionalismovasco.eus\/wp-content\/uploads\/2022\/03\/ikurrina-escudo-euskadi-4.jpg","contentUrl":"https:\/\/denda.museodelnacionalismovasco.eus\/wp-content\/uploads\/2022\/03\/ikurrina-escudo-euskadi-4.jpg","width":565,"height":565},{"@type":"BreadcrumbList","@id":"https:\/\/denda.museodelnacionalismovasco.eus\/es\/producto\/ikurrina-con-escudo-pequena\/#breadcrumb","itemListElement":[{"@type":"ListItem","position":1,"name":"Portada","item":"https:\/\/denda.museodelnacionalismovasco.eus\/es\/"},{"@type":"ListItem","position":2,"name":"Shop","item":"https:\/\/denda.museodelnacionalismovasco.eus\/es\/shop\/"},{"@type":"ListItem","position":3,"name":"Ikurri\u00f1a de mesa con escudo de Euskadi"}]},{"@type":"WebSite","@id":"https:\/\/denda.museodelnacionalismovasco.eus\/es\/#website","url":"https:\/\/denda.museodelnacionalismovasco.eus\/es\/","name":"Museo del Nacionalismo Vasco - Tienda","description":"","potentialAction":[{"@type":"SearchAction","target":{"@type":"EntryPoint","urlTemplate":"https:\/\/denda.museodelnacionalismovasco.eus\/es\/?s={search_term_string}"},"query-input":{"@type":"PropertyValueSpecification","valueRequired":true,"valueName":"search_term_string"}}],"inLanguage":"es"}]}},"_links":{"self":[{"href":"https:\/\/denda.museodelnacionalismovasco.eus\/es\/wp-json\/wp\/v2\/product\/3119","targetHints":{"allow":["GET"]}}],"collection":[{"href":"https:\/\/denda.museodelnacionalismovasco.eus\/es\/wp-json\/wp\/v2\/product"}],"about":[{"href":"https:\/\/denda.museodelnacionalismovasco.eus\/es\/wp-json\/wp\/v2\/types\/product"}],"wp:featuredmedia":[{"embeddable":true,"href":"https:\/\/denda.museodelnacionalismovasco.eus\/es\/wp-json\/wp\/v2\/media\/3402"}],"wp:attachment":[{"href":"https:\/\/denda.museodelnacionalismovasco.eus\/es\/wp-json\/wp\/v2\/media?parent=3119"}],"wp:term":[{"taxonomy":"product_brand","embeddable":true,"href":"https:\/\/denda.museodelnacionalismovasco.eus\/es\/wp-json\/wp\/v2\/product_brand?post=3119"},{"taxonomy":"product_cat","embeddable":true,"href":"https:\/\/denda.museodelnacionalismovasco.eus\/es\/wp-json\/wp\/v2\/product_cat?post=3119"},{"taxonomy":"product_tag","embeddable":true,"href":"https:\/\/denda.museodelnacionalismovasco.eus\/es\/wp-json\/wp\/v2\/product_tag?post=3119"}],"curies":[{"name":"wp","href":"https:\/\/api.w.org\/{rel}","templated":true}]}}