{"id":3113,"date":"2022-03-24T23:43:55","date_gmt":"2022-03-24T22:43:55","guid":{"rendered":"https:\/\/denda.sabinoarana.eus.dev.merakiko.com\/producto\/replica-balcon-sabin-etxea\/"},"modified":"2023-12-14T18:04:11","modified_gmt":"2023-12-14T17:04:11","slug":"replica-balcon-sabin-etxea","status":"publish","type":"product","link":"https:\/\/denda.museodelnacionalismovasco.eus\/es\/producto\/replica-balcon-sabin-etxea\/","title":{"rendered":"R\u00e9plica balc\u00f3n Sabin Etxea"},"content":{"rendered":"<p>Parte de los escombros de la casa natal de Sabino Arana (Sabin Etxea) fueron arrojados al mar y otra parte a un vertedero de Larraskitu (Rekalde, Bilbao). A pesar de las fuertes medidas de seguridad implantadas para evitarlo, se consiguieron recuperar algunos restos.Esta pieza es una r\u00e9plica de uno de los balcones originales de Sabin Etxea conservado durante muchos a\u00f1os en un caser\u00edo de Sondika. Medidas:<\/p>\n","protected":false},"excerpt":{"rendered":"<p>R\u00e9plica del balc\u00f3n original de la antigua Sabin Etxea<\/p>\n","protected":false},"featured_media":3213,"template":"","meta":[],"product_brand":[],"product_cat":[68,71],"product_tag":[137,138,136,132,134,131,140,139],"class_list":{"0":"post-3113","1":"product","2":"type-product","3":"status-publish","4":"has-post-thumbnail","6":"product_cat-decoracion-y-hogar","7":"product_cat-replica","8":"product_tag-basquecountry","9":"product_tag-denda","10":"product_tag-euskadi","11":"product_tag-euskal-abertzaletasunaren-museoa","12":"product_tag-euzkadi","13":"product_tag-museo-del-nacionalismo-vasco","14":"product_tag-museum-of-basque-nationalism","15":"product_tag-tienda","17":"first","18":"instock","19":"shipping-taxable","20":"purchasable","21":"product-type-variable"},"yoast_head":"<!-- This site is optimized with the Yoast SEO plugin v24.7 - https:\/\/yoast.com\/wordpress\/plugins\/seo\/ -->\n<title>R\u00e9plica balc\u00f3n Sabin Etxea - Museo del Nacionalismo Vasco - Tienda<\/title>\n<meta name=\"robots\" content=\"index, follow, max-snippet:-1, max-image-preview:large, max-video-preview:-1\" \/>\n<link rel=\"canonical\" href=\"https:\/\/denda.museodelnacionalismovasco.eus\/es\/producto\/replica-balcon-sabin-etxea\/\" \/>\n<meta property=\"og:locale\" content=\"es_ES\" \/>\n<meta property=\"og:type\" content=\"article\" \/>\n<meta property=\"og:title\" content=\"R\u00e9plica balc\u00f3n Sabin Etxea - Museo del Nacionalismo Vasco - Tienda\" \/>\n<meta property=\"og:description\" content=\"R\u00e9plica del balc\u00f3n original de la antigua Sabin Etxea\" \/>\n<meta property=\"og:url\" content=\"https:\/\/denda.museodelnacionalismovasco.eus\/es\/producto\/replica-balcon-sabin-etxea\/\" \/>\n<meta property=\"og:site_name\" content=\"Museo del Nacionalismo Vasco - Tienda\" \/>\n<meta property=\"article:modified_time\" content=\"2023-12-14T17:04:11+00:00\" \/>\n<meta property=\"og:image\" content=\"https:\/\/denda.museodelnacionalismovasco.eus\/wp-content\/uploads\/2022\/03\/balcon-sabin-etxea-040.jpg\" \/>\n\t<meta property=\"og:image:width\" content=\"565\" \/>\n\t<meta property=\"og:image:height\" content=\"565\" \/>\n\t<meta property=\"og:image:type\" content=\"image\/jpeg\" \/>\n<meta name=\"twitter:card\" content=\"summary_large_image\" \/>\n<script type=\"application\/ld+json\" class=\"yoast-schema-graph\">{\"@context\":\"https:\/\/schema.org\",\"@graph\":[{\"@type\":\"WebPage\",\"@id\":\"https:\/\/denda.museodelnacionalismovasco.eus\/es\/producto\/replica-balcon-sabin-etxea\/\",\"url\":\"https:\/\/denda.museodelnacionalismovasco.eus\/es\/producto\/replica-balcon-sabin-etxea\/\",\"name\":\"R\u00e9plica balc\u00f3n Sabin Etxea - Museo del Nacionalismo Vasco - Tienda\",\"isPartOf\":{\"@id\":\"https:\/\/denda.museodelnacionalismovasco.eus\/es\/#website\"},\"primaryImageOfPage\":{\"@id\":\"https:\/\/denda.museodelnacionalismovasco.eus\/es\/producto\/replica-balcon-sabin-etxea\/#primaryimage\"},\"image\":{\"@id\":\"https:\/\/denda.museodelnacionalismovasco.eus\/es\/producto\/replica-balcon-sabin-etxea\/#primaryimage\"},\"thumbnailUrl\":\"https:\/\/denda.museodelnacionalismovasco.eus\/wp-content\/uploads\/2022\/03\/balcon-sabin-etxea-040.jpg\",\"datePublished\":\"2022-03-24T22:43:55+00:00\",\"dateModified\":\"2023-12-14T17:04:11+00:00\",\"breadcrumb\":{\"@id\":\"https:\/\/denda.museodelnacionalismovasco.eus\/es\/producto\/replica-balcon-sabin-etxea\/#breadcrumb\"},\"inLanguage\":\"es\",\"potentialAction\":[{\"@type\":\"ReadAction\",\"target\":[\"https:\/\/denda.museodelnacionalismovasco.eus\/es\/producto\/replica-balcon-sabin-etxea\/\"]}]},{\"@type\":\"ImageObject\",\"inLanguage\":\"es\",\"@id\":\"https:\/\/denda.museodelnacionalismovasco.eus\/es\/producto\/replica-balcon-sabin-etxea\/#primaryimage\",\"url\":\"https:\/\/denda.museodelnacionalismovasco.eus\/wp-content\/uploads\/2022\/03\/balcon-sabin-etxea-040.jpg\",\"contentUrl\":\"https:\/\/denda.museodelnacionalismovasco.eus\/wp-content\/uploads\/2022\/03\/balcon-sabin-etxea-040.jpg\",\"width\":565,\"height\":565},{\"@type\":\"BreadcrumbList\",\"@id\":\"https:\/\/denda.museodelnacionalismovasco.eus\/es\/producto\/replica-balcon-sabin-etxea\/#breadcrumb\",\"itemListElement\":[{\"@type\":\"ListItem\",\"position\":1,\"name\":\"Portada\",\"item\":\"https:\/\/denda.museodelnacionalismovasco.eus\/es\/\"},{\"@type\":\"ListItem\",\"position\":2,\"name\":\"Shop\",\"item\":\"https:\/\/denda.museodelnacionalismovasco.eus\/es\/shop\/\"},{\"@type\":\"ListItem\",\"position\":3,\"name\":\"R\u00e9plica balc\u00f3n Sabin Etxea\"}]},{\"@type\":\"WebSite\",\"@id\":\"https:\/\/denda.museodelnacionalismovasco.eus\/es\/#website\",\"url\":\"https:\/\/denda.museodelnacionalismovasco.eus\/es\/\",\"name\":\"Museo del Nacionalismo Vasco - Tienda\",\"description\":\"\",\"potentialAction\":[{\"@type\":\"SearchAction\",\"target\":{\"@type\":\"EntryPoint\",\"urlTemplate\":\"https:\/\/denda.museodelnacionalismovasco.eus\/es\/?s={search_term_string}\"},\"query-input\":{\"@type\":\"PropertyValueSpecification\",\"valueRequired\":true,\"valueName\":\"search_term_string\"}}],\"inLanguage\":\"es\"}]}<\/script>\n<!-- \/ Yoast SEO plugin. -->","yoast_head_json":{"title":"R\u00e9plica balc\u00f3n Sabin Etxea - Museo del Nacionalismo Vasco - Tienda","robots":{"index":"index","follow":"follow","max-snippet":"max-snippet:-1","max-image-preview":"max-image-preview:large","max-video-preview":"max-video-preview:-1"},"canonical":"https:\/\/denda.museodelnacionalismovasco.eus\/es\/producto\/replica-balcon-sabin-etxea\/","og_locale":"es_ES","og_type":"article","og_title":"R\u00e9plica balc\u00f3n Sabin Etxea - Museo del Nacionalismo Vasco - Tienda","og_description":"R\u00e9plica del balc\u00f3n original de la antigua Sabin Etxea","og_url":"https:\/\/denda.museodelnacionalismovasco.eus\/es\/producto\/replica-balcon-sabin-etxea\/","og_site_name":"Museo del Nacionalismo Vasco - Tienda","article_modified_time":"2023-12-14T17:04:11+00:00","og_image":[{"width":565,"height":565,"url":"https:\/\/denda.museodelnacionalismovasco.eus\/wp-content\/uploads\/2022\/03\/balcon-sabin-etxea-040.jpg","type":"image\/jpeg"}],"twitter_card":"summary_large_image","schema":{"@context":"https:\/\/schema.org","@graph":[{"@type":"WebPage","@id":"https:\/\/denda.museodelnacionalismovasco.eus\/es\/producto\/replica-balcon-sabin-etxea\/","url":"https:\/\/denda.museodelnacionalismovasco.eus\/es\/producto\/replica-balcon-sabin-etxea\/","name":"R\u00e9plica balc\u00f3n Sabin Etxea - Museo del Nacionalismo Vasco - Tienda","isPartOf":{"@id":"https:\/\/denda.museodelnacionalismovasco.eus\/es\/#website"},"primaryImageOfPage":{"@id":"https:\/\/denda.museodelnacionalismovasco.eus\/es\/producto\/replica-balcon-sabin-etxea\/#primaryimage"},"image":{"@id":"https:\/\/denda.museodelnacionalismovasco.eus\/es\/producto\/replica-balcon-sabin-etxea\/#primaryimage"},"thumbnailUrl":"https:\/\/denda.museodelnacionalismovasco.eus\/wp-content\/uploads\/2022\/03\/balcon-sabin-etxea-040.jpg","datePublished":"2022-03-24T22:43:55+00:00","dateModified":"2023-12-14T17:04:11+00:00","breadcrumb":{"@id":"https:\/\/denda.museodelnacionalismovasco.eus\/es\/producto\/replica-balcon-sabin-etxea\/#breadcrumb"},"inLanguage":"es","potentialAction":[{"@type":"ReadAction","target":["https:\/\/denda.museodelnacionalismovasco.eus\/es\/producto\/replica-balcon-sabin-etxea\/"]}]},{"@type":"ImageObject","inLanguage":"es","@id":"https:\/\/denda.museodelnacionalismovasco.eus\/es\/producto\/replica-balcon-sabin-etxea\/#primaryimage","url":"https:\/\/denda.museodelnacionalismovasco.eus\/wp-content\/uploads\/2022\/03\/balcon-sabin-etxea-040.jpg","contentUrl":"https:\/\/denda.museodelnacionalismovasco.eus\/wp-content\/uploads\/2022\/03\/balcon-sabin-etxea-040.jpg","width":565,"height":565},{"@type":"BreadcrumbList","@id":"https:\/\/denda.museodelnacionalismovasco.eus\/es\/producto\/replica-balcon-sabin-etxea\/#breadcrumb","itemListElement":[{"@type":"ListItem","position":1,"name":"Portada","item":"https:\/\/denda.museodelnacionalismovasco.eus\/es\/"},{"@type":"ListItem","position":2,"name":"Shop","item":"https:\/\/denda.museodelnacionalismovasco.eus\/es\/shop\/"},{"@type":"ListItem","position":3,"name":"R\u00e9plica balc\u00f3n Sabin Etxea"}]},{"@type":"WebSite","@id":"https:\/\/denda.museodelnacionalismovasco.eus\/es\/#website","url":"https:\/\/denda.museodelnacionalismovasco.eus\/es\/","name":"Museo del Nacionalismo Vasco - Tienda","description":"","potentialAction":[{"@type":"SearchAction","target":{"@type":"EntryPoint","urlTemplate":"https:\/\/denda.museodelnacionalismovasco.eus\/es\/?s={search_term_string}"},"query-input":{"@type":"PropertyValueSpecification","valueRequired":true,"valueName":"search_term_string"}}],"inLanguage":"es"}]}},"_links":{"self":[{"href":"https:\/\/denda.museodelnacionalismovasco.eus\/es\/wp-json\/wp\/v2\/product\/3113","targetHints":{"allow":["GET"]}}],"collection":[{"href":"https:\/\/denda.museodelnacionalismovasco.eus\/es\/wp-json\/wp\/v2\/product"}],"about":[{"href":"https:\/\/denda.museodelnacionalismovasco.eus\/es\/wp-json\/wp\/v2\/types\/product"}],"wp:featuredmedia":[{"embeddable":true,"href":"https:\/\/denda.museodelnacionalismovasco.eus\/es\/wp-json\/wp\/v2\/media\/3213"}],"wp:attachment":[{"href":"https:\/\/denda.museodelnacionalismovasco.eus\/es\/wp-json\/wp\/v2\/media?parent=3113"}],"wp:term":[{"taxonomy":"product_brand","embeddable":true,"href":"https:\/\/denda.museodelnacionalismovasco.eus\/es\/wp-json\/wp\/v2\/product_brand?post=3113"},{"taxonomy":"product_cat","embeddable":true,"href":"https:\/\/denda.museodelnacionalismovasco.eus\/es\/wp-json\/wp\/v2\/product_cat?post=3113"},{"taxonomy":"product_tag","embeddable":true,"href":"https:\/\/denda.museodelnacionalismovasco.eus\/es\/wp-json\/wp\/v2\/product_tag?post=3113"}],"curies":[{"name":"wp","href":"https:\/\/api.w.org\/{rel}","templated":true}]}}