{"id":3112,"date":"2022-03-24T23:43:55","date_gmt":"2022-03-24T22:43:55","guid":{"rendered":"https:\/\/denda.sabinoarana.eus.dev.merakiko.com\/producto\/pisapapeles-cuadro-simon-arrieta\/"},"modified":"2025-12-10T15:53:58","modified_gmt":"2025-12-10T14:53:58","slug":"pisapapeles-cuadro-simon-arrieta","status":"publish","type":"product","link":"https:\/\/denda.museodelnacionalismovasco.eus\/es\/producto\/pisapapeles-cuadro-simon-arrieta\/","title":{"rendered":"Imagen en 3 dimensiones cuadro Sim\u00f3n Arrieta"},"content":{"rendered":"<p>El pintor bergar\u00e9s Sim\u00f3n Arrieta Arostegi realiz\u00f3 este mural para el Batzoki de Antzuola en 1933. Se trata de un \u00f3leo sobre tela de algod\u00f3n, que se utilizaba como tel\u00f3n para las representaciones teatrales que ten\u00edan lugar los domingos por la tarde en el Batzoki de la localidad.La particularidad de este tel\u00f3n reside en que, en su origen, estaba decorado con una pareja de dantzaris que portaban una ikurri\u00f1a, imagen que una vez finalizada la guerra y derrotados los nacionalistas fue retocada por los carlistas locales sobre impresionando la bandera espa\u00f1ola sobre la ikurri\u00f1a y cambiando el color negro de la txapela del dantzari por el rojo.<br \/>\nEsta pieza estuvo guardada en un s\u00f3tano hasta marzo de 2005 que se don\u00f3 al Museo del Nacionalismo Vasco de Sabino Arana Fundazioa y en 2006 se llevo a cabo su restauraci\u00f3n y recuperaci\u00f3n de los colores originales, gracias a la colaboraci\u00f3n de la Diputaci\u00f3n Foral de Gipuzkoa. Medidas: 120x50x40<\/p>\n","protected":false},"excerpt":{"rendered":"<p>Pisapapeles de metacrilato con el tel\u00f3n de Antzuola<\/p>\n","protected":false},"featured_media":3228,"template":"","meta":[],"product_brand":[],"product_cat":[67,70],"product_tag":[137,138,136,132,134,131,140,139],"class_list":{"0":"post-3112","1":"product","2":"type-product","3":"status-publish","4":"has-post-thumbnail","6":"product_cat-papeleria","7":"product_cat-imagen-en-3-dimensiones","8":"product_tag-basquecountry","9":"product_tag-denda","10":"product_tag-euskadi","11":"product_tag-euskal-abertzaletasunaren-museoa","12":"product_tag-euzkadi","13":"product_tag-museo-del-nacionalismo-vasco","14":"product_tag-museum-of-basque-nationalism","15":"product_tag-tienda","17":"first","18":"instock","19":"shipping-taxable","20":"purchasable","21":"product-type-variable"},"yoast_head":"<!-- This site is optimized with the Yoast SEO plugin v24.7 - https:\/\/yoast.com\/wordpress\/plugins\/seo\/ -->\n<title>Imagen en 3 dimensiones cuadro Sim\u00f3n Arrieta - Museo del Nacionalismo Vasco - Tienda<\/title>\n<meta name=\"description\" content=\"Pisapapeles cuadro Sim\u00f3n Arrieta\" \/>\n<meta name=\"robots\" content=\"index, follow, max-snippet:-1, max-image-preview:large, max-video-preview:-1\" \/>\n<link rel=\"canonical\" href=\"https:\/\/denda.museodelnacionalismovasco.eus\/es\/producto\/pisapapeles-cuadro-simon-arrieta\/\" \/>\n<meta property=\"og:locale\" content=\"es_ES\" \/>\n<meta property=\"og:type\" content=\"article\" \/>\n<meta property=\"og:title\" content=\"Imagen en 3 dimensiones cuadro Sim\u00f3n Arrieta - Museo del Nacionalismo Vasco - Tienda\" \/>\n<meta property=\"og:description\" content=\"Pisapapeles cuadro Sim\u00f3n Arrieta\" \/>\n<meta property=\"og:url\" content=\"https:\/\/denda.museodelnacionalismovasco.eus\/es\/producto\/pisapapeles-cuadro-simon-arrieta\/\" \/>\n<meta property=\"og:site_name\" content=\"Museo del Nacionalismo Vasco - Tienda\" \/>\n<meta property=\"article:modified_time\" content=\"2025-12-10T14:53:58+00:00\" \/>\n<meta property=\"og:image\" content=\"https:\/\/denda.museodelnacionalismovasco.eus\/wp-content\/uploads\/2022\/03\/papergainekoa-bikote-ikurrina-004.jpg\" \/>\n\t<meta property=\"og:image:width\" content=\"565\" \/>\n\t<meta property=\"og:image:height\" content=\"565\" \/>\n\t<meta property=\"og:image:type\" content=\"image\/jpeg\" \/>\n<meta name=\"twitter:card\" content=\"summary_large_image\" \/>\n<meta name=\"twitter:label1\" content=\"Tiempo de lectura\" \/>\n\t<meta name=\"twitter:data1\" content=\"1 minuto\" \/>\n<script type=\"application\/ld+json\" class=\"yoast-schema-graph\">{\"@context\":\"https:\/\/schema.org\",\"@graph\":[{\"@type\":\"WebPage\",\"@id\":\"https:\/\/denda.museodelnacionalismovasco.eus\/es\/producto\/pisapapeles-cuadro-simon-arrieta\/\",\"url\":\"https:\/\/denda.museodelnacionalismovasco.eus\/es\/producto\/pisapapeles-cuadro-simon-arrieta\/\",\"name\":\"Imagen en 3 dimensiones cuadro Sim\u00f3n Arrieta - Museo del Nacionalismo Vasco - Tienda\",\"isPartOf\":{\"@id\":\"https:\/\/denda.museodelnacionalismovasco.eus\/es\/#website\"},\"primaryImageOfPage\":{\"@id\":\"https:\/\/denda.museodelnacionalismovasco.eus\/es\/producto\/pisapapeles-cuadro-simon-arrieta\/#primaryimage\"},\"image\":{\"@id\":\"https:\/\/denda.museodelnacionalismovasco.eus\/es\/producto\/pisapapeles-cuadro-simon-arrieta\/#primaryimage\"},\"thumbnailUrl\":\"https:\/\/denda.museodelnacionalismovasco.eus\/wp-content\/uploads\/2022\/03\/papergainekoa-bikote-ikurrina-004.jpg\",\"datePublished\":\"2022-03-24T22:43:55+00:00\",\"dateModified\":\"2025-12-10T14:53:58+00:00\",\"description\":\"Pisapapeles cuadro Sim\u00f3n Arrieta\",\"breadcrumb\":{\"@id\":\"https:\/\/denda.museodelnacionalismovasco.eus\/es\/producto\/pisapapeles-cuadro-simon-arrieta\/#breadcrumb\"},\"inLanguage\":\"es\",\"potentialAction\":[{\"@type\":\"ReadAction\",\"target\":[\"https:\/\/denda.museodelnacionalismovasco.eus\/es\/producto\/pisapapeles-cuadro-simon-arrieta\/\"]}]},{\"@type\":\"ImageObject\",\"inLanguage\":\"es\",\"@id\":\"https:\/\/denda.museodelnacionalismovasco.eus\/es\/producto\/pisapapeles-cuadro-simon-arrieta\/#primaryimage\",\"url\":\"https:\/\/denda.museodelnacionalismovasco.eus\/wp-content\/uploads\/2022\/03\/papergainekoa-bikote-ikurrina-004.jpg\",\"contentUrl\":\"https:\/\/denda.museodelnacionalismovasco.eus\/wp-content\/uploads\/2022\/03\/papergainekoa-bikote-ikurrina-004.jpg\",\"width\":565,\"height\":565},{\"@type\":\"BreadcrumbList\",\"@id\":\"https:\/\/denda.museodelnacionalismovasco.eus\/es\/producto\/pisapapeles-cuadro-simon-arrieta\/#breadcrumb\",\"itemListElement\":[{\"@type\":\"ListItem\",\"position\":1,\"name\":\"Portada\",\"item\":\"https:\/\/denda.museodelnacionalismovasco.eus\/es\/\"},{\"@type\":\"ListItem\",\"position\":2,\"name\":\"Shop\",\"item\":\"https:\/\/denda.museodelnacionalismovasco.eus\/es\/shop\/\"},{\"@type\":\"ListItem\",\"position\":3,\"name\":\"Imagen en 3 dimensiones cuadro Sim\u00f3n Arrieta\"}]},{\"@type\":\"WebSite\",\"@id\":\"https:\/\/denda.museodelnacionalismovasco.eus\/es\/#website\",\"url\":\"https:\/\/denda.museodelnacionalismovasco.eus\/es\/\",\"name\":\"Museo del Nacionalismo Vasco - Tienda\",\"description\":\"\",\"potentialAction\":[{\"@type\":\"SearchAction\",\"target\":{\"@type\":\"EntryPoint\",\"urlTemplate\":\"https:\/\/denda.museodelnacionalismovasco.eus\/es\/?s={search_term_string}\"},\"query-input\":{\"@type\":\"PropertyValueSpecification\",\"valueRequired\":true,\"valueName\":\"search_term_string\"}}],\"inLanguage\":\"es\"}]}<\/script>\n<!-- \/ Yoast SEO plugin. -->","yoast_head_json":{"title":"Imagen en 3 dimensiones cuadro Sim\u00f3n Arrieta - Museo del Nacionalismo Vasco - Tienda","description":"Pisapapeles cuadro Sim\u00f3n Arrieta","robots":{"index":"index","follow":"follow","max-snippet":"max-snippet:-1","max-image-preview":"max-image-preview:large","max-video-preview":"max-video-preview:-1"},"canonical":"https:\/\/denda.museodelnacionalismovasco.eus\/es\/producto\/pisapapeles-cuadro-simon-arrieta\/","og_locale":"es_ES","og_type":"article","og_title":"Imagen en 3 dimensiones cuadro Sim\u00f3n Arrieta - Museo del Nacionalismo Vasco - Tienda","og_description":"Pisapapeles cuadro Sim\u00f3n Arrieta","og_url":"https:\/\/denda.museodelnacionalismovasco.eus\/es\/producto\/pisapapeles-cuadro-simon-arrieta\/","og_site_name":"Museo del Nacionalismo Vasco - Tienda","article_modified_time":"2025-12-10T14:53:58+00:00","og_image":[{"width":565,"height":565,"url":"https:\/\/denda.museodelnacionalismovasco.eus\/wp-content\/uploads\/2022\/03\/papergainekoa-bikote-ikurrina-004.jpg","type":"image\/jpeg"}],"twitter_card":"summary_large_image","twitter_misc":{"Tiempo de lectura":"1 minuto"},"schema":{"@context":"https:\/\/schema.org","@graph":[{"@type":"WebPage","@id":"https:\/\/denda.museodelnacionalismovasco.eus\/es\/producto\/pisapapeles-cuadro-simon-arrieta\/","url":"https:\/\/denda.museodelnacionalismovasco.eus\/es\/producto\/pisapapeles-cuadro-simon-arrieta\/","name":"Imagen en 3 dimensiones cuadro Sim\u00f3n Arrieta - Museo del Nacionalismo Vasco - Tienda","isPartOf":{"@id":"https:\/\/denda.museodelnacionalismovasco.eus\/es\/#website"},"primaryImageOfPage":{"@id":"https:\/\/denda.museodelnacionalismovasco.eus\/es\/producto\/pisapapeles-cuadro-simon-arrieta\/#primaryimage"},"image":{"@id":"https:\/\/denda.museodelnacionalismovasco.eus\/es\/producto\/pisapapeles-cuadro-simon-arrieta\/#primaryimage"},"thumbnailUrl":"https:\/\/denda.museodelnacionalismovasco.eus\/wp-content\/uploads\/2022\/03\/papergainekoa-bikote-ikurrina-004.jpg","datePublished":"2022-03-24T22:43:55+00:00","dateModified":"2025-12-10T14:53:58+00:00","description":"Pisapapeles cuadro Sim\u00f3n Arrieta","breadcrumb":{"@id":"https:\/\/denda.museodelnacionalismovasco.eus\/es\/producto\/pisapapeles-cuadro-simon-arrieta\/#breadcrumb"},"inLanguage":"es","potentialAction":[{"@type":"ReadAction","target":["https:\/\/denda.museodelnacionalismovasco.eus\/es\/producto\/pisapapeles-cuadro-simon-arrieta\/"]}]},{"@type":"ImageObject","inLanguage":"es","@id":"https:\/\/denda.museodelnacionalismovasco.eus\/es\/producto\/pisapapeles-cuadro-simon-arrieta\/#primaryimage","url":"https:\/\/denda.museodelnacionalismovasco.eus\/wp-content\/uploads\/2022\/03\/papergainekoa-bikote-ikurrina-004.jpg","contentUrl":"https:\/\/denda.museodelnacionalismovasco.eus\/wp-content\/uploads\/2022\/03\/papergainekoa-bikote-ikurrina-004.jpg","width":565,"height":565},{"@type":"BreadcrumbList","@id":"https:\/\/denda.museodelnacionalismovasco.eus\/es\/producto\/pisapapeles-cuadro-simon-arrieta\/#breadcrumb","itemListElement":[{"@type":"ListItem","position":1,"name":"Portada","item":"https:\/\/denda.museodelnacionalismovasco.eus\/es\/"},{"@type":"ListItem","position":2,"name":"Shop","item":"https:\/\/denda.museodelnacionalismovasco.eus\/es\/shop\/"},{"@type":"ListItem","position":3,"name":"Imagen en 3 dimensiones cuadro Sim\u00f3n Arrieta"}]},{"@type":"WebSite","@id":"https:\/\/denda.museodelnacionalismovasco.eus\/es\/#website","url":"https:\/\/denda.museodelnacionalismovasco.eus\/es\/","name":"Museo del Nacionalismo Vasco - Tienda","description":"","potentialAction":[{"@type":"SearchAction","target":{"@type":"EntryPoint","urlTemplate":"https:\/\/denda.museodelnacionalismovasco.eus\/es\/?s={search_term_string}"},"query-input":{"@type":"PropertyValueSpecification","valueRequired":true,"valueName":"search_term_string"}}],"inLanguage":"es"}]}},"_links":{"self":[{"href":"https:\/\/denda.museodelnacionalismovasco.eus\/es\/wp-json\/wp\/v2\/product\/3112","targetHints":{"allow":["GET"]}}],"collection":[{"href":"https:\/\/denda.museodelnacionalismovasco.eus\/es\/wp-json\/wp\/v2\/product"}],"about":[{"href":"https:\/\/denda.museodelnacionalismovasco.eus\/es\/wp-json\/wp\/v2\/types\/product"}],"wp:featuredmedia":[{"embeddable":true,"href":"https:\/\/denda.museodelnacionalismovasco.eus\/es\/wp-json\/wp\/v2\/media\/3228"}],"wp:attachment":[{"href":"https:\/\/denda.museodelnacionalismovasco.eus\/es\/wp-json\/wp\/v2\/media?parent=3112"}],"wp:term":[{"taxonomy":"product_brand","embeddable":true,"href":"https:\/\/denda.museodelnacionalismovasco.eus\/es\/wp-json\/wp\/v2\/product_brand?post=3112"},{"taxonomy":"product_cat","embeddable":true,"href":"https:\/\/denda.museodelnacionalismovasco.eus\/es\/wp-json\/wp\/v2\/product_cat?post=3112"},{"taxonomy":"product_tag","embeddable":true,"href":"https:\/\/denda.museodelnacionalismovasco.eus\/es\/wp-json\/wp\/v2\/product_tag?post=3112"}],"curies":[{"name":"wp","href":"https:\/\/api.w.org\/{rel}","templated":true}]}}