{"id":3,"date":"2021-12-20T16:03:46","date_gmt":"2021-12-20T16:03:46","guid":{"rendered":"https:\/\/denda.sabinoarana.eus.dev.merakiko.com\/?page_id=3"},"modified":"2022-04-19T15:56:53","modified_gmt":"2022-04-19T14:56:53","slug":"aviso-legal","status":"publish","type":"page","link":"https:\/\/denda.museodelnacionalismovasco.eus\/es\/aviso-legal\/","title":{"rendered":"Aviso legal"},"content":{"rendered":"<h1 class=\"wp-block-heading\">Aviso Legal<\/h1>\r\n<p>&nbsp;<\/p>\r\n<h2>Pol\u00edtica privacidad<\/h2><p>El tratamiento de los datos de car\u00e1cter personal aportados por el usuario est\u00e1 sujeto a lo establecido por la Ley Org\u00e1nica 15\/1999, de 13 de diciembre, de Protecci\u00f3n de Datos de Car\u00e1cter Personal. Estos datos ser\u00e1n objeto de tratamiento inform\u00e1tico e incorporados a los correspondientes ficheros y \u00fanicamente ser\u00e1n utilizados con la finalidad de posibilitar el normal desarrollo de los servicios solicitados por el usuario, efectuar estad\u00edstica y remitir informaci\u00f3n de car\u00e1cter cultural o informativa derivada de las actividades del propio Centro.<\/p>\r\n<p>Los usuarios podr\u00e1n ejercitar, en cualquier momento, los derechos de acceso, rectificaci\u00f3n, cancelaci\u00f3n y oposici\u00f3n de sus datos recopilados y archivados, enviando un e-mail o fax a la direcci\u00f3n de Sabino Arana Fundazioa.<\/p>\r\n<p>&nbsp;<\/p><h2 class=\"wp-block-heading\">Pol\u00edtica de cookies<\/h2><h3>\u00bfQu\u00e9 son las cookies?<\/h3>\r\n<p>Las cookies son peque\u00f1os archivos de texto que se descargan en tu equipo al acceder a una p\u00e1gina web.<\/p>\r\n<p>No son virus malignos, sino herramientas que cumplen un papel esencial para la prestaci\u00f3n de numerosos servicios en internet. Entre otras cosas permiten recordar el idioma en el que quieres navegar en la web, recopilar estad\u00edsticas para optimizar la funcionalidad del sitio o que puedas compartir nuestros contenidos en tus redes sociales.<\/p>\r\n<h3>\u00bfQu\u00e9 tipos de cookies utiliza esta p\u00e1gina web?<\/h3>\r\n<p>Cookies t\u00e9cnicas. Son aquellas creadas y gestionadas \u00fanicamente por nosotros y que permiten la navegaci\u00f3n a trav\u00e9s de nuestra p\u00e1gina web y la utilizaci\u00f3n de sus diferentes opciones y servicios.<\/p>\r\n<p>Cookies de an\u00e1lisis. Son aquellas que bien tratadas por nosotros o por terceros, nos permiten cuantificar el n\u00famero de usuarios y realizar la medici\u00f3n y an\u00e1lisis estad\u00edstico de la utilizaci\u00f3n de nuestra web.<\/p>\r\n<p>En ning\u00fan caso obtenemos informaci\u00f3n sobre los datos personales del usuario, garantizando la tutela de la privacidad de las personas que navegan por la web.<\/p>\r\n<h3>C\u00f3mo desactivar nuestras cookies (o cualquier otra)<\/h3>\r\n<p>Aunque la mayor\u00eda de los navegadores acepta cookies de forma autom\u00e1tica, puedes modificar la configuraci\u00f3n de tu navegador para permitir, bloquear o eliminar las cookies instaladas en tu equipo.<\/p>\r\n<p>&nbsp;<\/p>","protected":false},"excerpt":{"rendered":"<p>Aviso Legal &nbsp; Pol\u00edtica privacidad El tratamiento de los datos [&hellip;]<\/p>\n","protected":false},"author":1,"featured_media":0,"parent":0,"menu_order":0,"comment_status":"closed","ping_status":"open","template":"","meta":{"footnotes":""},"class_list":["post-3","page","type-page","status-publish","hentry"],"yoast_head":"<!-- This site is optimized with the Yoast SEO plugin v24.7 - https:\/\/yoast.com\/wordpress\/plugins\/seo\/ -->\n<title>Aviso legal - Museo del Nacionalismo Vasco - Tienda<\/title>\n<meta name=\"robots\" content=\"index, follow, max-snippet:-1, max-image-preview:large, max-video-preview:-1\" \/>\n<link rel=\"canonical\" href=\"https:\/\/denda.museodelnacionalismovasco.eus\/es\/aviso-legal\/\" \/>\n<meta property=\"og:locale\" content=\"es_ES\" \/>\n<meta property=\"og:type\" content=\"article\" \/>\n<meta property=\"og:title\" content=\"Aviso legal - Museo del Nacionalismo Vasco - Tienda\" \/>\n<meta property=\"og:description\" content=\"Aviso Legal &nbsp; Pol\u00edtica privacidad El tratamiento de los datos [&hellip;]\" \/>\n<meta property=\"og:url\" content=\"https:\/\/denda.museodelnacionalismovasco.eus\/es\/aviso-legal\/\" \/>\n<meta property=\"og:site_name\" content=\"Museo del Nacionalismo Vasco - Tienda\" \/>\n<meta property=\"article:modified_time\" content=\"2022-04-19T14:56:53+00:00\" \/>\n<meta name=\"twitter:card\" content=\"summary_large_image\" \/>\n<meta name=\"twitter:label1\" content=\"Tiempo de lectura\" \/>\n\t<meta name=\"twitter:data1\" content=\"2 minutos\" \/>\n<script type=\"application\/ld+json\" class=\"yoast-schema-graph\">{\"@context\":\"https:\/\/schema.org\",\"@graph\":[{\"@type\":\"WebPage\",\"@id\":\"https:\/\/denda.museodelnacionalismovasco.eus\/es\/aviso-legal\/\",\"url\":\"https:\/\/denda.museodelnacionalismovasco.eus\/es\/aviso-legal\/\",\"name\":\"Aviso legal - Museo del Nacionalismo Vasco - Tienda\",\"isPartOf\":{\"@id\":\"https:\/\/denda.museodelnacionalismovasco.eus\/es\/#website\"},\"datePublished\":\"2021-12-20T16:03:46+00:00\",\"dateModified\":\"2022-04-19T14:56:53+00:00\",\"breadcrumb\":{\"@id\":\"https:\/\/denda.museodelnacionalismovasco.eus\/es\/aviso-legal\/#breadcrumb\"},\"inLanguage\":\"es\",\"potentialAction\":[{\"@type\":\"ReadAction\",\"target\":[\"https:\/\/denda.museodelnacionalismovasco.eus\/es\/aviso-legal\/\"]}]},{\"@type\":\"BreadcrumbList\",\"@id\":\"https:\/\/denda.museodelnacionalismovasco.eus\/es\/aviso-legal\/#breadcrumb\",\"itemListElement\":[{\"@type\":\"ListItem\",\"position\":1,\"name\":\"Portada\",\"item\":\"https:\/\/denda.museodelnacionalismovasco.eus\/es\/\"},{\"@type\":\"ListItem\",\"position\":2,\"name\":\"Aviso legal\"}]},{\"@type\":\"WebSite\",\"@id\":\"https:\/\/denda.museodelnacionalismovasco.eus\/es\/#website\",\"url\":\"https:\/\/denda.museodelnacionalismovasco.eus\/es\/\",\"name\":\"Museo del Nacionalismo Vasco - Tienda\",\"description\":\"\",\"potentialAction\":[{\"@type\":\"SearchAction\",\"target\":{\"@type\":\"EntryPoint\",\"urlTemplate\":\"https:\/\/denda.museodelnacionalismovasco.eus\/es\/?s={search_term_string}\"},\"query-input\":{\"@type\":\"PropertyValueSpecification\",\"valueRequired\":true,\"valueName\":\"search_term_string\"}}],\"inLanguage\":\"es\"}]}<\/script>\n<!-- \/ Yoast SEO plugin. -->","yoast_head_json":{"title":"Aviso legal - Museo del Nacionalismo Vasco - Tienda","robots":{"index":"index","follow":"follow","max-snippet":"max-snippet:-1","max-image-preview":"max-image-preview:large","max-video-preview":"max-video-preview:-1"},"canonical":"https:\/\/denda.museodelnacionalismovasco.eus\/es\/aviso-legal\/","og_locale":"es_ES","og_type":"article","og_title":"Aviso legal - Museo del Nacionalismo Vasco - Tienda","og_description":"Aviso Legal &nbsp; Pol\u00edtica privacidad El tratamiento de los datos [&hellip;]","og_url":"https:\/\/denda.museodelnacionalismovasco.eus\/es\/aviso-legal\/","og_site_name":"Museo del Nacionalismo Vasco - Tienda","article_modified_time":"2022-04-19T14:56:53+00:00","twitter_card":"summary_large_image","twitter_misc":{"Tiempo de lectura":"2 minutos"},"schema":{"@context":"https:\/\/schema.org","@graph":[{"@type":"WebPage","@id":"https:\/\/denda.museodelnacionalismovasco.eus\/es\/aviso-legal\/","url":"https:\/\/denda.museodelnacionalismovasco.eus\/es\/aviso-legal\/","name":"Aviso legal - Museo del Nacionalismo Vasco - Tienda","isPartOf":{"@id":"https:\/\/denda.museodelnacionalismovasco.eus\/es\/#website"},"datePublished":"2021-12-20T16:03:46+00:00","dateModified":"2022-04-19T14:56:53+00:00","breadcrumb":{"@id":"https:\/\/denda.museodelnacionalismovasco.eus\/es\/aviso-legal\/#breadcrumb"},"inLanguage":"es","potentialAction":[{"@type":"ReadAction","target":["https:\/\/denda.museodelnacionalismovasco.eus\/es\/aviso-legal\/"]}]},{"@type":"BreadcrumbList","@id":"https:\/\/denda.museodelnacionalismovasco.eus\/es\/aviso-legal\/#breadcrumb","itemListElement":[{"@type":"ListItem","position":1,"name":"Portada","item":"https:\/\/denda.museodelnacionalismovasco.eus\/es\/"},{"@type":"ListItem","position":2,"name":"Aviso legal"}]},{"@type":"WebSite","@id":"https:\/\/denda.museodelnacionalismovasco.eus\/es\/#website","url":"https:\/\/denda.museodelnacionalismovasco.eus\/es\/","name":"Museo del Nacionalismo Vasco - Tienda","description":"","potentialAction":[{"@type":"SearchAction","target":{"@type":"EntryPoint","urlTemplate":"https:\/\/denda.museodelnacionalismovasco.eus\/es\/?s={search_term_string}"},"query-input":{"@type":"PropertyValueSpecification","valueRequired":true,"valueName":"search_term_string"}}],"inLanguage":"es"}]}},"_links":{"self":[{"href":"https:\/\/denda.museodelnacionalismovasco.eus\/es\/wp-json\/wp\/v2\/pages\/3","targetHints":{"allow":["GET"]}}],"collection":[{"href":"https:\/\/denda.museodelnacionalismovasco.eus\/es\/wp-json\/wp\/v2\/pages"}],"about":[{"href":"https:\/\/denda.museodelnacionalismovasco.eus\/es\/wp-json\/wp\/v2\/types\/page"}],"author":[{"embeddable":true,"href":"https:\/\/denda.museodelnacionalismovasco.eus\/es\/wp-json\/wp\/v2\/users\/1"}],"replies":[{"embeddable":true,"href":"https:\/\/denda.museodelnacionalismovasco.eus\/es\/wp-json\/wp\/v2\/comments?post=3"}],"version-history":[{"count":7,"href":"https:\/\/denda.museodelnacionalismovasco.eus\/es\/wp-json\/wp\/v2\/pages\/3\/revisions"}],"predecessor-version":[{"id":3593,"href":"https:\/\/denda.museodelnacionalismovasco.eus\/es\/wp-json\/wp\/v2\/pages\/3\/revisions\/3593"}],"wp:attachment":[{"href":"https:\/\/denda.museodelnacionalismovasco.eus\/es\/wp-json\/wp\/v2\/media?parent=3"}],"curies":[{"name":"wp","href":"https:\/\/api.w.org\/{rel}","templated":true}]}}