{"id":2846,"date":"2021-12-30T13:32:38","date_gmt":"2021-12-30T12:32:38","guid":{"rendered":"https:\/\/denda.sabinoarana.eus.dev.merakiko.com\/?page_id=2846"},"modified":"2022-04-19T15:20:29","modified_gmt":"2022-04-19T14:20:29","slug":"condiciones-de-venta","status":"publish","type":"page","link":"https:\/\/denda.museodelnacionalismovasco.eus\/es\/condiciones-de-venta\/","title":{"rendered":"Condiciones de venta"},"content":{"rendered":"<h1>Condiciones de venta<\/h1>\n<p>Las presentes Condiciones de Venta se aplican a la venta de productos por parte de la Fundaci\u00f3n Sabino Arana<\/p>\n<p><strong>Te rogamos que leas detenidamente las presentes condiciones antes de cursar tu pedido. Al cursar tu pedido aceptas quedar vinculado por las presentes condiciones.<\/strong><\/p>\n<p>&nbsp;<\/p>\n<h2>1. Factura digital<\/h2>\n<p>Aceptas recibir facturas de tus compras electr\u00f3nicamente. Las facturas electr\u00f3nicas ser\u00e1n facilitadas en formato PDF. Asimismo, puedes obtener una copia de tu factura en papel contact\u00e1ndonos gratuitamente por el e-mail, chat o tel\u00e9fono indicados en nuestra web.<\/p>\n<p>&nbsp;<\/p>\n<h2>2. Derecho de desistimiento de 14 d\u00edas, excepciones al derecho de desistimiento y garant\u00eda legal de conformidad<\/h2>\n<h3>DERECHO LEGAL<\/h3>\n<p>A menos que aplique alguna de las excepciones que se describen a continuaci\u00f3n, podr\u00e1s desistir de tu pedido sin motivo alguno dentro de los 14 d\u00edas naturales desde la contrataci\u00f3n.<\/p>\n<p>A estos efectos, debes informarnos de tu decisi\u00f3n de desistir de tu pedido en nuestro correo electr\u00f3nico lopd@sabinoarana.eus.<\/p>\n<h3>EFECTOS DEL DESISTIMIENTO<\/h3>\n<p>SAF te reembolsar\u00e1 el precio del producto, no m\u00e1s tarde de los 14 d\u00edas siguientes al d\u00eda en que recibamos la devoluci\u00f3n antes indicada. SAF utilizar\u00e1 los mismos medios de pago que hubieras empleado para la transacci\u00f3n inicial, a menos que expresamente se acuerde otro medio. En cualquier caso, no soportar\u00e1s ninguna tasa que pudiera derivarse de dicho reembolso.<\/p>\n<h3>EXCEPCIONES AL DERECHO DE DESISTIMIENTO<\/h3>\n<p>El derecho de desistimiento no aplica a la entrega de un servicio, si SAF ya lo hubiera prestado en su totalidad y, al solicitar dicho servicio, hubieras aceptado el inicio de la prestaci\u00f3n del servicio y la imposibilidad de desistir del mismo una vez iniciada la prestaci\u00f3n.<\/p>\n<p>&nbsp;<\/p>\n<h2>3. Entrega de pedidos<\/h2>\n<p>El cliente se compromete a facilitar una direcci\u00f3n en la que el pedido pueda ser entregado dentro del horario habitual. En caso de no cumplirse esta condici\u00f3n, SAF no tendr\u00e1 ninguna responsabilidad sobre el retraso o la imposibilidad de entrega del pedido solicitado.<\/p>\n<p><strong>Plazos de entrega en domicilio:<\/strong><\/p>\n<p>Los plazos habituales de entrega, desde que el pedido sale de nuestro almac\u00e9n, son los siguientes:<\/p>\n<ul>\n<li>Env\u00edos a Pen\u00ednsula y Baleares &#8211; 4 a 5 d\u00edas laborables.<\/li>\n<li>Env\u00edos a Canarias &#8211; 5 a 7 d\u00edas laborables.<\/li>\n<li>Env\u00edos Internacionales &#8211; 8 a 12 d\u00edas laborables.<\/li>\n<\/ul>\n<p>Los plazos de entrega se pueden ver alterados por circunstancias ajenas a la voluntad de SAF, tales como huelgas, incidencias climatol\u00f3gicas, des\u00f3rdenes p\u00fablicos, accidentes de circulaci\u00f3n, etc. SAF no asumir\u00e1 responsabilidad alguna debida a dichos retrasos.<\/p>\n<p>&nbsp;<\/p>\n<h2>4. Disponibilidad de los productos<\/h2>\n<p>Todos los pedidos de productos, est\u00e1n sujetos a la disponibilidad de los mismos. En este sentido, si se producen dificultades en cuanto a su suministro, o si no quedan art\u00edculos en stock, SAF se reserva el derecho de facilitarle informaci\u00f3n acerca de productos sustitutivos de calidad y valor igual o superior, que usted podr\u00e1, libremente, encargar. Si no desea hacer un pedido de estos productos sustitutivos, le reembolsaremos cualquier cantidad que usted hubiera abonado.<\/p>\n<p>SAF se reserva el derecho de retirar cualquier producto de la TIENDA VIRTUAL, en cualquier momento y de quitar o modificar cualquier material o contenido de la misma. Aunque SAF har\u00e1 lo posible para tramitar siempre todos los pedidos, pueden darse circunstancias excepcionales que nos obliguen a rechazar la tramitaci\u00f3n de alg\u00fan pedido despu\u00e9s de haber aceptado el mismo, por lo que nos reservamos el derecho de hacerlo en cualquier momento, a nuestra sola discreci\u00f3n.<\/p>\n<p>SAF no ser\u00e1 responsable frente a usted o frente a cualquier tercero por el hecho de retirar cualquier producto de la TIENDA VIRTUAL, con independencia de si dicho producto ha sido vendido o no, quitar o modificar cualquier material o contenido de la TIENDA o de la P\u00e1gina Web, o por negarnos a tramitar un pedido una vez que le hayamos enviado la aceptaci\u00f3n.<\/p>\n<p>&nbsp;<\/p>\n<h2>5. Precios<\/h2>\n<p>Todos los precios incluyen los impuestos legalmente aplicables (el IVA).<\/p>\n<p>&nbsp;<\/p>\n<h2>6. Formas de pago<\/h2>\n<p>Se admiten los siguientes medios de pago para realizar sus compras: Visa, MasterCard, American Express y PayPal.<\/p>\n<p>&nbsp;<\/p>\n<h2>7. Nuestra garant\u00eda<\/h2>\n<p>Los t\u00e9rminos y condiciones de la garant\u00eda que SAF ofrece sobre sus productos var\u00edan en funci\u00f3n de la persona que realiza la compra: un \u00abconsumidor\u00bb o bien otra persona que \u00abact\u00fae con fines que entran en el marco de su actividad profesional\u00bb, de conformidad con lo dispuesto en la Directiva 1999\/44\/CE del Parlamento Europeo y del Consejo.<\/p>\n<p>Si adquieres el producto en tu condici\u00f3n de \u00abconsumidor\u00bb, tienes derecho a la garant\u00eda de conformidad prevista en la legislaci\u00f3n seg\u00fan la cual el bien entregado ha de ser conforme al contrato, y a la que legalmente viene obligado el vendedor (Garant\u00eda Legal).<\/p>\n<p>SAF no ser\u00e1 responsable del cumplimiento de las obligaciones previstas en la Garant\u00eda Comercial ofrecida por terceros.<\/p>\n<p>&nbsp;<\/p>\n<h2>8. Ley aplicable<\/h2>\n<p>Las presentes condiciones se regir\u00e1n e interpretar\u00e1n de conformidad con las leyes del Reino de Espa\u00f1a. Ambas partes acordamos someternos a la jurisdicci\u00f3n de los tribunales de Bilbao, lo que significa que podr\u00e1s reclamar tus derechos como consumidor en relaci\u00f3n con las presentes Condiciones de Venta tanto en Espa\u00f1a como en tu Estado Miembro de residencia de la Uni\u00f3n Europea. Si eres un consumidor y tienes tu residencia habitual en la Uni\u00f3n Europea, tambi\u00e9n contar\u00e1s con la protecci\u00f3n que pueda ofrecerte cualquier disposici\u00f3n imperativa de la legislaci\u00f3n de tu pa\u00eds de residencia.<\/p>\n<p>&nbsp;<\/p>\n<h2>9. Normativa internacional<\/h2>\n<p>Los gastos que se deriven de los aranceles y aduanas en los pa\u00edses no pertenecientes a la Uni\u00f3n Europea no est\u00e1n incluidos en el precio del producto.<\/p>\n<p>La normativa internacional de env\u00edos de paqueter\u00eda obliga por ley al remitente a adjuntar una factura oficial por triplicado como documentaci\u00f3n de acompa\u00f1amiento a la expedici\u00f3n sin la cual no se admite ning\u00fan env\u00edo a tr\u00e1mite. Las autoridades aduaneras del pa\u00eds de destino calcular\u00e1n a la llegada de la mercanc\u00eda, y a partir de esta documentaci\u00f3n, las tasas legales que deber\u00e1n aplicarse. El cliente deber\u00e1 abonar el importe correspondiente exigido previo requerimiento de dichas autoridades.<\/p>\n<p>&nbsp;<\/p>\n<h2>10. Modificaci\u00f3n de las condiciones de venta<\/h2>\n<p>Nos reservamos el derecho a realizar cambios a nuestro sitio web, a nuestras pol\u00edticas y a nuestros t\u00e9rminos y condiciones, incluyendo a las presentes Condiciones de Venta, en cualquier momento. Quedar\u00e1s sujeto a los t\u00e9rminos y condiciones, pol\u00edticas y Condiciones de Venta en vigor en el momento en que realices tu pedido, a menos que, por ley o por requerimiento de las autoridades p\u00fablicas, se deba efectuar un cambio a dichos t\u00e9rminos y condiciones, pol\u00edticas o a las presentes Condiciones de Venta (en cuyo caso, tales cambios podr\u00edan resultar aplicables a cualesquiera pedidos que hubieras realizado anteriormente). Si alguna de las presentes condiciones fuera declarada inv\u00e1lida, nula o por cualquier causa ineficaz, dicha condici\u00f3n se entender\u00e1 excluida sin que dicha declaraci\u00f3n pueda afectar a la validez ni a la exigibilidad del resto de condiciones.<\/p>\n<p>&nbsp;<\/p>\n<h2>11. Renuncia<\/h2>\n<p>En caso de incumplimiento por tu parte de las presentes Condiciones de Venta, y a\u00fan cuando SAF pudiera no ejercitar cualesquiera derechos a su alcance en dicho momento, SAF podr\u00e1 hacer uso de tales derechos y acciones en cualquier otra ocasi\u00f3n en la que pudieras incumplir las presentes Condiciones de Venta.<\/p>\n<p>&nbsp;<\/p>\n<h2>12. Menores de edad<\/h2>\n<p>No vendemos productos a menores de edad seg\u00fan el Derecho civil espa\u00f1ol.<\/p>\n<p>&nbsp;<\/p>\n<h2>13. Nuestros datos<\/h2>\n<p>Sabino Arana Fundazioa (SAF)<br \/>\nG48275077<br \/>\nC\\ Mandobide 6 \u2013 3\u00ba<br \/>\n48007 Bilbao (Bizkaia)<br \/>\nContacto protecci\u00f3n de datos: lopd@sabinoarana.eus<\/p>\n<p>&nbsp;<\/p>\n<p>&nbsp;<\/p>\n","protected":false},"excerpt":{"rendered":"<p>Condiciones de venta Las presentes Condiciones de Venta se aplican [&hellip;]<\/p>\n","protected":false},"author":1,"featured_media":0,"parent":0,"menu_order":0,"comment_status":"closed","ping_status":"closed","template":"","meta":{"footnotes":""},"class_list":["post-2846","page","type-page","status-publish","hentry"],"yoast_head":"<!-- This site is optimized with the Yoast SEO plugin v24.7 - https:\/\/yoast.com\/wordpress\/plugins\/seo\/ -->\n<title>Condiciones de venta - Museo del Nacionalismo Vasco - Tienda<\/title>\n<meta name=\"robots\" content=\"index, follow, max-snippet:-1, max-image-preview:large, max-video-preview:-1\" \/>\n<link rel=\"canonical\" href=\"https:\/\/denda.museodelnacionalismovasco.eus\/es\/condiciones-de-venta\/\" \/>\n<meta property=\"og:locale\" content=\"es_ES\" \/>\n<meta property=\"og:type\" content=\"article\" \/>\n<meta property=\"og:title\" content=\"Condiciones de venta - Museo del Nacionalismo Vasco - Tienda\" \/>\n<meta property=\"og:description\" content=\"Condiciones de venta Las presentes Condiciones de Venta se aplican [&hellip;]\" \/>\n<meta property=\"og:url\" content=\"https:\/\/denda.museodelnacionalismovasco.eus\/es\/condiciones-de-venta\/\" \/>\n<meta property=\"og:site_name\" content=\"Museo del Nacionalismo Vasco - Tienda\" \/>\n<meta property=\"article:modified_time\" content=\"2022-04-19T14:20:29+00:00\" \/>\n<meta name=\"twitter:card\" content=\"summary_large_image\" \/>\n<meta name=\"twitter:label1\" content=\"Tiempo de lectura\" \/>\n\t<meta name=\"twitter:data1\" content=\"7 minutos\" \/>\n<script type=\"application\/ld+json\" class=\"yoast-schema-graph\">{\"@context\":\"https:\/\/schema.org\",\"@graph\":[{\"@type\":\"WebPage\",\"@id\":\"https:\/\/denda.museodelnacionalismovasco.eus\/es\/condiciones-de-venta\/\",\"url\":\"https:\/\/denda.museodelnacionalismovasco.eus\/es\/condiciones-de-venta\/\",\"name\":\"Condiciones de venta - Museo del Nacionalismo Vasco - Tienda\",\"isPartOf\":{\"@id\":\"https:\/\/denda.museodelnacionalismovasco.eus\/es\/#website\"},\"datePublished\":\"2021-12-30T12:32:38+00:00\",\"dateModified\":\"2022-04-19T14:20:29+00:00\",\"breadcrumb\":{\"@id\":\"https:\/\/denda.museodelnacionalismovasco.eus\/es\/condiciones-de-venta\/#breadcrumb\"},\"inLanguage\":\"es\",\"potentialAction\":[{\"@type\":\"ReadAction\",\"target\":[\"https:\/\/denda.museodelnacionalismovasco.eus\/es\/condiciones-de-venta\/\"]}]},{\"@type\":\"BreadcrumbList\",\"@id\":\"https:\/\/denda.museodelnacionalismovasco.eus\/es\/condiciones-de-venta\/#breadcrumb\",\"itemListElement\":[{\"@type\":\"ListItem\",\"position\":1,\"name\":\"Portada\",\"item\":\"https:\/\/denda.museodelnacionalismovasco.eus\/es\/\"},{\"@type\":\"ListItem\",\"position\":2,\"name\":\"Condiciones de venta\"}]},{\"@type\":\"WebSite\",\"@id\":\"https:\/\/denda.museodelnacionalismovasco.eus\/es\/#website\",\"url\":\"https:\/\/denda.museodelnacionalismovasco.eus\/es\/\",\"name\":\"Museo del Nacionalismo Vasco - Tienda\",\"description\":\"\",\"potentialAction\":[{\"@type\":\"SearchAction\",\"target\":{\"@type\":\"EntryPoint\",\"urlTemplate\":\"https:\/\/denda.museodelnacionalismovasco.eus\/es\/?s={search_term_string}\"},\"query-input\":{\"@type\":\"PropertyValueSpecification\",\"valueRequired\":true,\"valueName\":\"search_term_string\"}}],\"inLanguage\":\"es\"}]}<\/script>\n<!-- \/ Yoast SEO plugin. -->","yoast_head_json":{"title":"Condiciones de venta - Museo del Nacionalismo Vasco - Tienda","robots":{"index":"index","follow":"follow","max-snippet":"max-snippet:-1","max-image-preview":"max-image-preview:large","max-video-preview":"max-video-preview:-1"},"canonical":"https:\/\/denda.museodelnacionalismovasco.eus\/es\/condiciones-de-venta\/","og_locale":"es_ES","og_type":"article","og_title":"Condiciones de venta - Museo del Nacionalismo Vasco - Tienda","og_description":"Condiciones de venta Las presentes Condiciones de Venta se aplican [&hellip;]","og_url":"https:\/\/denda.museodelnacionalismovasco.eus\/es\/condiciones-de-venta\/","og_site_name":"Museo del Nacionalismo Vasco - Tienda","article_modified_time":"2022-04-19T14:20:29+00:00","twitter_card":"summary_large_image","twitter_misc":{"Tiempo de lectura":"7 minutos"},"schema":{"@context":"https:\/\/schema.org","@graph":[{"@type":"WebPage","@id":"https:\/\/denda.museodelnacionalismovasco.eus\/es\/condiciones-de-venta\/","url":"https:\/\/denda.museodelnacionalismovasco.eus\/es\/condiciones-de-venta\/","name":"Condiciones de venta - Museo del Nacionalismo Vasco - Tienda","isPartOf":{"@id":"https:\/\/denda.museodelnacionalismovasco.eus\/es\/#website"},"datePublished":"2021-12-30T12:32:38+00:00","dateModified":"2022-04-19T14:20:29+00:00","breadcrumb":{"@id":"https:\/\/denda.museodelnacionalismovasco.eus\/es\/condiciones-de-venta\/#breadcrumb"},"inLanguage":"es","potentialAction":[{"@type":"ReadAction","target":["https:\/\/denda.museodelnacionalismovasco.eus\/es\/condiciones-de-venta\/"]}]},{"@type":"BreadcrumbList","@id":"https:\/\/denda.museodelnacionalismovasco.eus\/es\/condiciones-de-venta\/#breadcrumb","itemListElement":[{"@type":"ListItem","position":1,"name":"Portada","item":"https:\/\/denda.museodelnacionalismovasco.eus\/es\/"},{"@type":"ListItem","position":2,"name":"Condiciones de venta"}]},{"@type":"WebSite","@id":"https:\/\/denda.museodelnacionalismovasco.eus\/es\/#website","url":"https:\/\/denda.museodelnacionalismovasco.eus\/es\/","name":"Museo del Nacionalismo Vasco - Tienda","description":"","potentialAction":[{"@type":"SearchAction","target":{"@type":"EntryPoint","urlTemplate":"https:\/\/denda.museodelnacionalismovasco.eus\/es\/?s={search_term_string}"},"query-input":{"@type":"PropertyValueSpecification","valueRequired":true,"valueName":"search_term_string"}}],"inLanguage":"es"}]}},"_links":{"self":[{"href":"https:\/\/denda.museodelnacionalismovasco.eus\/es\/wp-json\/wp\/v2\/pages\/2846","targetHints":{"allow":["GET"]}}],"collection":[{"href":"https:\/\/denda.museodelnacionalismovasco.eus\/es\/wp-json\/wp\/v2\/pages"}],"about":[{"href":"https:\/\/denda.museodelnacionalismovasco.eus\/es\/wp-json\/wp\/v2\/types\/page"}],"author":[{"embeddable":true,"href":"https:\/\/denda.museodelnacionalismovasco.eus\/es\/wp-json\/wp\/v2\/users\/1"}],"replies":[{"embeddable":true,"href":"https:\/\/denda.museodelnacionalismovasco.eus\/es\/wp-json\/wp\/v2\/comments?post=2846"}],"version-history":[{"count":8,"href":"https:\/\/denda.museodelnacionalismovasco.eus\/es\/wp-json\/wp\/v2\/pages\/2846\/revisions"}],"predecessor-version":[{"id":3566,"href":"https:\/\/denda.museodelnacionalismovasco.eus\/es\/wp-json\/wp\/v2\/pages\/2846\/revisions\/3566"}],"wp:attachment":[{"href":"https:\/\/denda.museodelnacionalismovasco.eus\/es\/wp-json\/wp\/v2\/media?parent=2846"}],"curies":[{"name":"wp","href":"https:\/\/api.w.org\/{rel}","templated":true}]}}